{"id":121,"date":"2024-10-11T10:37:29","date_gmt":"2024-10-11T10:37:29","guid":{"rendered":"https:\/\/www.sippoin.fi\/?page_id=121"},"modified":"2024-10-14T13:57:26","modified_gmt":"2024-10-14T13:57:26","slug":"kehoaly-body-intelligence-metodi","status":"publish","type":"page","link":"https:\/\/www.sippoin.fi\/index.php\/kehoaly-body-intelligence-metodi\/","title":{"rendered":"Keho\u00e4ly\u00ae Body Intelligence\u00ae Spanish"},"content":{"rendered":"\n<div style=\"height:55px\" aria-hidden=\"true\" class=\"wp-block-spacer\"><\/div>\n\n\n\n<h2 class=\"wp-block-heading alignwide has-text-align-center\" style=\"font-size:clamp(38.682px, 2.418rem + ((1vw - 3.2px) * 3.471), 72px);\"><strong>Keho\u00e4ly\u00ae Body Intelligence\u00ae<\/strong> <strong>metodi<\/strong><\/h2>\n\n\n\n<div class=\"wp-block-group alignwide has-global-padding is-layout-constrained wp-container-core-group-is-layout-bea02a06 wp-block-group-is-layout-constrained\">\n<div style=\"height:45px\" aria-hidden=\"true\" id=\"Intro\" class=\"wp-block-spacer\"><\/div>\n\n\n\n<h2 class=\"wp-block-heading has-text-align-left has-body-font-family\" style=\"font-size:clamp(16.834px, 1.052rem + ((1vw - 3.2px) * 0.955), 26px);\">Bienvenido a la biblioteca educativa del m\u00e9todo Keho\u00e4ly\u00ae Body Intelligence\u00ae. A continuaci\u00f3n, encontrar\u00e1s videos de conferencias de Keho\u00e4ly\u00ae Body Intelligence\u00ae as\u00ed como videos instructivos pr\u00e1cticos.<\/h2>\n\n\n\n<p><em><strong>Here you can find information about Body Intelligence\u00ae in several languages, including English, French, Spanish, German, Portuguese, Italian, Danish, Dutch, Flemish, Swedish, and Finnish. You can select your preferred language from the menu in the top right corner.<\/strong><\/em><\/p>\n\n\n\n<div class=\"wp-block-group alignwide has-global-padding is-layout-constrained wp-block-group-is-layout-constrained\">\n<figure class=\"wp-block-image aligncenter size-large is-resized\"><img decoding=\"async\" src=\"https:\/\/sippoinfi.wordpress.com\/wp-content\/uploads\/2024\/09\/kehoaly-icon.png?w=756\" alt=\"\" class=\"wp-image-260\" style=\"width:70px\"\/><\/figure>\n<\/div>\n\n\n\n<p>El m\u00e9todo Keho\u00e4ly\u00ae Body Intelligence\u00ae ha sido creado y desarrollado por el experto en bienestar finland\u00e9s Tapio Sippoin, quien se especializa en el entrenamiento psicof\u00edsico y cuerpo-mente. El m\u00e9todo Keho\u00e4ly\u00ae Body Intelligence\u00ae es un enfoque \u00fanico para el cuidado de la salud que combina pr\u00e1cticas f\u00edsicas y mentales de manera natural y pr\u00e1ctica. Tapio Sippoin combina h\u00e1bilmente el entrenamiento f\u00edsico y mental para crear pr\u00e1cticas armoniosas y efectivas.<\/p>\n\n\n\n<p>El m\u00e9todo Keho\u00e4ly\u00ae Body Intelligence\u00ae enfatiza la conexi\u00f3n entre el cuerpo y la mente, basado en el principio de que el movimiento sirve como una forma de medicina. Esta idea fundamental est\u00e1 en el coraz\u00f3n del m\u00e9todo y gu\u00eda toda la pr\u00e1ctica. Keho\u00e4ly Body Intelligence incorpora ejercicios psicof\u00edsicos suaves dise\u00f1ados para nutrir tanto el cuerpo como la mente, mejorando el bienestar general, aumentando la vitalidad y fomentando una mayor conciencia de uno mismo. A diferencia de los m\u00e9todos de fitness tradicionales que pueden priorizar el esfuerzo f\u00edsico y la tensi\u00f3n, Keho\u00e4ly Body Intelligence se centra en la seguridad y fomenta la escucha del cuerpo. A trav\u00e9s de movimientos suaves pero efectivos, activa las funciones corporales mientras promueve un enfoque comprometido hacia el movimiento.<\/p>\n\n\n\n<p>Una de las pr\u00e1cticas fundamentales dentro de Keho\u00e4ly\u00ae Body Intelligence\u00ae es La Vital Form\u00ae (El\u00e4v\u00f6itt\u00e4v\u00e4 liikesarja en finland\u00e9s), presentada por primera vez por Tapio Sippoin en 1983. Esta forma es considerada el ejercicio m\u00e1s esencial y fundamental dentro del sistema, sirviendo como base para todas las dem\u00e1s pr\u00e1cticas. La Vital Form\u00ae trasciende el mero ejercicio f\u00edsico; involucra activamente tanto el cuerpo como la mente, guiando a los practicantes hacia una conexi\u00f3n m\u00e1s profunda con su vitalidad interna. Esta serie de ejercicios promueve la armon\u00eda entre los estados f\u00edsicos y mentales, y su simplicidad inherente la hace accesible para individuos de todos los niveles de condici\u00f3n f\u00edsica. La naturaleza sencilla de La Vital Form\u00ae asegura que todos, independientemente de su punto de partida, puedan participar y beneficiarse de su pr\u00e1ctica.<\/p>\n\n\n\n<div style=\"height:20px\" aria-hidden=\"true\" class=\"wp-block-spacer\"><\/div>\n\n\n\n<div class=\"wp-block-group has-custom-color-3-background-color has-background has-global-padding is-layout-constrained wp-container-core-group-is-layout-ec001058 wp-block-group-is-layout-constrained\" style=\"border-style:none;border-width:0px;border-radius:30px;margin-top:0;margin-bottom:0;padding-top:var(--wp--preset--spacing--20);padding-right:var(--wp--preset--spacing--20);padding-bottom:var(--wp--preset--spacing--20);padding-left:var(--wp--preset--spacing--20)\">\n<h5 class=\"wp-block-heading\" style=\"font-size:clamp(15.747px, 0.984rem + ((1vw - 3.2px) * 0.86), 24px);\"><strong>Enlaces<\/strong><\/h5>\n\n\n\n<p>Interview on November 11, 2022. Translation. The editor-in-chief of Uutisl\u00e4hde, Unto R\u00f6nkk\u00f6nen and Tapio Sippoin<\/p>\n\n\n\n<p style=\"margin-top:0;margin-bottom:0\"><a href=\"https:\/\/sippoin.blogspot.com\/2024\/09\/interview-on-november-11-2022.html\" target=\"_blank\" rel=\"noreferrer noopener\">https:\/\/sippoin.blogspot.com\/2024\/09\/interview-on-november-11-2022.html<\/a><\/p>\n\n\n\n<div style=\"height:10px\" aria-hidden=\"true\" class=\"wp-block-spacer\"><\/div>\n\n\n\n<p>Why is Keho\u00e4ly\u00ae Body Intelligence\u00ae so abundant, joyful, rich, lush, and life-affirming?<\/p>\n\n\n\n<p style=\"margin-top:0;margin-bottom:0\"><a href=\"https:\/\/sippoin.blogspot.com\/2024\/09\/why-is-kehoaly-body-intelligence-so.html\" target=\"_blank\" rel=\"noreferrer noopener\">https:\/\/sippoin.blogspot.com\/2024\/09\/why-is-kehoaly-body-intelligence-so.html<\/a><\/p>\n<\/div>\n\n\n\n<div style=\"margin-top:0;margin-bottom:0;height:45px\" aria-hidden=\"true\" class=\"wp-block-spacer\"><\/div>\n<\/div>\n\n\n\n<div class=\"wp-block-group alignwide has-global-padding is-layout-constrained wp-container-core-group-is-layout-71747b01 wp-block-group-is-layout-constrained\" style=\"margin-top:0px;margin-bottom:0px\">\n<div style=\"height:25px\" aria-hidden=\"true\" id=\"training-methods\" class=\"wp-block-spacer\"><\/div>\n\n\n\n<h2 class=\"wp-block-heading alignwide\" id=\"Tapio\" style=\"font-size:clamp(21.027px, 1.314rem + ((1vw - 3.2px) * 1.351), 34px);\">Keho\u00e4ly\u00ae Body Intelligence\u00ae: M\u00e9todos de Entrenamiento, Valores y Actitud<\/h2>\n\n\n\n<div style=\"height:20px\" aria-hidden=\"true\" class=\"wp-block-spacer\"><\/div>\n\n\n\n<p>El m\u00e9todo Keho\u00e4ly\u00ae Body Intelligence\u00ae se basa en una serie de principios esenciales que gu\u00edan a los practicantes en la consecuci\u00f3n del equilibrio entre el cuerpo f\u00edsico y la mente. Este enfoque enfatiza m\u00e9todos pr\u00e1cticos y orientados a la acci\u00f3n que pueden aplicarse f\u00e1cilmente a la vida cotidiana, convirti\u00e9ndolo en una pr\u00e1ctica vers\u00e1til y adaptable. Entre las pr\u00e1cticas m\u00e1s importantes y reconocidas dentro del marco de Keho\u00e4ly\u00ae Body Intelligence\u00ae se encuentran el m\u00e9todo Gentle Practice (Lempe\u00e4 harjoittelu en finland\u00e9s), el m\u00e9todo Slow Hustle (Hidas kiiruhtaminen en finland\u00e9s) y el m\u00e9todo Regular Practice (S\u00e4\u00e4nn\u00f6llinen harjoittelu en finland\u00e9s). Estos m\u00e9todos fomentan un enfoque equilibrado y reflexivo del movimiento, ayudando a los practicantes a cultivar una mayor conciencia corporal y mejorar su bienestar general.<\/p>\n\n\n\n<div style=\"height:20px\" aria-hidden=\"true\" class=\"wp-block-spacer\"><\/div>\n\n\n\n<p>Un principio clave en Keho\u00e4ly\u00ae Body Intelligence\u00ae es la idea de que &#8221;la funcionalidad es la medida de la verdad&#8221;, como afirma frecuentemente Tapio Sippoin. Esta creencia refleja la naturaleza pr\u00e1ctica y orientada a resultados del m\u00e9todo, que se centra en movimientos y pr\u00e1cticas que realmente mejoran la salud y la vitalidad. El enfoque de Sippoin anima a los practicantes a concentrarse en lo que funciona para sus necesidades individuales y a permanecer flexibles en su enfoque del autocuidado. Tambi\u00e9n enfatiza que el pasado de una persona no dicta sus oportunidades futuras. Al adoptar una mentalidad de Keho\u00e4ly Body Intelligence, los individuos pueden desbloquear nuevas posibilidades y lograr cambios positivos en sus vidas.<\/p>\n<\/div>\n\n\n\n<div class=\"wp-block-group alignwide is-style-default has-global-padding is-layout-constrained wp-container-core-group-is-layout-dd0e32e1 wp-block-group-is-layout-constrained\" style=\"padding-bottom:var(--wp--preset--spacing--30)\">\n<div style=\"height:45px\" aria-hidden=\"true\" class=\"wp-block-spacer\"><\/div>\n\n\n\n<h2 class=\"wp-block-heading has-text-align-left\" style=\"font-size:clamp(21.027px, 1.314rem + ((1vw - 3.2px) * 1.351), 34px);\">Enfoque Preventivo de Keho\u00e4ly\u00ae Body Intelligence\u00ae<\/h2>\n\n\n\n<p>Keho\u00e4ly\u00ae Body Intelligence\u00ae es un m\u00e9todo de salud preventivo basado en la idea de que el movimiento puede servir como una poderosa forma de medicina. El enfoque enfatiza la conexi\u00f3n natural entre el cuerpo y el bienestar mental, demostrando c\u00f3mo un movimiento seguro y planeado cuidadosamente puede mejorar significativamente la vitalidad y la salud general de un individuo. Tapio Sippoin ha destacado que los movimientos en los ejercicios de Body Intelligence\u00ae siempre se realizan de manera suave y segura, previniendo lesiones y haciendo que el m\u00e9todo sea adecuado para individuos de todas las edades y niveles de condici\u00f3n f\u00edsica.<\/p>\n\n\n\n<p>Con un enfoque en la atenci\u00f3n m\u00e9dica preventiva, Keho\u00e4ly\u00ae Body Intelligence\u00ae alienta a los individuos a cuidar su salud antes de que surjan problemas. Al emplear movimientos suaves y seguros, uno puede mantener la salud a largo plazo sin el riesgo de sobreesfuerzo o lesiones. Esto hace que el m\u00e9todo sea altamente compatible con otros tratamientos que promueven la salud, como las intervenciones m\u00e9dicas convencionales. El m\u00e9todo respalda la recuperaci\u00f3n y ayuda a restaurar la vitalidad y la salud a aquellos que han experimentado enfermedades o desean mantener su bienestar.<\/p>\n<\/div>\n\n\n\n<div class=\"wp-block-group alignwide is-style-default has-global-padding is-layout-constrained wp-container-core-group-is-layout-dd0e32e1 wp-block-group-is-layout-constrained\" style=\"padding-bottom:var(--wp--preset--spacing--30)\">\n<div style=\"height:45px\" aria-hidden=\"true\" id=\"benefits\" class=\"wp-block-spacer\"><\/div>\n\n\n\n<h2 class=\"wp-block-heading has-text-align-left\" style=\"font-size:clamp(21.027px, 1.314rem + ((1vw - 3.2px) * 1.351), 34px);\">Beneficios de la Pr\u00e1ctica Regular<\/h2>\n\n\n\n<p>La pr\u00e1ctica regular y continua est\u00e1 en el coraz\u00f3n del m\u00e9todo Keho\u00e4ly\u00ae Body Intelligence\u00ae. A trav\u00e9s del entrenamiento continuo, los practicantes pueden experimentar mejoras significativas en la salud f\u00edsica, claridad mental y equilibrio emocional. El m\u00e9todo apoya la creatividad, mejora las habilidades para resolver problemas y ayuda a los individuos a comprender las complejidades de la vida. La pr\u00e1ctica regular de Keho\u00e4ly Body Intelligence tambi\u00e9n puede reducir el estr\u00e9s y ayudar a alcanzar la paz interior.<\/p>\n\n\n\n<p>Adem\u00e1s, Keho\u00e4ly\u00ae Body Intelligence\u00ae ayuda a liberar creencias negativas almacenadas en el cuerpo, que pueden manifestarse como tensi\u00f3n f\u00edsica. Estas creencias negativas crean bloqueos emocionales y tensi\u00f3n en el sistema nervioso; sin embargo, la pr\u00e1ctica regular ayuda a remodelar estos patrones neuronales. Como resultado, las creencias positivas y los mecanismos de afrontamiento efectivos se fortalecen, llevando a un sistema nervioso m\u00e1s resiliente y equilibrado. Los ejercicios de Keho\u00e4ly Body Intelligence, como la Nervous System Balancing Form (NSB Form) y la Vital Form\u00ae (El\u00e4v\u00f6itt\u00e4v\u00e4 liikesarja en finland\u00e9s), est\u00e1n dise\u00f1ados espec\u00edficamente para apoyar la funci\u00f3n del sistema nervioso y mejorar el equilibrio entre la mente y el cuerpo.<\/p>\n<\/div>\n\n\n\n<div class=\"wp-block-group alignwide is-style-default has-global-padding is-layout-constrained wp-container-core-group-is-layout-dd0e32e1 wp-block-group-is-layout-constrained\" style=\"padding-bottom:var(--wp--preset--spacing--30)\">\n<div style=\"height:45px\" aria-hidden=\"true\" id=\"tapio\" class=\"wp-block-spacer\"><\/div>\n\n\n\n<h2 class=\"wp-block-heading has-text-align-left\" style=\"font-size:clamp(21.027px, 1.314rem + ((1vw - 3.2px) * 1.351), 34px);\">Tapio Sippoin: Pionero de Keho\u00e4ly\u00ae Body Intelligence\u00ae<\/h2>\n\n\n\n<p>Tapio Sippoin es un destacado experto finland\u00e9s en bienestar y salud, reconocido como el creador visionario y maestro del innovador m\u00e9todo Keho\u00e4ly\u00ae Body Intelligence\u00ae. Con una extensa carrera que abarca m\u00e1s de cuatro d\u00e9cadas, Tapio ha consolidado su estatus como una autoridad l\u00edder en los \u00e1mbitos de la salud, el bienestar y el bienestar laboral. Desde 1983, se ha dedicado a la ense\u00f1anza y al continuo perfeccionamiento de las pr\u00e1cticas de Body Intelligence\u00ae, adaptando la metodolog\u00eda para satisfacer las diversas necesidades de las diferentes personas.<\/p>\n\n\n\n<p>Como pionero en el campo de Body Intelligence\u00ae, Sippoin ha escrito m\u00faltiples obras de no ficci\u00f3n centradas en la salud, el bienestar y la capacidad laboral. Sus publicaciones influyentes, incluyendo El\u00e4v\u00f6itt\u00e4v\u00e4 liikesarja (2008), Keho\u00e4lyn salaisuudet; kehoetiikan ja Keho\u00e4lyn k\u00e4sikirja (2016), y Terveysmeditaation harjoitus- ja tietokirja (2017), profundizan en los principios de Keho\u00e4ly\u00ae Body Intelligence\u00ae, ofreciendo valiosas perspectivas tanto para novatos como para practicantes experimentados.<\/p>\n\n\n\n<p>M\u00e1s all\u00e1 de sus contribuciones a Body Intelligence\u00ae, Tapio Sippoin cuenta con un impresionante trasfondo acad\u00e9mico, poseyendo grados de maestr\u00eda en Administraci\u00f3n de Empresas y Educaci\u00f3n. Su experiencia docente abarca 23 centros de educaci\u00f3n de adultos en Finlandia, donde ha impartido su experiencia sobre una amplia gama de temas relacionados con la salud y el bienestar.<\/p>\n\n\n\n<p>El enfoque innovador de Tapio ha ganado reconocimiento internacional, con las marcas registradas Keho\u00e4ly\u00ae y Body Intelligence\u00ae oficialmente registradas en 2003. Estas marcas representan la dedicaci\u00f3n de Tapio a establecer un camino confiable y estimado hacia una mejor salud y bienestar. A trav\u00e9s de su inigualable experiencia y genuina pasi\u00f3n por promover la vitalidad f\u00edsica y mental, Tapio Sippoin ha surgido como una figura transformadora en la comunidad de bienestar, inspirando a una nueva generaci\u00f3n de practicantes e individuos que buscan una vida equilibrada y plena.<\/p>\n\n\n\n<p>Para consultas, seminarios o m\u00e1s informaci\u00f3n sobre Keho\u00e4ly Body Intelligence, por favor contacta a Tapio Sippoin:<\/p>\n\n\n\n<div class=\"wp-block-group has-global-padding is-layout-constrained wp-block-group-is-layout-constrained\">\n<div class=\"wp-block-group alignwide is-nowrap is-layout-flex wp-container-core-group-is-layout-6c531013 wp-block-group-is-layout-flex\">\n<figure class=\"wp-block-image size-full\"><img decoding=\"async\" src=\"https:\/\/sippoinfi.wordpress.com\/wp-content\/uploads\/2024\/09\/img_20231003_213846-2.png\" alt=\"\" class=\"wp-image-155\"\/><\/figure>\n\n\n\n<div style=\"height:100px;width:0px\" aria-hidden=\"true\" class=\"wp-block-spacer wp-container-content-6388d5dc\"><\/div>\n\n\n\n<div class=\"wp-block-group alignwide has-global-padding is-layout-constrained wp-container-core-group-is-layout-bea02a06 wp-block-group-is-layout-constrained\" style=\"line-height:0.8\">\n<p style=\"padding-top:0;padding-right:0;padding-bottom:0;padding-left:0\"><strong>Tapio<\/strong> <strong>Sippoin<\/strong><\/p>\n\n\n\n<p>Helsinki, Finland<\/p>\n\n\n\n<p style=\"padding-top:0;padding-right:0;padding-bottom:0;padding-left:0\">+358 50 5328 528<\/p>\n\n\n\n<p style=\"padding-top:0;padding-right:0;padding-bottom:0;padding-left:0\">sippoin@proton.me<\/p>\n<\/div>\n<\/div>\n<\/div>\n<\/div>\n\n\n\n<div class=\"wp-block-group alignfull is-style-section-3 has-contrast-background-color has-background has-global-padding is-layout-constrained wp-container-core-group-is-layout-882f0f21 wp-block-group-is-layout-constrained\" style=\"margin-top:0;margin-bottom:0;padding-bottom:var(--wp--preset--spacing--30)\">\n<div class=\"wp-block-group alignwide has-global-padding is-layout-constrained wp-container-core-group-is-layout-bea02a06 wp-block-group-is-layout-constrained\">\n<div style=\"height:50px\" aria-hidden=\"true\" id=\"aloittelijalle\" class=\"wp-block-spacer\"><\/div>\n\n\n\n<h2 class=\"wp-block-heading has-base-2-color has-text-color has-link-color wp-elements-a7224c59ab20275786d586246890c9c0\" style=\"font-size:clamp(21.027px, 1.314rem + ((1vw - 3.2px) * 1.351), 34px);\">Para Principiantes: Aprendiendo Keho\u00e4ly\u00ae Body Intelligence\u00ae<\/h2>\n\n\n\n<p class=\"has-base-2-color has-text-color has-link-color wp-elements-a756d3976f2d15302526fb809fd74226\">Para principiantes, Keho\u00e4ly\u00ae Body Intelligence\u00ae ofrece un camino f\u00e1cil y gratificante hacia una mejor salud y bienestar. Al igual que cualquier habilidad, Keho\u00e4ly Body Intelligence requiere pr\u00e1ctica y paciencia. Se anima a los principiantes a concentrarse inicialmente en los conceptos b\u00e1sicos y movimientos seguros que forman la base del m\u00e9todo. Con el tiempo, los practicantes aprenden a conectar el cuerpo y la mente a un nivel m\u00e1s profundo, y su vitalidad crece.<\/p>\n\n\n\n<p class=\"has-base-2-color has-text-color has-link-color wp-elements-01c3dd16fe4bc22bc1d09344c05c3091\">El proceso de aprendizaje es gradual y natural, lo que lo hace adecuado para individuos de todas las edades y niveles de condici\u00f3n f\u00edsica. Keho\u00e4ly\u00ae Body Intelligence\u00ae anima a los principiantes a avanzar a su propio ritmo, enfatizando la seguridad y la conciencia en los movimientos del cuerpo. A trav\u00e9s de la pr\u00e1ctica continua, incluso los novatos pueden lograr mejoras significativas en su calidad de vida, niveles de energ\u00eda y sentido de prop\u00f3sito.<\/p>\n\n\n\n<div style=\"height:15px\" aria-hidden=\"true\" class=\"wp-block-spacer\"><\/div>\n\n\n\n<div class=\"wp-block-group alignwide has-custom-color-3-background-color has-background has-global-padding is-layout-constrained wp-container-core-group-is-layout-c385debf wp-block-group-is-layout-constrained\" style=\"border-radius:30px;padding-top:var(--wp--preset--spacing--20);padding-right:var(--wp--preset--spacing--20);padding-bottom:var(--wp--preset--spacing--20);padding-left:var(--wp--preset--spacing--20)\">\n<div class=\"wp-block-group alignwide has-global-padding is-layout-constrained wp-container-core-group-is-layout-bea02a06 wp-block-group-is-layout-constrained\">\n<h5 class=\"wp-block-heading has-theme-5-color has-text-color has-link-color wp-elements-081dec3df2f1717939f39bc820ff55da\" style=\"font-size:clamp(15.747px, 0.984rem + ((1vw - 3.2px) * 0.86), 24px);\"><strong>Enlaces<\/strong><\/h5>\n\n\n\n<p class=\"has-theme-5-color has-text-color has-link-color wp-elements-074fb58a44af6e7e06e55deee4563d74\">Pr\u00f3ximamente\u2026<\/p>\n<\/div>\n<\/div>\n<\/div>\n<\/div>\n\n\n\n<div class=\"wp-block-group alignwide has-global-padding is-layout-constrained wp-container-core-group-is-layout-bea02a06 wp-block-group-is-layout-constrained\">\n<div style=\"height:50px\" aria-hidden=\"true\" class=\"wp-block-spacer\"><\/div>\n\n\n\n<div class=\"wp-block-group alignwide has-global-padding is-layout-constrained wp-container-core-group-is-layout-bea02a06 wp-block-group-is-layout-constrained\">\n<h2 class=\"wp-block-heading\" style=\"font-size:clamp(23.043px, 1.44rem + ((1vw - 3.2px) * 1.558), 38px);\">Pr\u00e1ctica Avanzada en Keho\u00e4ly\u00ae Body Intelligence\u00ae<\/h2>\n\n\n\n<p>Una conexi\u00f3n m\u00e1s profunda entre el cuerpo y la mente se revela para los practicantes avanzados que han aprendido los fundamentos del m\u00e9todo Keho\u00e4ly\u00ae Body Intelligence\u00ae. La pr\u00e1ctica avanzada de Keho\u00e4ly Body Intelligence es un viaje de toda la vida. A medida que los practicantes crecen y evolucionan, descubren nuevas formas de aplicar los principios de Keho\u00e4ly Body Intelligence en sus vidas. Ya sea a trav\u00e9s de videos instructivos, escritos completos o talleres dirigidos por Tapio Sippoin, hay una abundancia de material disponible para apoyar el desarrollo de los practicantes avanzados.<\/p>\n\n\n\n<div style=\"height:15px\" aria-hidden=\"true\" class=\"wp-block-spacer\"><\/div>\n<\/div>\n\n\n\n<div class=\"wp-block-group alignwide has-custom-color-3-background-color has-background has-global-padding is-layout-constrained wp-container-core-group-is-layout-ea8e1d93 wp-block-group-is-layout-constrained\" style=\"border-radius:30px;padding-top:var(--wp--preset--spacing--20);padding-right:var(--wp--preset--spacing--20);padding-bottom:var(--wp--preset--spacing--20);padding-left:var(--wp--preset--spacing--20)\">\n<div class=\"wp-block-group alignwide has-global-padding is-layout-constrained wp-container-core-group-is-layout-d0cf5142 wp-block-group-is-layout-constrained\" style=\"margin-top:0;margin-bottom:0\">\n<h5 class=\"wp-block-heading has-theme-5-color has-text-color has-link-color wp-elements-a6ca77f872f604e5fac8483bdf104ba3\" style=\"font-size:clamp(15.747px, 0.984rem + ((1vw - 3.2px) * 0.86), 24px);\"><strong><strong>Enlaces<\/strong><\/strong><\/h5>\n\n\n\n<p class=\"has-theme-5-color has-text-color has-link-color wp-elements-074fb58a44af6e7e06e55deee4563d74\">Pr\u00f3ximamente\u2026<\/p>\n<\/div>\n<\/div>\n\n\n\n<div style=\"height:40px\" aria-hidden=\"true\" id=\"Edistyneempien-harjoittelu\" class=\"wp-block-spacer\"><\/div>\n<\/div>\n","protected":false},"excerpt":{"rendered":"<p>Keho\u00e4ly\u00ae Body Intelligence\u00ae metodi Bienvenido a la biblioteca educativa del m\u00e9todo Keho\u00e4ly\u00ae Body Intelligence\u00ae. A continuaci\u00f3n, encontrar\u00e1s videos de conferencias de Keho\u00e4ly\u00ae Body Intelligence\u00ae as\u00ed como videos instructivos pr\u00e1cticos. Here you can find information about Body Intelligence\u00ae in several languages, including English, French, Spanish, German, Portuguese, Italian, Danish, Dutch, Flemish, Swedish, and Finnish. You can [&hellip;]<\/p>\n","protected":false},"author":1,"featured_media":0,"parent":0,"menu_order":0,"comment_status":"closed","ping_status":"closed","template":"page-no-title","meta":{"footnotes":""},"class_list":["post-121","page","type-page","status-publish","hentry"],"_links":{"self":[{"href":"https:\/\/www.sippoin.fi\/index.php\/wp-json\/wp\/v2\/pages\/121","targetHints":{"allow":["GET"]}}],"collection":[{"href":"https:\/\/www.sippoin.fi\/index.php\/wp-json\/wp\/v2\/pages"}],"about":[{"href":"https:\/\/www.sippoin.fi\/index.php\/wp-json\/wp\/v2\/types\/page"}],"author":[{"embeddable":true,"href":"https:\/\/www.sippoin.fi\/index.php\/wp-json\/wp\/v2\/users\/1"}],"replies":[{"embeddable":true,"href":"https:\/\/www.sippoin.fi\/index.php\/wp-json\/wp\/v2\/comments?post=121"}],"version-history":[{"count":4,"href":"https:\/\/www.sippoin.fi\/index.php\/wp-json\/wp\/v2\/pages\/121\/revisions"}],"predecessor-version":[{"id":183,"href":"https:\/\/www.sippoin.fi\/index.php\/wp-json\/wp\/v2\/pages\/121\/revisions\/183"}],"wp:attachment":[{"href":"https:\/\/www.sippoin.fi\/index.php\/wp-json\/wp\/v2\/media?parent=121"}],"curies":[{"name":"wp","href":"https:\/\/api.w.org\/{rel}","templated":true}]}}