{"id":123,"date":"2024-10-11T10:51:43","date_gmt":"2024-10-11T10:51:43","guid":{"rendered":"https:\/\/www.sippoin.fi\/?page_id=123"},"modified":"2024-10-14T13:58:30","modified_gmt":"2024-10-14T13:58:30","slug":"metodo-kehoaly-body-intelligence","status":"publish","type":"page","link":"https:\/\/www.sippoin.fi\/index.php\/metodo-kehoaly-body-intelligence\/","title":{"rendered":"Keho\u00e4ly\u00ae Body Intelligence\u00ae Italian"},"content":{"rendered":"\n<div style=\"height:55px\" aria-hidden=\"true\" class=\"wp-block-spacer\"><\/div>\n\n\n\n<h2 class=\"wp-block-heading alignwide has-text-align-center\" style=\"font-size:clamp(38.682px, 2.418rem + ((1vw - 3.2px) * 3.471), 72px);\"><strong>Metodo Keho\u00e4ly\u00ae Body Intelligence\u00ae<\/strong><\/h2>\n\n\n\n<div class=\"wp-block-group alignwide has-global-padding is-layout-constrained wp-container-core-group-is-layout-bea02a06 wp-block-group-is-layout-constrained\">\n<div style=\"height:45px\" aria-hidden=\"true\" id=\"Intro\" class=\"wp-block-spacer\"><\/div>\n\n\n\n<h2 class=\"wp-block-heading has-text-align-left has-body-font-family\" style=\"font-size:clamp(16.834px, 1.052rem + ((1vw - 3.2px) * 0.955), 26px);\">Benvenuti nella biblioteca educativa del metodo Keho\u00e4ly\u00ae Body Intelligence\u00ae. Qui troverete video di conferenze e video pratici di istruzioni del metodo Keho\u00e4ly\u00ae Body Intelligence\u00ae.<\/h2>\n\n\n\n<p><em><strong>Here you can find information about Body Intelligence\u00ae in several languages, including English, French, Spanish, German, Portuguese, Italian, Danish, Dutch, Flemish, Swedish, and Finnish. You can select your preferred language from the menu in the top right corner.<\/strong><\/em><\/p>\n\n\n\n<div class=\"wp-block-group alignwide has-global-padding is-layout-constrained wp-block-group-is-layout-constrained\">\n<figure class=\"wp-block-image aligncenter size-large is-resized\"><img decoding=\"async\" src=\"https:\/\/sippoinfi.wordpress.com\/wp-content\/uploads\/2024\/09\/kehoaly-icon.png?w=756\" alt=\"\" class=\"wp-image-260\" style=\"width:70px\"\/><\/figure>\n<\/div>\n\n\n\n<p>Il metodo Keho\u00e4ly\u00ae Body Intelligence\u00ae \u00e8 stato creato e sviluppato dall&#8217;esperto finlandese di benessere Tapio Sippoin, specializzato in allenamento corpo-mente e psicofisico. Il metodo Keho\u00e4ly\u00ae Body Intelligence\u00ae rappresenta un approccio unico alla salute che combina pratiche fisiche e mentali in modo naturale e pratico. Tapio Sippoin fonde abilmente allenamento fisico e mentale per creare pratiche armoniose ed efficaci.<\/p>\n\n\n\n<p>Il metodo Keho\u00e4ly\u00ae Body Intelligence\u00ae sottolinea la connessione tra corpo e mente, basandosi sul principio che il movimento funge da forma di medicina. Questa idea fondamentale \u00e8 al centro del metodo e guida l&#8217;intera pratica. Keho\u00e4ly\u00ae Body Intelligence\u00ae incorpora esercizi psicofisici delicati progettati per nutrire sia il corpo che la mente, migliorando il benessere generale, aumentando la vitalit\u00e0 e promuovendo un senso pi\u00f9 profondo di consapevolezza di s\u00e9. A differenza dei metodi di fitness tradizionali che possono dare la priorit\u00e0 allo sforzo fisico e alla fatica, Keho\u00e4ly Body Intelligence si concentra sulla sicurezza e incoraggia l&#8217;ascolto del corpo. Attraverso movimenti delicati ma efficaci, attiva le funzioni corporee promuovendo un approccio coinvolto al movimento.<\/p>\n\n\n\n<p>Una delle pratiche fondamentali all&#8217;interno di Keho\u00e4ly\u00ae Body Intelligence \u00e8 La Vital Form\u00ae (El\u00e4v\u00f6itt\u00e4v\u00e4 liikesarja in finlandese), presentata per la prima volta da Tapio Sippoin nel 1983. Questa forma \u00e8 considerata l&#8217;esercizio pi\u00f9 essenziale e fondamentale del sistema, fungendo da base per tutte le altre pratiche. La Vital Form\u00ae trascende il mero esercizio fisico; coinvolge attivamente sia il corpo che la mente, guidando i praticanti verso una connessione pi\u00f9 profonda con la loro vitalit\u00e0 interiore. Questa serie di esercizi promuove l&#8217;armonia tra stati fisici e mentali, e la sua semplicit\u00e0 intrinseca la rende accessibile a persone di tutti i livelli di fitness. La natura diretta della Vital Form\u00ae assicura che tutti, indipendentemente dal loro punto di partenza, possano partecipare e trarre beneficio dalla sua pratica.<\/p>\n\n\n\n<div style=\"height:20px\" aria-hidden=\"true\" class=\"wp-block-spacer\"><\/div>\n\n\n\n<div class=\"wp-block-group has-custom-color-3-background-color has-background has-global-padding is-layout-constrained wp-container-core-group-is-layout-ec001058 wp-block-group-is-layout-constrained\" style=\"border-style:none;border-width:0px;border-radius:30px;margin-top:0;margin-bottom:0;padding-top:var(--wp--preset--spacing--20);padding-right:var(--wp--preset--spacing--20);padding-bottom:var(--wp--preset--spacing--20);padding-left:var(--wp--preset--spacing--20)\">\n<h5 class=\"wp-block-heading\" style=\"font-size:clamp(15.747px, 0.984rem + ((1vw - 3.2px) * 0.86), 24px);\"><strong>I link<\/strong><\/h5>\n\n\n\n<p>Interview on November 11, 2022. Translation. The editor-in-chief of Uutisl\u00e4hde, Unto R\u00f6nkk\u00f6nen and Tapio Sippoin<\/p>\n\n\n\n<p style=\"margin-top:0;margin-bottom:0\"><a href=\"https:\/\/sippoin.blogspot.com\/2024\/09\/interview-on-november-11-2022.html\" target=\"_blank\" rel=\"noreferrer noopener\">https:\/\/sippoin.blogspot.com\/2024\/09\/interview-on-november-11-2022.html<\/a><\/p>\n\n\n\n<div style=\"height:10px\" aria-hidden=\"true\" class=\"wp-block-spacer\"><\/div>\n\n\n\n<p>Why is Keho\u00e4ly\u00ae Body Intelligence\u00ae so abundant, joyful, rich, lush, and life-affirming?<\/p>\n\n\n\n<p style=\"margin-top:0;margin-bottom:0\"><a href=\"https:\/\/sippoin.blogspot.com\/2024\/09\/why-is-kehoaly-body-intelligence-so.html\" target=\"_blank\" rel=\"noreferrer noopener\">https:\/\/sippoin.blogspot.com\/2024\/09\/why-is-kehoaly-body-intelligence-so.html<\/a><\/p>\n<\/div>\n\n\n\n<div style=\"margin-top:0;margin-bottom:0;height:45px\" aria-hidden=\"true\" class=\"wp-block-spacer\"><\/div>\n<\/div>\n\n\n\n<div class=\"wp-block-group alignwide has-global-padding is-layout-constrained wp-container-core-group-is-layout-71747b01 wp-block-group-is-layout-constrained\" style=\"margin-top:0px;margin-bottom:0px\">\n<div style=\"height:25px\" aria-hidden=\"true\" id=\"training-methods\" class=\"wp-block-spacer\"><\/div>\n\n\n\n<h2 class=\"wp-block-heading alignwide\" id=\"Tapio\" style=\"font-size:clamp(21.027px, 1.314rem + ((1vw - 3.2px) * 1.351), 34px);\">Keho\u00e4ly\u00ae Body Intelligence\u00ae: Metodi di Allenamento, Valori e Atteggiamento<\/h2>\n\n\n\n<div style=\"height:20px\" aria-hidden=\"true\" class=\"wp-block-spacer\"><\/div>\n\n\n\n<p>Il metodo Keho\u00e4ly\u00ae Body Intelligence\u00ae si basa su un fondamento di principi essenziali che guidano i praticanti nel raggiungere un equilibrio tra il corpo fisico e la mente. Questo approccio enfatizza metodi pratici e orientati all&#8217;azione che possono essere facilmente applicati alla vita quotidiana, rendendolo una pratica versatile e adattabile. Tra le pratiche pi\u00f9 importanti e rinomate all&#8217;interno del framework del Keho\u00e4ly\u00ae Body Intelligence\u00ae ci sono il metodo Gentle Practice (Lempe\u00e4 harjoittelu in finlandese), il metodo Slow Hustle (Hidas kiiruhtaminen in finlandese) e il metodo Regular Practice (S\u00e4\u00e4nn\u00f6llinen harjoittelu in finlandese). Questi metodi incoraggiano un approccio equilibrato e riflessivo al movimento, aiutando i praticanti a coltivare un senso pi\u00f9 profondo di consapevolezza corporea e migliorando il loro benessere complessivo.<\/p>\n\n\n\n<div style=\"height:20px\" aria-hidden=\"true\" class=\"wp-block-spacer\"><\/div>\n\n\n\n<p>Un principio chiave nella Keho\u00e4ly\u00ae Body Intelligence\u00ae \u00e8 l&#8217;idea che &#8221;la funzionalit\u00e0 \u00e8 la misura della verit\u00e0&#8221;, come spesso affermato da Tapio Sippoin. Questa convinzione riflette la natura pratica e orientata ai risultati del metodo, che si concentra su movimenti e pratiche che migliorano realmente la salute e la vitalit\u00e0. L&#8217;approccio di Sippoin incoraggia i praticanti a concentrarsi su ci\u00f2 che funziona per le loro esigenze individuali e a rimanere flessibili nel loro approccio alla cura di s\u00e9. Egli sottolinea inoltre che il passato di una persona non determina le sue future opportunit\u00e0. Adoptando una mentalit\u00e0 Keho\u00e4ly Body Intelligence, gli individui possono sbloccare nuove possibilit\u00e0 e ottenere cambiamenti positivi nelle loro vite.<\/p>\n<\/div>\n\n\n\n<div class=\"wp-block-group alignwide is-style-default has-global-padding is-layout-constrained wp-container-core-group-is-layout-dd0e32e1 wp-block-group-is-layout-constrained\" style=\"padding-bottom:var(--wp--preset--spacing--30)\">\n<div style=\"height:45px\" aria-hidden=\"true\" class=\"wp-block-spacer\"><\/div>\n\n\n\n<h2 class=\"wp-block-heading has-text-align-left\" style=\"font-size:clamp(21.027px, 1.314rem + ((1vw - 3.2px) * 1.351), 34px);\">Approccio Preventivo di Keho\u00e4ly\u00ae Body Intelligence\u00ae<\/h2>\n\n\n\n<p>Keho\u00e4ly\u00ae Body Intelligence\u00ae \u00e8 un metodo di salute preventiva basato sull&#8217;idea che il movimento possa servire come una potente forma di medicina. L&#8217;approccio enfatizza la connessione naturale tra il corpo e il benessere mentale, dimostrando come un movimento pianificato e sicuro possa migliorare significativamente la vitalit\u00e0 e la salute generale di un individuo. Tapio Sippoin ha sottolineato che i movimenti negli esercizi di Body Intelligence\u00ae vengono sempre eseguiti in modo delicato e sicuro, prevenendo infortuni e rendendo il metodo adatto a persone di tutte le et\u00e0 e livelli di fitness.<\/p>\n\n\n\n<p>Concentrandosi sulla salute preventiva, Keho\u00e4ly\u00ae Body Intelligence\u00ae incoraggia le persone a prendersi cura della propria salute prima che sorgano problemi. Adottando movimenti delicati e sicuri, si pu\u00f2 mantenere la salute a lungo termine senza rischiare di sovraccarico o infortuni. Questo rende il metodo altamente compatibile con altri trattamenti che promuovono la salute, come le interventi mediche convenzionali. Il metodo supporta la guarigione e aiuta a ripristinare vitalit\u00e0 e salute a individui che hanno vissuto malattie o desiderano mantenere il loro benessere.<\/p>\n<\/div>\n\n\n\n<div class=\"wp-block-group alignwide is-style-default has-global-padding is-layout-constrained wp-container-core-group-is-layout-dd0e32e1 wp-block-group-is-layout-constrained\" style=\"padding-bottom:var(--wp--preset--spacing--30)\">\n<div style=\"height:45px\" aria-hidden=\"true\" id=\"benefits\" class=\"wp-block-spacer\"><\/div>\n\n\n\n<h2 class=\"wp-block-heading has-text-align-left\" style=\"font-size:clamp(21.027px, 1.314rem + ((1vw - 3.2px) * 1.351), 34px);\">Benefici della Pratica Regolare<\/h2>\n\n\n\n<p>La pratica regolare e continua \u00e8 al centro del metodo Keho\u00e4ly\u00ae Body Intelligence\u00ae. Attraverso l&#8217;allenamento continuo, i praticanti possono sperimentare significativi miglioramenti nella salute fisica, nella chiarezza mentale e nell&#8217;equilibrio emotivo. Il metodo supporta la creativit\u00e0, migliora le capacit\u00e0 di risoluzione dei problemi e aiuta gli individui a comprendere le complessit\u00e0 della vita. La pratica regolare della Keho\u00e4ly Body Intelligence pu\u00f2 anche ridurre lo stress e contribuire a raggiungere la pace interiore.<\/p>\n\n\n\n<p>Inoltre, Keho\u00e4ly\u00ae Body Intelligence\u00ae aiuta a rilasciare credenze negative conservate nel corpo, che possono manifestarsi come tensioni fisiche. Queste credenze negative creano blocchi emotivi e tensioni nel sistema nervoso; tuttavia, la pratica regolare aiuta a rimodellare questi schemi neurali. Di conseguenza, le credenze positive e le efficaci meccanismi di coping vengono rafforzati, portando a un sistema nervoso pi\u00f9 resiliente ed equilibrato. Gli esercizi di Keho\u00e4ly\u00ae Body Intelligence\u00ae, come la Nervous System Balancing Form (NSB Form) e la Vital Form\u00ae (El\u00e4v\u00f6itt\u00e4v\u00e4 liikesarja in finlandese), sono progettati specificamente per supportare la funzione del sistema nervoso e migliorare l&#8217;equilibrio tra mente e corpo.<\/p>\n<\/div>\n\n\n\n<div class=\"wp-block-group alignwide is-style-default has-global-padding is-layout-constrained wp-container-core-group-is-layout-dd0e32e1 wp-block-group-is-layout-constrained\" style=\"padding-bottom:var(--wp--preset--spacing--30)\">\n<div style=\"height:45px\" aria-hidden=\"true\" id=\"tapio\" class=\"wp-block-spacer\"><\/div>\n\n\n\n<h2 class=\"wp-block-heading has-text-align-left\" style=\"font-size:clamp(21.027px, 1.314rem + ((1vw - 3.2px) * 1.351), 34px);\">Tapio Sippoin: Pioniere di Keho\u00e4ly\u00ae Body Intelligence\u00ae<\/h2>\n\n\n\n<p>Tapio Sippoin \u00e8 un esperto di benessere e salute finlandese di spicco, celebrato come il creatore visionario e maestro del metodo innovativo Keho\u00e4ly\u00ae Body Intelligence\u00ae. Con un&#8217;estesa carriera che si estende per oltre quattro decenni, Tapio ha consolidato il suo status come autorit\u00e0 leader negli ambiti della salute, del benessere e del benessere sul luogo di lavoro. Dal 1983, si dedica all&#8217;insegnamento e al continuo perfezionamento delle pratiche di Body Intelligence\u00ae, adattando la metodologia per soddisfare le diverse esigenze dei vari individui.<\/p>\n\n\n\n<p>In qualit\u00e0 di apripista nel campo di Body Intelligence\u00ae, Sippoin ha scritto numerosi lavori di saggistica focalizzati su salute, benessere e capacit\u00e0 lavorativa. Le sue pubblicazioni influenti, tra cui El\u00e4v\u00f6itt\u00e4v\u00e4 liikesarja (2008), Keho\u00e4lyn salaisuudet; kehoetiikan ja Keho\u00e4lyn k\u00e4sikirja (2016), e Terveysmeditaation harjoitus- ja tietokirja (2017), approfondiscono i principi di Keho\u00e4ly Body Intelligence, offrendo preziose intuizioni sia per i principianti che per i praticanti esperti.<\/p>\n\n\n\n<p>Oltre ai suoi contributi a Body Intelligence\u00ae, Tapio Sippoin vanta una notevole formazione accademica, possedendo master in Amministrazione Aziendale e Educazione. La sua esperienza di insegnamento si estende a 23 centri di formazione per adulti in tutta la Finlandia, dove ha trasmesso la sua esperienza su una vasta gamma di argomenti relativi alla salute e al benessere.<\/p>\n\n\n\n<p>L&#8217;approccio innovativo di Tapio ha ottenuto riconoscimenti internazionali, con i marchi Keho\u00e4ly\u00ae e Body Intelligence\u00ae ufficialmente registrati nel 2003. Questi marchi incarnano la dedizione di Tapio a stabilire una via affidabile e stimata verso una salute e un benessere migliorati. Attraverso la sua esperienza senza pari e la genuina passione per la promozione della vitalit\u00e0 fisica e mentale, Tapio Sippoin \u00e8 emerso come una figura trasformativa nella comunit\u00e0 del benessere, ispirando una nuova generazione di praticanti e individui che cercano una vita equilibrata e appagante.<\/p>\n\n\n\n<p>Per richieste, seminari o ulteriori informazioni su Keho\u00e4ly\u00ae Body Intelligence\u00ae, si prega di contattare Tapio Sippoin:<\/p>\n\n\n\n<div class=\"wp-block-group has-global-padding is-layout-constrained wp-block-group-is-layout-constrained\">\n<div class=\"wp-block-group alignwide is-nowrap is-layout-flex wp-container-core-group-is-layout-6c531013 wp-block-group-is-layout-flex\">\n<figure class=\"wp-block-image size-full\"><img decoding=\"async\" src=\"https:\/\/sippoinfi.wordpress.com\/wp-content\/uploads\/2024\/09\/img_20231003_213846-2.png\" alt=\"\" class=\"wp-image-155\"\/><\/figure>\n\n\n\n<div style=\"height:100px;width:0px\" aria-hidden=\"true\" class=\"wp-block-spacer wp-container-content-6388d5dc\"><\/div>\n\n\n\n<div class=\"wp-block-group alignwide has-global-padding is-layout-constrained wp-container-core-group-is-layout-bea02a06 wp-block-group-is-layout-constrained\" style=\"line-height:0.8\">\n<p style=\"padding-top:0;padding-right:0;padding-bottom:0;padding-left:0\"><strong>Tapio<\/strong> <strong>Sippoin<\/strong><\/p>\n\n\n\n<p>Helsinki, Finland<\/p>\n\n\n\n<p style=\"padding-top:0;padding-right:0;padding-bottom:0;padding-left:0\">+358 50 5328 528<\/p>\n\n\n\n<p style=\"padding-top:0;padding-right:0;padding-bottom:0;padding-left:0\">sippoin@proton.me<\/p>\n<\/div>\n<\/div>\n<\/div>\n<\/div>\n\n\n\n<div class=\"wp-block-group alignfull is-style-section-3 has-contrast-background-color has-background has-global-padding is-layout-constrained wp-container-core-group-is-layout-882f0f21 wp-block-group-is-layout-constrained\" style=\"margin-top:0;margin-bottom:0;padding-bottom:var(--wp--preset--spacing--30)\">\n<div class=\"wp-block-group alignwide has-global-padding is-layout-constrained wp-container-core-group-is-layout-bea02a06 wp-block-group-is-layout-constrained\">\n<div style=\"height:50px\" aria-hidden=\"true\" id=\"aloittelijalle\" class=\"wp-block-spacer\"><\/div>\n\n\n\n<h2 class=\"wp-block-heading has-base-2-color has-text-color has-link-color wp-elements-7d725759bc25ce4d3676820ba58d5556\" style=\"font-size:clamp(21.027px, 1.314rem + ((1vw - 3.2px) * 1.351), 34px);\">Per Principianti: Apprendere Keho\u00e4ly\u00ae Body Intelligence\u00ae<\/h2>\n\n\n\n<p class=\"has-base-2-color has-text-color has-link-color wp-elements-b0d40f37579801b7be7a134a407239aa\">Per i principianti, Keho\u00e4ly\u00ae Body Intelligence\u00ae offre un percorso facile e gratificante verso una migliore salute e benessere. Come ogni abilit\u00e0, Keho\u00e4ly Body Intelligence richiede pratica e pazienza. I principianti sono incoraggiati a concentrarsi inizialmente sui fondamenti e sui movimenti sicuri che costituiscono la base del metodo. Col tempo, i praticanti imparano a connettere il corpo e la mente a un livello pi\u00f9 profondo e la loro vitalit\u00e0 cresce.<\/p>\n\n\n\n<p class=\"has-base-2-color has-text-color has-link-color wp-elements-a329f5e84d54774214fbbad681163fc6\">Il processo di apprendimento \u00e8 graduale e naturale, rendendolo adatto a persone di tutte le et\u00e0 e livelli di fitness. Keho\u00e4ly\u00ae Body Intelligence\u00ae incoraggia i principianti a progredire al proprio ritmo, enfatizzando la sicurezza e la consapevolezza nei movimenti del corpo. Attraverso la pratica continua, anche i novizi possono ottenere significativi miglioramenti nella loro qualit\u00e0 della vita, nei livelli di energia e nel sentimento di scopo.<\/p>\n\n\n\n<div style=\"height:15px\" aria-hidden=\"true\" class=\"wp-block-spacer\"><\/div>\n\n\n\n<div class=\"wp-block-group alignwide has-custom-color-3-background-color has-background has-global-padding is-layout-constrained wp-container-core-group-is-layout-c385debf wp-block-group-is-layout-constrained\" style=\"border-radius:30px;padding-top:var(--wp--preset--spacing--20);padding-right:var(--wp--preset--spacing--20);padding-bottom:var(--wp--preset--spacing--20);padding-left:var(--wp--preset--spacing--20)\">\n<div class=\"wp-block-group alignwide has-global-padding is-layout-constrained wp-container-core-group-is-layout-bea02a06 wp-block-group-is-layout-constrained\">\n<h5 class=\"wp-block-heading has-theme-5-color has-text-color has-link-color wp-elements-e38f1cbc0b9fb29dd4c4c2a5499c2aae\" style=\"font-size:clamp(15.747px, 0.984rem + ((1vw - 3.2px) * 0.86), 24px);\"><strong>I link<\/strong><\/h5>\n\n\n\n<p class=\"has-theme-5-color has-text-color has-link-color wp-elements-6ad9a8012fef03c26a0598bf1fe2a903\">In arrivo\u2026<\/p>\n<\/div>\n<\/div>\n<\/div>\n<\/div>\n\n\n\n<div class=\"wp-block-group alignwide has-global-padding is-layout-constrained wp-container-core-group-is-layout-bea02a06 wp-block-group-is-layout-constrained\">\n<div style=\"height:50px\" aria-hidden=\"true\" class=\"wp-block-spacer\"><\/div>\n\n\n\n<div class=\"wp-block-group alignwide has-global-padding is-layout-constrained wp-container-core-group-is-layout-bea02a06 wp-block-group-is-layout-constrained\">\n<h2 class=\"wp-block-heading\" style=\"font-size:clamp(23.043px, 1.44rem + ((1vw - 3.2px) * 1.558), 38px);\">Pratica Avanzata in Keho\u00e4ly\u00ae Body Intelligence\u00ae<\/h2>\n\n\n\n<p>Una connessione pi\u00f9 profonda tra corpo e mente si svela per i praticanti avanzati che hanno appreso i fondamenti del metodo Keho\u00e4ly\u00ae Body Intelligence\u00ae. La pratica avanzata della Keho\u00e4ly Body Intelligence \u00e8 un viaggio che dura tutta la vita. Man mano che i praticanti crescono ed evolvono, scoprono nuovi modi di applicare i principi di Keho\u00e4ly Body Intelligence nelle loro vite. Sia attraverso video formativi, scritti completi o workshop guidati da Tapio Sippoin, c&#8217;\u00e8 un&#8217;abbondanza di materiali disponibili per supportare lo sviluppo dei praticanti avanzati.<\/p>\n\n\n\n<div style=\"height:15px\" aria-hidden=\"true\" class=\"wp-block-spacer\"><\/div>\n<\/div>\n\n\n\n<div class=\"wp-block-group alignwide has-custom-color-3-background-color has-background has-global-padding is-layout-constrained wp-container-core-group-is-layout-ea8e1d93 wp-block-group-is-layout-constrained\" style=\"border-radius:30px;padding-top:var(--wp--preset--spacing--20);padding-right:var(--wp--preset--spacing--20);padding-bottom:var(--wp--preset--spacing--20);padding-left:var(--wp--preset--spacing--20)\">\n<div class=\"wp-block-group alignwide has-global-padding is-layout-constrained wp-container-core-group-is-layout-d0cf5142 wp-block-group-is-layout-constrained\" style=\"margin-top:0;margin-bottom:0\">\n<h5 class=\"wp-block-heading has-theme-5-color has-text-color has-link-color wp-elements-6d2f66776e71c177873cbc0de86d5703\" style=\"font-size:clamp(15.747px, 0.984rem + ((1vw - 3.2px) * 0.86), 24px);\"><strong><strong>I link<\/strong><\/strong><\/h5>\n\n\n\n<p class=\"has-theme-5-color has-text-color has-link-color wp-elements-6ad9a8012fef03c26a0598bf1fe2a903\">In arrivo\u2026<\/p>\n<\/div>\n<\/div>\n\n\n\n<div style=\"height:40px\" aria-hidden=\"true\" id=\"Edistyneempien-harjoittelu\" class=\"wp-block-spacer\"><\/div>\n<\/div>\n","protected":false},"excerpt":{"rendered":"<p>Metodo Keho\u00e4ly\u00ae Body Intelligence\u00ae Benvenuti nella biblioteca educativa del metodo Keho\u00e4ly\u00ae Body Intelligence\u00ae. Qui troverete video di conferenze e video pratici di istruzioni del metodo Keho\u00e4ly\u00ae Body Intelligence\u00ae. Here you can find information about Body Intelligence\u00ae in several languages, including English, French, Spanish, German, Portuguese, Italian, Danish, Dutch, Flemish, Swedish, and Finnish. You can select [&hellip;]<\/p>\n","protected":false},"author":1,"featured_media":0,"parent":0,"menu_order":0,"comment_status":"closed","ping_status":"closed","template":"page-no-title","meta":{"footnotes":""},"class_list":["post-123","page","type-page","status-publish","hentry"],"_links":{"self":[{"href":"https:\/\/www.sippoin.fi\/index.php\/wp-json\/wp\/v2\/pages\/123","targetHints":{"allow":["GET"]}}],"collection":[{"href":"https:\/\/www.sippoin.fi\/index.php\/wp-json\/wp\/v2\/pages"}],"about":[{"href":"https:\/\/www.sippoin.fi\/index.php\/wp-json\/wp\/v2\/types\/page"}],"author":[{"embeddable":true,"href":"https:\/\/www.sippoin.fi\/index.php\/wp-json\/wp\/v2\/users\/1"}],"replies":[{"embeddable":true,"href":"https:\/\/www.sippoin.fi\/index.php\/wp-json\/wp\/v2\/comments?post=123"}],"version-history":[{"count":3,"href":"https:\/\/www.sippoin.fi\/index.php\/wp-json\/wp\/v2\/pages\/123\/revisions"}],"predecessor-version":[{"id":185,"href":"https:\/\/www.sippoin.fi\/index.php\/wp-json\/wp\/v2\/pages\/123\/revisions\/185"}],"wp:attachment":[{"href":"https:\/\/www.sippoin.fi\/index.php\/wp-json\/wp\/v2\/media?parent=123"}],"curies":[{"name":"wp","href":"https:\/\/api.w.org\/{rel}","templated":true}]}}