{"id":125,"date":"2024-10-11T11:03:37","date_gmt":"2024-10-11T11:03:37","guid":{"rendered":"https:\/\/www.sippoin.fi\/?page_id=125"},"modified":"2024-10-14T13:59:45","modified_gmt":"2024-10-14T13:59:45","slug":"kehoaly-body-intelligence-method","status":"publish","type":"page","link":"https:\/\/www.sippoin.fi\/index.php\/kehoaly-body-intelligence-method\/","title":{"rendered":"Keho\u00e4ly\u00ae Body Intelligence\u00ae Dutch"},"content":{"rendered":"\n<div style=\"height:55px\" aria-hidden=\"true\" class=\"wp-block-spacer\"><\/div>\n\n\n\n<h2 class=\"wp-block-heading alignwide has-text-align-center\" style=\"font-size:clamp(38.682px, 2.418rem + ((1vw - 3.2px) * 3.471), 72px);\"><strong>Keho\u00e4ly\u00ae Body Intelligence\u00ae<\/strong> <strong>method<\/strong><\/h2>\n\n\n\n<div class=\"wp-block-group alignwide has-global-padding is-layout-constrained wp-container-core-group-is-layout-bea02a06 wp-block-group-is-layout-constrained\">\n<div style=\"height:45px\" aria-hidden=\"true\" id=\"Intro\" class=\"wp-block-spacer\"><\/div>\n\n\n\n<h2 class=\"wp-block-heading has-text-align-left has-body-font-family\" style=\"font-size:clamp(16.834px, 1.052rem + ((1vw - 3.2px) * 0.955), 26px);\">Welkom bij de Keho\u00e4ly\u00ae Body Intelligence\u00ae method educatieve bibliotheek. Hieronder vind je Keho\u00e4ly\u00ae Body Intelligence\u00ae lezingvideo&#8217;s en praktische instructievideo&#8217;s.<\/h2>\n\n\n\n<p><em><strong>Here you can find information about Body Intelligence\u00ae in several languages, including English, French, Spanish, German, Portuguese, Italian, Danish, Dutch, Flemish, Swedish, and Finnish. You can select your preferred language from the menu in the top right corner.<\/strong><\/em><\/p>\n\n\n\n<div class=\"wp-block-group alignwide has-global-padding is-layout-constrained wp-block-group-is-layout-constrained\">\n<figure class=\"wp-block-image aligncenter size-large is-resized\"><img decoding=\"async\" src=\"https:\/\/sippoinfi.wordpress.com\/wp-content\/uploads\/2024\/09\/kehoaly-icon.png?w=756\" alt=\"\" class=\"wp-image-260\" style=\"width:70px\"\/><\/figure>\n<\/div>\n\n\n\n<p>De Keho\u00e4ly\u00ae Body Intelligence\u00ae method is ontwikkeld door de Finse welzijnsexpert Tapio Sippoin, die zich gespecialiseerd heeft in training van lichaam en geest en psychofysieke training. De Keho\u00e4ly\u00ae Body Intelligence\u00ae method biedt een unieke benadering van gezondheidszorg die fysieke en mentale praktijken op een natuurlijke en praktische manier combineert. Tapio Sippoin mengt op vakkundige wijze fysieke en mentale training om harmonieuze en effectieve praktijken te cre\u00ebren.<\/p>\n\n\n\n<p>De Keho\u00e4ly\u00ae Body Intelligence\u00ae method benadrukt de verbinding tussen lichaam en geest, gebaseerd op het principe dat beweging als een vorm van medicijn fungeert. Dit fundamentele idee ligt ten grondslag aan de methode en leidt de gehele praktijk. Keho\u00e4ly\u00ae Body Intelligence\u00ae omvat zachte, psychofysieke oefeningen die zijn ontworpen om zowel het lichaam als de geest te voeden, waardoor het algehele welzijn wordt verbeterd, de vitaliteit wordt verhoogd en een dieper gevoel van zelfbewustzijn wordt bevorderd. In tegenstelling tot traditionele fitnessmethoden die de nadruk kunnen leggen op fysieke inspanning en belasting, richt Keho\u00e4ly Body Intelligence zich op veiligheid en moedigt het aan om naar het lichaam te luisteren. Door middel van zachte maar effectieve bewegingen activeert het de lichaamsfuncties terwijl het een betrokken benadering van beweging bevordert.<\/p>\n\n\n\n<p>Een van de hoekstenen van de Keho\u00e4ly\u00ae Body Intelligence\u00ae is The Vital Form\u00ae, voor het eerst ge\u00efntroduceerd door Tapio Sippoin in 1983. Deze vorm wordt beschouwd als de meest essenti\u00eble en fundamentele oefening binnen het systeem, en vormt de basis voor alle andere praktijken. De Vital Form\u00ae overstijgt louter fysieke oefening; het betrekt zowel het lichaam als de geest actief, en leidt beoefenaars naar een diepere verbinding met hun innerlijke vitaliteit. Deze reeks oefeningen bevordert harmonie tussen fysieke en mentale toestanden, en de inherente eenvoud maakt het toegankelijk voor individuen van alle fitnessniveaus. De eenvoudige aard van The Vital Form\u00ae zorgt ervoor dat iedereen, ongeacht hun startpunt, kan deelnemen en profiteren van de praktijk.<\/p>\n\n\n\n<div style=\"height:20px\" aria-hidden=\"true\" class=\"wp-block-spacer\"><\/div>\n\n\n\n<div class=\"wp-block-group has-custom-color-3-background-color has-background has-global-padding is-layout-constrained wp-container-core-group-is-layout-ec001058 wp-block-group-is-layout-constrained\" style=\"border-style:none;border-width:0px;border-radius:30px;margin-top:0;margin-bottom:0;padding-top:var(--wp--preset--spacing--20);padding-right:var(--wp--preset--spacing--20);padding-bottom:var(--wp--preset--spacing--20);padding-left:var(--wp--preset--spacing--20)\">\n<h5 class=\"wp-block-heading\" style=\"font-size:clamp(15.747px, 0.984rem + ((1vw - 3.2px) * 0.86), 24px);\"><strong>Links<\/strong><\/h5>\n\n\n\n<p>Interview on November 11, 2022. Translation. The editor-in-chief of Uutisl\u00e4hde, Unto R\u00f6nkk\u00f6nen and Tapio Sippoin<\/p>\n\n\n\n<p style=\"margin-top:0;margin-bottom:0\"><a href=\"https:\/\/sippoin.blogspot.com\/2024\/09\/interview-on-november-11-2022.html\" target=\"_blank\" rel=\"noreferrer noopener\">https:\/\/sippoin.blogspot.com\/2024\/09\/interview-on-november-11-2022.html<\/a><\/p>\n\n\n\n<div style=\"height:10px\" aria-hidden=\"true\" class=\"wp-block-spacer\"><\/div>\n\n\n\n<p>Why is Keho\u00e4ly\u00ae Body Intelligence\u00ae so abundant, joyful, rich, lush, and life-affirming?<\/p>\n\n\n\n<p style=\"margin-top:0;margin-bottom:0\"><a href=\"https:\/\/sippoin.blogspot.com\/2024\/09\/why-is-kehoaly-body-intelligence-so.html\" target=\"_blank\" rel=\"noreferrer noopener\">https:\/\/sippoin.blogspot.com\/2024\/09\/why-is-kehoaly-body-intelligence-so.html<\/a><\/p>\n<\/div>\n\n\n\n<div style=\"margin-top:0;margin-bottom:0;height:45px\" aria-hidden=\"true\" class=\"wp-block-spacer\"><\/div>\n<\/div>\n\n\n\n<div class=\"wp-block-group alignwide has-global-padding is-layout-constrained wp-container-core-group-is-layout-71747b01 wp-block-group-is-layout-constrained\" style=\"margin-top:0px;margin-bottom:0px\">\n<div style=\"height:25px\" aria-hidden=\"true\" id=\"training-methods\" class=\"wp-block-spacer\"><\/div>\n\n\n\n<h2 class=\"wp-block-heading alignwide\" id=\"Tapio\" style=\"font-size:clamp(21.027px, 1.314rem + ((1vw - 3.2px) * 1.351), 34px);\">Keho\u00e4ly\u00ae Body Intelligence\u00ae: Trainingsmethoden, waarden en houding<\/h2>\n\n\n\n<div style=\"height:20px\" aria-hidden=\"true\" class=\"wp-block-spacer\"><\/div>\n\n\n\n<p>De Keho\u00e4ly\u00ae Body Intelligence\u00ae method is gebouwd op een fundament van essenti\u00eble principes die beoefenaars begeleiden bij het bereiken van evenwicht tussen het fysieke lichaam en de geest. Deze benadering benadrukt praktische, actiegerichte methoden die gemakkelijk in het dagelijks leven kunnen worden toegepast, waardoor het een veelzijdige en aanpasbare praktijk is. Onder de meest belangrijke en gerenommeerde praktijken binnen het Keho\u00e4ly\u00ae Body Intelligence\u00ae kader bevinden zich de Gentle Practice method, de Slow Hustle method en de Regular Practice method. Deze methoden bevorderen een evenwichtige, doordachte benadering van beweging, die beoefenaars helpt een dieper gevoel van lichaamsbewustzijn te ontwikkelen en hun algehele welzijn te verbeteren.<\/p>\n\n\n\n<div style=\"height:20px\" aria-hidden=\"true\" class=\"wp-block-spacer\"><\/div>\n\n\n\n<p>Een essentieel principe in Keho\u00e4ly\u00ae Body Intelligence\u00ae is het idee dat &#8221;functionaliteit de maatstaf voor waarheid is&#8221;, zoals Tapio Sippoin vaak stelt. Dit geloof weerspiegelt de praktische, resultaatgerichte aard van de methode, die zich richt op bewegingen en praktijken die echt de gezondheid en vitaliteit bevorderen. Sippoin&#8217;s benadering moedigt beoefenaars aan om zich te concentreren op wat werkt voor hun individuele behoeften en om flexibel te blijven in hun benadering van zelfzorg. Hij benadrukt ook dat iemands verleden de toekomstige kansen niet dicteert. Door een Keho\u00e4ly Body Intelligence mindset aan te nemen, kunnen individuen nieuwe mogelijkheden ontgrendelen en positieve veranderingen in hun leven bewerkstelligen.<\/p>\n<\/div>\n\n\n\n<div class=\"wp-block-group alignwide is-style-default has-global-padding is-layout-constrained wp-container-core-group-is-layout-dd0e32e1 wp-block-group-is-layout-constrained\" style=\"padding-bottom:var(--wp--preset--spacing--30)\">\n<div style=\"height:45px\" aria-hidden=\"true\" class=\"wp-block-spacer\"><\/div>\n\n\n\n<h2 class=\"wp-block-heading has-text-align-left\" style=\"font-size:clamp(21.027px, 1.314rem + ((1vw - 3.2px) * 1.351), 34px);\">Preventieve Benadering van Keho\u00e4ly\u00ae Body Intelligence\u00ae<\/h2>\n\n\n\n<p>Keho\u00e4ly\u00ae Body Intelligence\u00ae is een preventieve gezondheidsmethode gebaseerd op het idee dat beweging een krachtige vorm van medicijn kan zijn. De benadering benadrukt de natuurlijke verbinding tussen het lichaam en het mentale welzijn, en toont aan hoe zorgvuldig geplande, veilige beweging de vitaliteit en algehele gezondheid van een individu aanzienlijk kan verbeteren. Tapio Sippoin heeft benadrukt dat de bewegingen in de Body Intelligence\u00ae oefeningen altijd zacht en veilig worden uitgevoerd, waardoor blessures worden voorkomen en de methode geschikt is voor individuen van alle leeftijden en fitnessniveaus.<\/p>\n\n\n\n<p>Focussen op preventieve gezondheidszorg moedigt Keho\u00e4ly\u00ae Body Intelligence\u00ae individuen aan om voor hun gezondheid te zorgen voordat er problemen ontstaan. Door gebruik te maken van zachte en veilige bewegingen kan men de gezondheid op lange termijn behouden zonder het risico van overbelasting of letsel. Dit maakt de methode zeer compatibel met andere gezondheidsbevorderende behandelingen, zoals conventionele medische interventies. De methode ondersteunt herstel en helpt om vitaliteit en gezondheid terug te brengen bij individuen die ziek zijn geweest of hun welzijn willen behouden.<\/p>\n<\/div>\n\n\n\n<div class=\"wp-block-group alignwide is-style-default has-global-padding is-layout-constrained wp-container-core-group-is-layout-dd0e32e1 wp-block-group-is-layout-constrained\" style=\"padding-bottom:var(--wp--preset--spacing--30)\">\n<div style=\"height:45px\" aria-hidden=\"true\" id=\"benefits\" class=\"wp-block-spacer\"><\/div>\n\n\n\n<h2 class=\"wp-block-heading has-text-align-left\" style=\"font-size:clamp(21.027px, 1.314rem + ((1vw - 3.2px) * 1.351), 34px);\">Voordelen van Regelmatige Praktijk<\/h2>\n\n\n\n<p>Regelmatige en continue praktijk ligt aan de basis van de Keho\u00e4ly\u00ae Body Intelligence\u00ae method. Doorlopende training stelt beoefenaars in staat significante verbeteringen te ervaren in fysieke gezondheid, mentale helderheid en emotionele balans. De methode ondersteunt creativiteit, verbetert probleemoplossende vaardigheden en helpt individuen de complexiteit van het leven te begrijpen. Regelmatige praktijk van Keho\u00e4ly Body Intelligence kan ook stress verminderen en helpen om innerlijke rust te bereiken.<\/p>\n\n\n\n<p>Bovendien helpt Keho\u00e4ly\u00ae Body Intelligence\u00ae negatieve overtuigingen die in het lichaam zijn opgeslagen vrij te laten, die zich kunnen manifesteren als fysieke spanning. Deze negatieve overtuigingen cre\u00ebren emotionele blokkades en spanning in het zenuwstelsel; echter, regelmatige praktijk helpt deze neurale patronen opnieuw te vormen. Als gevolg hiervan worden positieve overtuigingen en effectieve copingmechanismen versterkt, wat leidt tot een veerkrachtiger en evenwichtiger zenuwstelsel. De oefeningen van Keho\u00e4ly\u00ae Body Intelligence\u00ae, zoals de Nervous System Balancing Form (NSB Form) en de Vital Form\u00ae, zijn specifiek ontworpen om de werking van het zenuwstelsel te ondersteunen en het evenwicht tussen geest en lichaam te verbeteren.<\/p>\n<\/div>\n\n\n\n<div class=\"wp-block-group alignwide is-style-default has-global-padding is-layout-constrained wp-container-core-group-is-layout-dd0e32e1 wp-block-group-is-layout-constrained\" style=\"padding-bottom:var(--wp--preset--spacing--30)\">\n<div style=\"height:45px\" aria-hidden=\"true\" id=\"tapio\" class=\"wp-block-spacer\"><\/div>\n\n\n\n<h2 class=\"wp-block-heading has-text-align-left\" style=\"font-size:clamp(21.027px, 1.314rem + ((1vw - 3.2px) * 1.351), 34px);\">Tapio Sippoin: Pioneer van Keho\u00e4ly\u00ae Body Intelligence\u00ae<\/h2>\n\n\n\n<p>Tapio Sippoin is een vooraanstaande Finse welzijns- en gezondheidsexpert, erkend als de visionaire maker en meester van de innovatieve Keho\u00e4ly\u00ae Body Intelligence\u00ae method. Met een uitgebreide carri\u00e8re van meer dan vier decennia heeft Tapio zijn status verankerd als autoriteit op het gebied van gezondheid, welzijn en welzijn op de werkplek. Sinds 1983 wijdt hij zich aan het onderwijzen en voortdurend verfijnen van Body Intelligence\u00ae praktijken, waarbij hij de methodologie aanpast aan de diverse behoeften van verschillende individuen.<\/p>\n\n\n\n<p>Als een pionier op het gebied van Body Intelligence\u00ae heeft Sippoin verschillende non-fictie werken gepubliceerd die zich richten op gezondheid, welzijn en werkcapaciteit. Zijn invloedrijke publicaties, waaronder El\u00e4v\u00f6itt\u00e4v\u00e4 liikesarja (2008), Keho\u00e4lyn salaisuudet; kehoetiikan ja Keho\u00e4lyn k\u00e4sikirja (2016), en Terveysmeditaation harjoitus- ja tietokirja (2017), onderzoeken de principes van Keho\u00e4ly Body Intelligence en bieden waardevolle inzichten voor zowel nieuwkomers als ervaren beoefenaars.<\/p>\n\n\n\n<p>Buiten zijn bijdragen aan Body Intelligence\u00ae beschikt Tapio Sippoin over een indrukwekkende academische achtergrond, met masterdiploma&#8217;s in zowel Bedrijfskunde als Onderwijs. Zijn onderwijservaring beslaat 23 centra voor volwasseneneducatie door heel Finland, waar hij zijn expertise op een breed scala van onderwerpen met betrekking tot gezondheid en welzijn heeft gedeeld.<\/p>\n\n\n\n<p>Tapio&#8217;s innovatieve benadering heeft internationale erkenning gekregen, met de handelsmerken Keho\u00e4ly\u00ae en Body Intelligence\u00ae die officieel zijn geregistreerd in 2003. Deze handelsmerken belichamen Tapio\u2019s toewijding aan het tot stand brengen van een betrouwbare en gewaardeerde weg naar verbeterde gezondheid en welzijn. Door zijn onge\u00ebvenaarde expertise en oprechte passie voor het bevorderen van fysieke en mentale vitaliteit is Tapio Sippoin een transformerende figuur in de welzijnsgemeenschap geworden, die een nieuwe generatie beoefenaars en individuen inspireert die streven naar een evenwichtig en vervullend leven.<\/p>\n\n\n\n<p>Voor vragen, seminars of meer informatie over Keho\u00e4ly\u00ae Body Intelligence\u00ae, neem dan contact op met Tapio Sippoin:<\/p>\n\n\n\n<div class=\"wp-block-group has-global-padding is-layout-constrained wp-block-group-is-layout-constrained\">\n<div class=\"wp-block-group alignwide is-nowrap is-layout-flex wp-container-core-group-is-layout-6c531013 wp-block-group-is-layout-flex\">\n<figure class=\"wp-block-image size-full\"><img decoding=\"async\" src=\"https:\/\/sippoinfi.wordpress.com\/wp-content\/uploads\/2024\/09\/img_20231003_213846-2.png\" alt=\"\" class=\"wp-image-155\"\/><\/figure>\n\n\n\n<div style=\"height:100px;width:0px\" aria-hidden=\"true\" class=\"wp-block-spacer wp-container-content-6388d5dc\"><\/div>\n\n\n\n<div class=\"wp-block-group alignwide has-global-padding is-layout-constrained wp-container-core-group-is-layout-bea02a06 wp-block-group-is-layout-constrained\" style=\"line-height:0.8\">\n<p style=\"padding-top:0;padding-right:0;padding-bottom:0;padding-left:0\"><strong>Tapio<\/strong> <strong>Sippoin<\/strong><\/p>\n\n\n\n<p>Helsinki, Finland<\/p>\n\n\n\n<p style=\"padding-top:0;padding-right:0;padding-bottom:0;padding-left:0\">+358 50 5328 528<\/p>\n\n\n\n<p style=\"padding-top:0;padding-right:0;padding-bottom:0;padding-left:0\">sippoin@proton.me<\/p>\n<\/div>\n<\/div>\n<\/div>\n<\/div>\n\n\n\n<div class=\"wp-block-group alignfull is-style-section-3 has-contrast-background-color has-background has-global-padding is-layout-constrained wp-container-core-group-is-layout-882f0f21 wp-block-group-is-layout-constrained\" style=\"margin-top:0;margin-bottom:0;padding-bottom:var(--wp--preset--spacing--30)\">\n<div class=\"wp-block-group alignwide has-global-padding is-layout-constrained wp-container-core-group-is-layout-bea02a06 wp-block-group-is-layout-constrained\">\n<div style=\"height:50px\" aria-hidden=\"true\" id=\"aloittelijalle\" class=\"wp-block-spacer\"><\/div>\n\n\n\n<h2 class=\"wp-block-heading has-base-2-color has-text-color has-link-color wp-elements-763197c468aa2a07bfe1d8c6e8b3e87e\" style=\"font-size:clamp(21.027px, 1.314rem + ((1vw - 3.2px) * 1.351), 34px);\">Voor Beginners: Leren Keho\u00e4ly\u00ae Body Intelligence\u00ae<\/h2>\n\n\n\n<p class=\"has-base-2-color has-text-color has-link-color wp-elements-f7c257482b7c4a95bb91af36cb6e0acf\">Voor beginners biedt Keho\u00e4ly\u00ae Body Intelligence\u00ae een gemakkelijke en lonende weg naar betere gezondheid en welzijn. Net als elke vaardigheid vereist Keho\u00e4ly Body Intelligence oefening en geduld. Beginners worden aangemoedigd om in eerste instantie te focussen op de basis en veilige bewegingen die de fundering van de methode vormen. Na verloop van tijd leren beoefenaars om lichaam en geest op een dieper niveau met elkaar te verbinden, en groeit hun vitaliteit.<\/p>\n\n\n\n<p class=\"has-base-2-color has-text-color has-link-color wp-elements-635d518657b51ac94f4b1a2dd90d44a7\">Het leerproces is geleidelijk en natuurlijk, waardoor het geschikt is voor individuen van alle leeftijden en fitnessniveaus. Keho\u00e4ly\u00ae Body Intelligence\u00ae moedigt beginners aan om in hun eigen tempo vooruitgang te boeken, met de nadruk op veiligheid en bewustzijn in lichaamsbewegingen. Door voortdurende praktijk kunnen zelfs nieuwkomers significante verbeteringen in hun kwaliteit van leven, energieniveau en gevoel van doelgerichtheid bereiken.<\/p>\n\n\n\n<div style=\"height:15px\" aria-hidden=\"true\" class=\"wp-block-spacer\"><\/div>\n\n\n\n<div class=\"wp-block-group alignwide has-custom-color-3-background-color has-background has-global-padding is-layout-constrained wp-container-core-group-is-layout-c385debf wp-block-group-is-layout-constrained\" style=\"border-radius:30px;padding-top:var(--wp--preset--spacing--20);padding-right:var(--wp--preset--spacing--20);padding-bottom:var(--wp--preset--spacing--20);padding-left:var(--wp--preset--spacing--20)\">\n<div class=\"wp-block-group alignwide has-global-padding is-layout-constrained wp-container-core-group-is-layout-bea02a06 wp-block-group-is-layout-constrained\">\n<h5 class=\"wp-block-heading has-theme-5-color has-text-color has-link-color wp-elements-46f13badd0582addc61df6738ea21204\" style=\"font-size:clamp(15.747px, 0.984rem + ((1vw - 3.2px) * 0.86), 24px);\"><strong>Links<\/strong><\/h5>\n\n\n\n<p class=\"has-theme-5-color has-text-color has-link-color wp-elements-14a35984ac8fa28b5082b930c9e32cfc\">Binnenkort\u2026<\/p>\n<\/div>\n<\/div>\n<\/div>\n<\/div>\n\n\n\n<div class=\"wp-block-group alignwide has-global-padding is-layout-constrained wp-container-core-group-is-layout-bea02a06 wp-block-group-is-layout-constrained\">\n<div style=\"height:50px\" aria-hidden=\"true\" class=\"wp-block-spacer\"><\/div>\n\n\n\n<div class=\"wp-block-group alignwide has-global-padding is-layout-constrained wp-container-core-group-is-layout-bea02a06 wp-block-group-is-layout-constrained\">\n<h2 class=\"wp-block-heading\" style=\"font-size:clamp(23.043px, 1.44rem + ((1vw - 3.2px) * 1.558), 38px);\">Gevorderde Praktijk in Keho\u00e4ly\u00ae Body Intelligence\u00ae<\/h2>\n\n\n\n<p>Een diepere verbinding tussen lichaam en geest ontvouwt zich voor gevorderde beoefenaars die de basisprincipes van de Keho\u00e4ly\u00ae Body Intelligence\u00ae methode hebben geleerd. Gevorderde praktijk van Keho\u00e4ly Body Intelligence is een levenslange reis. Naarmate beoefenaars groeien en evolueren, ontdekken ze nieuwe manieren om de principes van Keho\u00e4ly Body Intelligence in hun leven toe te passen. Of het nu gaat om instructievideo&#8217;s, uitgebreide geschriften of workshops geleid door Tapio Sippoin, er is een overvloed aan materiaal beschikbaar om de ontwikkeling van gevorderde beoefenaars te ondersteunen.<\/p>\n\n\n\n<div style=\"height:15px\" aria-hidden=\"true\" class=\"wp-block-spacer\"><\/div>\n<\/div>\n\n\n\n<div class=\"wp-block-group alignwide has-custom-color-3-background-color has-background has-global-padding is-layout-constrained wp-container-core-group-is-layout-ea8e1d93 wp-block-group-is-layout-constrained\" style=\"border-radius:30px;padding-top:var(--wp--preset--spacing--20);padding-right:var(--wp--preset--spacing--20);padding-bottom:var(--wp--preset--spacing--20);padding-left:var(--wp--preset--spacing--20)\">\n<div class=\"wp-block-group alignwide has-global-padding is-layout-constrained wp-container-core-group-is-layout-d0cf5142 wp-block-group-is-layout-constrained\" style=\"margin-top:0;margin-bottom:0\">\n<h5 class=\"wp-block-heading has-theme-5-color has-text-color has-link-color wp-elements-03db9b78b35e814107d116aba4bb541a\" style=\"font-size:clamp(15.747px, 0.984rem + ((1vw - 3.2px) * 0.86), 24px);\"><strong><strong>Links<\/strong><\/strong><\/h5>\n\n\n\n<p class=\"has-theme-5-color has-text-color has-link-color wp-elements-14a35984ac8fa28b5082b930c9e32cfc\">Binnenkort\u2026<\/p>\n<\/div>\n<\/div>\n\n\n\n<div style=\"height:40px\" aria-hidden=\"true\" id=\"Edistyneempien-harjoittelu\" class=\"wp-block-spacer\"><\/div>\n<\/div>\n","protected":false},"excerpt":{"rendered":"<p>Keho\u00e4ly\u00ae Body Intelligence\u00ae method Welkom bij de Keho\u00e4ly\u00ae Body Intelligence\u00ae method educatieve bibliotheek. Hieronder vind je Keho\u00e4ly\u00ae Body Intelligence\u00ae lezingvideo&#8217;s en praktische instructievideo&#8217;s. Here you can find information about Body Intelligence\u00ae in several languages, including English, French, Spanish, German, Portuguese, Italian, Danish, Dutch, Flemish, Swedish, and Finnish. You can select your preferred language from the [&hellip;]<\/p>\n","protected":false},"author":1,"featured_media":0,"parent":0,"menu_order":0,"comment_status":"closed","ping_status":"closed","template":"page-no-title","meta":{"footnotes":""},"class_list":["post-125","page","type-page","status-publish","hentry"],"_links":{"self":[{"href":"https:\/\/www.sippoin.fi\/index.php\/wp-json\/wp\/v2\/pages\/125","targetHints":{"allow":["GET"]}}],"collection":[{"href":"https:\/\/www.sippoin.fi\/index.php\/wp-json\/wp\/v2\/pages"}],"about":[{"href":"https:\/\/www.sippoin.fi\/index.php\/wp-json\/wp\/v2\/types\/page"}],"author":[{"embeddable":true,"href":"https:\/\/www.sippoin.fi\/index.php\/wp-json\/wp\/v2\/users\/1"}],"replies":[{"embeddable":true,"href":"https:\/\/www.sippoin.fi\/index.php\/wp-json\/wp\/v2\/comments?post=125"}],"version-history":[{"count":6,"href":"https:\/\/www.sippoin.fi\/index.php\/wp-json\/wp\/v2\/pages\/125\/revisions"}],"predecessor-version":[{"id":189,"href":"https:\/\/www.sippoin.fi\/index.php\/wp-json\/wp\/v2\/pages\/125\/revisions\/189"}],"wp:attachment":[{"href":"https:\/\/www.sippoin.fi\/index.php\/wp-json\/wp\/v2\/media?parent=125"}],"curies":[{"name":"wp","href":"https:\/\/api.w.org\/{rel}","templated":true}]}}