{"id":127,"date":"2024-10-11T11:12:58","date_gmt":"2024-10-11T11:12:58","guid":{"rendered":"https:\/\/www.sippoin.fi\/?page_id=127"},"modified":"2024-10-15T07:48:55","modified_gmt":"2024-10-15T07:48:55","slug":"kehoaly-body-intelligence-metode","status":"publish","type":"page","link":"https:\/\/www.sippoin.fi\/index.php\/kehoaly-body-intelligence-metode\/","title":{"rendered":"Keho\u00e4ly\u00ae Body Intelligence\u00ae Danish"},"content":{"rendered":"\n<div style=\"height:55px\" aria-hidden=\"true\" class=\"wp-block-spacer\"><\/div>\n\n\n\n<h2 class=\"wp-block-heading alignwide has-text-align-center\" style=\"font-size:clamp(38.682px, 2.418rem + ((1vw - 3.2px) * 3.471), 72px);\"><strong>Keho\u00e4ly\u00ae Body Intelligence\u00ae<\/strong> <strong>metode<\/strong><\/h2>\n\n\n\n<div class=\"wp-block-group alignwide has-global-padding is-layout-constrained wp-container-core-group-is-layout-bea02a06 wp-block-group-is-layout-constrained\">\n<div style=\"height:45px\" aria-hidden=\"true\" id=\"Intro\" class=\"wp-block-spacer\"><\/div>\n\n\n\n<h2 class=\"wp-block-heading has-text-align-left has-body-font-family\" style=\"font-size:clamp(16.834px, 1.052rem + ((1vw - 3.2px) * 0.955), 26px);\">Velkommen til Keho\u00e4ly\u00ae Body Intelligence\u00ae metode uddannelsesbibliotek. Nedenfor finder du Keho\u00e4ly\u00ae Body Intelligence\u00ae forel\u00e6sningsvideoer samt praktiske instruktionsvideoer.<\/h2>\n\n\n\n<p><em><strong>Here you can find information about Body Intelligence\u00ae in several languages, including English, French, Spanish, German, Portuguese, Italian, Danish, Dutch, Flemish, Swedish, and Finnish. You can select your preferred language from the menu in the top right corner.<\/strong><\/em><\/p>\n\n\n\n<div class=\"wp-block-group alignwide has-global-padding is-layout-constrained wp-block-group-is-layout-constrained\">\n<figure class=\"wp-block-image aligncenter size-large is-resized\"><img decoding=\"async\" src=\"https:\/\/sippoinfi.wordpress.com\/wp-content\/uploads\/2024\/09\/kehoaly-icon.png?w=756\" alt=\"\" class=\"wp-image-260\" style=\"width:70px\"\/><\/figure>\n<\/div>\n\n\n\n<p>Keho\u00e4ly\u00ae Body Intelligence\u00ae metoden er skabt og udviklet af den finske wellness-ekspert Tapio Sippoin, som specialiserer sig i krop-sind og psyko-fysisk tr\u00e6ning. Keho\u00e4ly\u00ae Body Intelligence\u00ae metoden er en unik tilgang til sundhed, der kombinerer fysiske og mentale praksisser p\u00e5 en naturlig og praktisk m\u00e5de. Tapio Sippoin blander dygtigt fysisk og mental tr\u00e6ning for at skabe harmoniske og effektive praksisser.<\/p>\n\n\n\n<p>Keho\u00e4ly\u00ae Body Intelligence\u00ae metoden understreger forbindelsen mellem krop og sind, baseret p\u00e5 princippet om, at bev\u00e6gelse fungerer som en form for medicin. Denne grundl\u00e6ggende id\u00e9 ligger i hjertet af metoden og guider hele praksissen. Keho\u00e4ly\u00ae Body Intelligence\u00ae inkorporerer blide, psyko-fysiske \u00f8velser designet til at pleje b\u00e5de krop og sind, forbedre det generelle velv\u00e6re, \u00f8ge vitaliteten og fremme en dybere f\u00f8lelse af selvbevidsthed. I mods\u00e6tning til traditionelle fitnessmetoder, der kan prioritere fysisk anstrengelse og belastning, fokuserer Keho\u00e4ly\u00ae Body Intelligence\u00ae p\u00e5 sikkerhed og opfordrer til at lytte til kroppen. Gennem blide, men effektive bev\u00e6gelser aktiverer den kropslige funktioner, samtidig med at den fremmer en engageret tilgang til bev\u00e6gelse.<\/p>\n\n\n\n<p>En af hj\u00f8rnestenene i Keho\u00e4ly\u00ae Body Intelligence\u00ae er Vital Form\u00ae (El\u00e4v\u00f6itt\u00e4v\u00e4 liikesarja p\u00e5 finsk), som f\u00f8rst blev introduceret af Tapio Sippoin i 1983. Denne form betragtes som den mest essentielle og fundamentale \u00f8velse inden for systemet, der tjener som grundlaget for alle andre praksisser. Vital Form\u00ae transcenderer den blot fysiske tr\u00e6ning; det engagerer aktivt b\u00e5de krop og sind og guider ud\u00f8vere mod en dybere forbindelse med deres indre vitalitet. Denne serie af \u00f8velser fremmer harmoni mellem fysiske og mentale tilstande, og dens iboende enkelhed g\u00f8r den tilg\u00e6ngelig for personer p\u00e5 alle fitnessniveauer. Vital Forms enkelhed sikrer, at alle, uanset udgangspunkt, kan deltage og drage fordel af dens praksis.<\/p>\n\n\n\n<div style=\"height:20px\" aria-hidden=\"true\" class=\"wp-block-spacer\"><\/div>\n\n\n\n<div class=\"wp-block-group has-custom-color-3-background-color has-background has-global-padding is-layout-constrained wp-container-core-group-is-layout-ec001058 wp-block-group-is-layout-constrained\" style=\"border-style:none;border-width:0px;border-radius:30px;margin-top:0;margin-bottom:0;padding-top:var(--wp--preset--spacing--20);padding-right:var(--wp--preset--spacing--20);padding-bottom:var(--wp--preset--spacing--20);padding-left:var(--wp--preset--spacing--20)\">\n<h5 class=\"wp-block-heading\" style=\"font-size:clamp(15.747px, 0.984rem + ((1vw - 3.2px) * 0.86), 24px);\"><strong>Links<\/strong><\/h5>\n\n\n\n<p>Interview on November 11, 2022. Translation. The editor-in-chief of Uutisl\u00e4hde, Unto R\u00f6nkk\u00f6nen and Tapio Sippoin<\/p>\n\n\n\n<p style=\"margin-top:0;margin-bottom:0\"><a href=\"https:\/\/sippoin.blogspot.com\/2024\/09\/interview-on-november-11-2022.html\" target=\"_blank\" rel=\"noreferrer noopener\">https:\/\/sippoin.blogspot.com\/2024\/09\/interview-on-november-11-2022.html<\/a><\/p>\n\n\n\n<div style=\"height:10px\" aria-hidden=\"true\" class=\"wp-block-spacer\"><\/div>\n\n\n\n<p>Why is Keho\u00e4ly\u00ae Body Intelligence\u00ae so abundant, joyful, rich, lush, and life-affirming?<\/p>\n\n\n\n<p style=\"margin-top:0;margin-bottom:0\"><a href=\"https:\/\/sippoin.blogspot.com\/2024\/09\/why-is-kehoaly-body-intelligence-so.html\" target=\"_blank\" rel=\"noreferrer noopener\">https:\/\/sippoin.blogspot.com\/2024\/09\/why-is-kehoaly-body-intelligence-so.html<\/a><\/p>\n<\/div>\n\n\n\n<div style=\"margin-top:0;margin-bottom:0;height:45px\" aria-hidden=\"true\" class=\"wp-block-spacer\"><\/div>\n<\/div>\n\n\n\n<div class=\"wp-block-group alignwide has-global-padding is-layout-constrained wp-container-core-group-is-layout-71747b01 wp-block-group-is-layout-constrained\" style=\"margin-top:0px;margin-bottom:0px\">\n<div style=\"height:25px\" aria-hidden=\"true\" id=\"training-methods\" class=\"wp-block-spacer\"><\/div>\n\n\n\n<h2 class=\"wp-block-heading alignwide\" id=\"Tapio\" style=\"font-size:clamp(21.027px, 1.314rem + ((1vw - 3.2px) * 1.351), 34px);\">Keho\u00e4ly\u00ae Body Intelligence\u00ae: Tr\u00e6ningsmetoder, V\u00e6rdier og Holdnin<\/h2>\n\n\n\n<div style=\"height:20px\" aria-hidden=\"true\" class=\"wp-block-spacer\"><\/div>\n\n\n\n<p>Keho\u00e4ly\u00ae Body Intelligence\u00ae metoden er bygget p\u00e5 et fundament af essentielle principper, der guider ud\u00f8vere i at opn\u00e5 balance mellem den fysiske krop og sindet. Denne tilgang understreger praktiske, handlingsorienterede metoder, der let kan anvendes i dagligdagen, hvilket g\u00f8r den til en alsidig og tilpasningsdygtig praksis. Blandt de mest vigtige og anerkendte praksisser inden for Keho\u00e4ly\u00ae Body Intelligence\u00ae rammerne er Gentle Practice metoden (Lempe\u00e4 harjoittelu p\u00e5 finsk), Slow Hustle metoden (Hidas kiiruhtaminen p\u00e5 finsk) og Regular Practice metoden (S\u00e4\u00e4nn\u00f6llinen harjoittelu p\u00e5 finsk). Disse metoder opfordrer til en afbalanceret, eftert\u00e6nksom tilgang til bev\u00e6gelse, der hj\u00e6lper ud\u00f8vere med at kultivere en dybere f\u00f8lelse af kropsbevidsthed og forbedre deres generelle velv\u00e6re.<\/p>\n\n\n\n<div style=\"height:20px\" aria-hidden=\"true\" class=\"wp-block-spacer\"><\/div>\n\n\n\n<p>Et centralt princip i Keho\u00e4ly\u00ae Body Intelligence\u00ae er ideen om, at &#8221;funktionalitet er m\u00e5let for sandhed,&#8221; som ofte udtales af Tapio Sippoin. Denne tro afspejler den praktiske, resultatorienterede natur af metoden, der fokuserer p\u00e5 bev\u00e6gelser og praksisser, der virkelig forbedrer sundhed og vitalitet. Sippoin\u2019s tilgang opfordrer ud\u00f8vere til at fokusere p\u00e5, hvad der fungerer for deres individuelle behov og forblive fleksible i deres tilgang til selvpleje. Han understreger ogs\u00e5, at en persons fortid ikke dikterer deres fremtidige muligheder. Ved at adoptere en Keho\u00e4ly Body Intelligence tankegang kan individer unlocke nye muligheder og opn\u00e5 positive \u00e6ndringer i deres liv.<\/p>\n<\/div>\n\n\n\n<div class=\"wp-block-group alignwide is-style-default has-global-padding is-layout-constrained wp-container-core-group-is-layout-dd0e32e1 wp-block-group-is-layout-constrained\" style=\"padding-bottom:var(--wp--preset--spacing--30)\">\n<div style=\"height:45px\" aria-hidden=\"true\" class=\"wp-block-spacer\"><\/div>\n\n\n\n<h2 class=\"wp-block-heading has-text-align-left\" style=\"font-size:clamp(21.027px, 1.314rem + ((1vw - 3.2px) * 1.351), 34px);\">Forebyggende tilgang af Keho\u00e4ly\u00ae Body Intelligence\u00ae<\/h2>\n\n\n\n<p>Keho\u00e4ly\u00ae Body Intelligence\u00ae er en forebyggende sundhedmetode baseret p\u00e5 ideen om, at bev\u00e6gelse kan fungere som en kraftfuld form for medicin. Tilgangen understreger den naturlige forbindelse mellem krop og mental velv\u00e6re og viser, hvordan tankev\u00e6kkende planlagte, sikre bev\u00e6gelser betydeligt kan forbedre en persons vitalitet og overordnede sundhed. Tapio Sippoin har fremh\u00e6vet, at bev\u00e6gelserne i Body Intelligence\u00ae \u00f8velser altid udf\u00f8res blidt og sikkert, hvilket forhindrer skader og g\u00f8r metoden velegnet til personer i alle aldre og fitnessniveauer.<\/p>\n\n\n\n<p>Fokus p\u00e5 forebyggende sundhedspleje opfordrer Keho\u00e4ly\u00ae Body Intelligence\u00ae individer til at tage sig af deres sundhed, f\u00f8r problemer opst\u00e5r. Ved at anvende blide og sikre bev\u00e6gelser kan man opretholde sundhed p\u00e5 lang sigt uden risiko for overanstrengelse eller skade. Dette g\u00f8r metoden meget kompatibel med andre sundhedsfremmende behandlinger, s\u00e5som konventionelle medicinske interventioner. Metoden underst\u00f8tter genopretning og hj\u00e6lper med at genoprette vitalitet og sundhed til personer, der har oplevet sygdom eller \u00f8nsker at opretholde deres velv\u00e6re.<\/p>\n<\/div>\n\n\n\n<div class=\"wp-block-group alignwide is-style-default has-global-padding is-layout-constrained wp-container-core-group-is-layout-dd0e32e1 wp-block-group-is-layout-constrained\" style=\"padding-bottom:var(--wp--preset--spacing--30)\">\n<div style=\"height:45px\" aria-hidden=\"true\" id=\"benefits\" class=\"wp-block-spacer\"><\/div>\n\n\n\n<h2 class=\"wp-block-heading has-text-align-left\" style=\"font-size:clamp(21.027px, 1.314rem + ((1vw - 3.2px) * 1.351), 34px);\">Fordele ved regelm\u00e6ssig praksis<\/h2>\n\n\n\n<p>Regelm\u00e6ssig og kontinuerlig praksis ligger i kernen af Keho\u00e4ly\u00ae Body Intelligence\u00ae metoden. Gennem l\u00f8bende tr\u00e6ning kan ud\u00f8vere opleve betydelige forbedringer i fysisk sundhed, mental klarhed og f\u00f8lelsesm\u00e6ssig balance. Metoden underst\u00f8tter kreativitet, forbedrer probleml\u00f8sningsevner og hj\u00e6lper individer med at forst\u00e5 livets kompleksiteter. Regelm\u00e6ssig praksis af Keho\u00e4ly Body Intelligence kan ogs\u00e5 reducere stress og hj\u00e6lpe med at opn\u00e5 indre fred.<\/p>\n\n\n\n<p>Desuden hj\u00e6lper Keho\u00e4ly\u00ae Body Intelligence\u00ae med at frigive negative overbevisninger gemt i kroppen, som kan manifestere sig som fysisk sp\u00e6nding. Disse negative overbevisninger skaber f\u00f8lelsesm\u00e6ssige blokeringer og sp\u00e6ndinger i nervesystemet; dog hj\u00e6lper regelm\u00e6ssig praksis med at omforme disse neurale m\u00f8nstre. Som et resultat styrkes positive overbevisninger og effektive mestringsmekanismer, hvilket f\u00f8rer til et mere modstandsdygtigt og balanceret nervesystem. \u00d8velserne af Keho\u00e4ly\u00ae Body Intelligence\u00ae, s\u00e5som Nervous System Balancing Form (NSB Form) og Vital Form\u00ae (El\u00e4v\u00f6itt\u00e4v\u00e4 liikesarja p\u00e5 finsk), er specielt designet til at st\u00f8tte nervesystemets funktion og forbedre balancen mellem sind og krop.<\/p>\n<\/div>\n\n\n\n<div class=\"wp-block-group alignwide is-style-default has-global-padding is-layout-constrained wp-container-core-group-is-layout-dd0e32e1 wp-block-group-is-layout-constrained\" style=\"padding-bottom:var(--wp--preset--spacing--30)\">\n<div style=\"height:45px\" aria-hidden=\"true\" id=\"tapio\" class=\"wp-block-spacer\"><\/div>\n\n\n\n<h2 class=\"wp-block-heading has-text-align-left\" style=\"font-size:clamp(21.027px, 1.314rem + ((1vw - 3.2px) * 1.351), 34px);\">Tapio Sippoin: Pioner for Keho\u00e4ly\u00ae Body Intelligence\u00ae<\/h2>\n\n\n\n<p>Tapio Sippoin er en anerkendt finsk wellness- og helbreds ekspert, hyldet som den vision\u00e6re skaber og mester af den innovative Keho\u00e4ly\u00ae Body Intelligence\u00ae metode. Med en omfattende karriere, der str\u00e6kker sig over fire \u00e5rtier, har Tapio cementeret sin status som en f\u00f8rende autoritet inden for sundhed, velv\u00e6re og arbejdsmilj\u00f8. Siden 1983 har han viet sig til undervisningen og den l\u00f8bende forfining af Body Intelligence\u00ae praksisser, hvilket tilpasser metodologien til at im\u00f8dekomme de forskellige behov hos forskellige individer.<\/p>\n\n\n\n<p>Som banebrydende inden for Body Intelligence\u00ae har Sippoin forfattet flere faglitter\u00e6re v\u00e6rker med fokus p\u00e5 sundhed, velv\u00e6re og arbejdskapacitet. Hans indflydelsesrige publikationer, herunder El\u00e4v\u00f6itt\u00e4v\u00e4 liikesarja (2008), Keho\u00e4lyn salaisuudet; kehoetiikan ja Keho\u00e4lyn k\u00e4sikirja (2016) og Terveysmeditaation harjoitus- ja tietokirja (2017) dykker ned i principperne for Keho\u00e4ly Body Intelligence og tilbyder v\u00e6rdifulde indsigter til b\u00e5de nybegyndere og erfarne praktiserende.<\/p>\n\n\n\n<p>Udover hans bidrag til Body Intelligence\u00ae har Tapio Sippoin en imponerende akademisk baggrund, idet han har kandidatgrader i b\u00e5de Business Administration og Education. Hans undervisningserfaring str\u00e6kker sig over 23 voksenuddannelsescentre i Finland, hvor han har delt sin ekspertise om en bred vifte af emner relateret til sundhed og velv\u00e6re.<\/p>\n\n\n\n<p>Tapios innovative tilgang har f\u00e5et international anerkendelse, med varem\u00e6rkerne Keho\u00e4ly\u00ae og Body Intelligence\u00ae officielt registreret i 2003. Disse varem\u00e6rker legemligg\u00f8r Tapios dedikation til at etablere en p\u00e5lidelig og anerkendt vej til forbedret sundhed og velv\u00e6re. Gennem sin uovertrufne ekspertise og oprigtige passion for at fremme fysisk og mental vitalitet er Tapio Sippoin blevet en transformativ figur i wellness-samfundet, der inspirerer en ny generation af praktiserende og individer, der str\u00e6ber efter et balanceret og meningsfuldt liv.<\/p>\n\n\n\n<p>For foresp\u00f8rgsler, seminarer eller mere information om Keho\u00e4ly\u00ae Body Intelligence\u00ae, bedes du kontakte Tapio Sippoin:<\/p>\n\n\n\n<div class=\"wp-block-group has-global-padding is-layout-constrained wp-block-group-is-layout-constrained\">\n<div class=\"wp-block-group alignwide is-nowrap is-layout-flex wp-container-core-group-is-layout-6c531013 wp-block-group-is-layout-flex\">\n<figure class=\"wp-block-image size-full\"><img decoding=\"async\" src=\"https:\/\/sippoinfi.wordpress.com\/wp-content\/uploads\/2024\/09\/img_20231003_213846-2.png\" alt=\"\" class=\"wp-image-155\"\/><\/figure>\n\n\n\n<div style=\"height:100px;width:0px\" aria-hidden=\"true\" class=\"wp-block-spacer wp-container-content-6388d5dc\"><\/div>\n\n\n\n<div class=\"wp-block-group alignwide has-global-padding is-layout-constrained wp-container-core-group-is-layout-bea02a06 wp-block-group-is-layout-constrained\" style=\"line-height:0.8\">\n<p style=\"padding-top:0;padding-right:0;padding-bottom:0;padding-left:0\"><strong>Tapio<\/strong> <strong>Sippoin<\/strong><\/p>\n\n\n\n<p>Helsinki, Finland<\/p>\n\n\n\n<p style=\"padding-top:0;padding-right:0;padding-bottom:0;padding-left:0\">+358 50 5328 528<\/p>\n\n\n\n<p style=\"padding-top:0;padding-right:0;padding-bottom:0;padding-left:0\">sippoin@proton.me<\/p>\n<\/div>\n<\/div>\n<\/div>\n<\/div>\n\n\n\n<div class=\"wp-block-group alignfull is-style-section-3 has-contrast-background-color has-background has-global-padding is-layout-constrained wp-container-core-group-is-layout-882f0f21 wp-block-group-is-layout-constrained\" style=\"margin-top:0;margin-bottom:0;padding-bottom:var(--wp--preset--spacing--30)\">\n<div class=\"wp-block-group alignwide has-global-padding is-layout-constrained wp-container-core-group-is-layout-bea02a06 wp-block-group-is-layout-constrained\">\n<div style=\"height:50px\" aria-hidden=\"true\" id=\"aloittelijalle\" class=\"wp-block-spacer\"><\/div>\n\n\n\n<h2 class=\"wp-block-heading has-base-2-color has-text-color has-link-color wp-elements-f0fb8b1378dfd0de9a8c765ecb47aa73\" style=\"font-size:clamp(21.027px, 1.314rem + ((1vw - 3.2px) * 1.351), 34px);\">For begyndere: L\u00e6ring af Keho\u00e4ly\u00ae Body Intelligence\u00ae<\/h2>\n\n\n\n<p class=\"has-base-2-color has-text-color has-link-color wp-elements-358f3675bbb80eb77f3b5af9e3416953\">For begyndere tilbyder Keho\u00e4ly\u00ae Body Intelligence\u00ae en nem og givende vej til bedre sundhed og velv\u00e6re. Som enhver f\u00e6rdighed kr\u00e6ver Keho\u00e4ly\u00ae Body Intelligence\u00ae praksis og t\u00e5lmodighed. Begyndere opfordres f\u00f8rst til at fokusere p\u00e5 grundl\u00e6ggende og sikre bev\u00e6gelser, der danner fundamentet for metoden. Over tid l\u00e6rer praktiserende at forbinde krop og sind p\u00e5 et dybere niveau, og deres vitalitet vokser.<\/p>\n\n\n\n<p class=\"has-base-2-color has-text-color has-link-color wp-elements-01a347f047085fce537e936f1c7a778e\">L\u00e6ringsprocessen er gradvis og naturlig, hvilket g\u00f8r den velegnet til individer i alle aldre og fitnessniveauer. Keho\u00e4ly\u00ae Body Intelligence\u00ae opfordrer begyndere til at udvikle sig i deres eget tempo og understreger sikkerhed og bevidsthed i kroppens bev\u00e6gelser. Gennem kontinuerlig praksis kan selv nybegyndere opn\u00e5 betydelige forbedringer i deres livskvalitet, energiniveauer og form\u00e5lsf\u00f8lelse.<\/p>\n\n\n\n<div style=\"height:15px\" aria-hidden=\"true\" class=\"wp-block-spacer\"><\/div>\n\n\n\n<div class=\"wp-block-group alignwide has-custom-color-3-background-color has-background has-global-padding is-layout-constrained wp-container-core-group-is-layout-c385debf wp-block-group-is-layout-constrained\" style=\"border-radius:30px;padding-top:var(--wp--preset--spacing--20);padding-right:var(--wp--preset--spacing--20);padding-bottom:var(--wp--preset--spacing--20);padding-left:var(--wp--preset--spacing--20)\">\n<div class=\"wp-block-group alignwide has-global-padding is-layout-constrained wp-container-core-group-is-layout-bea02a06 wp-block-group-is-layout-constrained\">\n<h5 class=\"wp-block-heading has-theme-5-color has-text-color has-link-color wp-elements-46f13badd0582addc61df6738ea21204\" style=\"font-size:clamp(15.747px, 0.984rem + ((1vw - 3.2px) * 0.86), 24px);\"><strong>Links<\/strong><\/h5>\n\n\n\n<p class=\"has-theme-5-color has-text-color has-link-color wp-elements-fc9ab4273f8fc7ce16781127fe122fa0\">Kommer snart\u2026<\/p>\n<\/div>\n<\/div>\n<\/div>\n<\/div>\n\n\n\n<div class=\"wp-block-group alignwide has-global-padding is-layout-constrained wp-container-core-group-is-layout-bea02a06 wp-block-group-is-layout-constrained\">\n<div style=\"height:50px\" aria-hidden=\"true\" class=\"wp-block-spacer\"><\/div>\n\n\n\n<div class=\"wp-block-group alignwide has-global-padding is-layout-constrained wp-container-core-group-is-layout-bea02a06 wp-block-group-is-layout-constrained\">\n<h2 class=\"wp-block-heading\" style=\"font-size:clamp(23.043px, 1.44rem + ((1vw - 3.2px) * 1.558), 38px);\">Avanceret praksis i Keho\u00e4ly\u00ae Body Intelligence\u00ae<\/h2>\n\n\n\n<p>En dybere forbindelse mellem krop og sind udfolder sig for avancerede praktiserende, der har l\u00e6rt grundprincipperne i Keho\u00e4ly\u00ae Body Intelligence\u00ae metoden. Avanceret praksis af Keho\u00e4ly\u00ae Body Intelligence\u00ae er en livslang rejse. Efterh\u00e5nden som praktiserende vokser og udvikler sig, opdager de nye m\u00e5der at anvende Keho\u00e4ly Body Intelligence principperne i deres liv. Uanset om det er gennem instruktionsvideoer, omfattende skrifter eller workshops ledet af Tapio Sippoin, er der et overflod af materiale tilg\u00e6ngeligt for at st\u00f8tte udviklingen af avancerede praktiserende.<\/p>\n\n\n\n<div style=\"height:15px\" aria-hidden=\"true\" class=\"wp-block-spacer\"><\/div>\n<\/div>\n\n\n\n<div class=\"wp-block-group alignwide has-custom-color-3-background-color has-background has-global-padding is-layout-constrained wp-container-core-group-is-layout-ea8e1d93 wp-block-group-is-layout-constrained\" style=\"border-radius:30px;padding-top:var(--wp--preset--spacing--20);padding-right:var(--wp--preset--spacing--20);padding-bottom:var(--wp--preset--spacing--20);padding-left:var(--wp--preset--spacing--20)\">\n<div class=\"wp-block-group alignwide has-global-padding is-layout-constrained wp-container-core-group-is-layout-d0cf5142 wp-block-group-is-layout-constrained\" style=\"margin-top:0;margin-bottom:0\">\n<h5 class=\"wp-block-heading has-theme-5-color has-text-color has-link-color wp-elements-03db9b78b35e814107d116aba4bb541a\" style=\"font-size:clamp(15.747px, 0.984rem + ((1vw - 3.2px) * 0.86), 24px);\"><strong><strong>Links<\/strong><\/strong><\/h5>\n\n\n\n<p class=\"has-theme-5-color has-text-color has-link-color wp-elements-fc9ab4273f8fc7ce16781127fe122fa0\">Kommer snart\u2026<\/p>\n<\/div>\n<\/div>\n\n\n\n<div style=\"height:40px\" aria-hidden=\"true\" id=\"Edistyneempien-harjoittelu\" class=\"wp-block-spacer\"><\/div>\n<\/div>\n","protected":false},"excerpt":{"rendered":"<p>Keho\u00e4ly\u00ae Body Intelligence\u00ae metode Velkommen til Keho\u00e4ly\u00ae Body Intelligence\u00ae metode uddannelsesbibliotek. Nedenfor finder du Keho\u00e4ly\u00ae Body Intelligence\u00ae forel\u00e6sningsvideoer samt praktiske instruktionsvideoer. Here you can find information about Body Intelligence\u00ae in several languages, including English, French, Spanish, German, Portuguese, Italian, Danish, Dutch, Flemish, Swedish, and Finnish. You can select your preferred language from the menu in [&hellip;]<\/p>\n","protected":false},"author":1,"featured_media":0,"parent":0,"menu_order":0,"comment_status":"closed","ping_status":"closed","template":"page-no-title","meta":{"footnotes":""},"class_list":["post-127","page","type-page","status-publish","hentry"],"_links":{"self":[{"href":"https:\/\/www.sippoin.fi\/index.php\/wp-json\/wp\/v2\/pages\/127","targetHints":{"allow":["GET"]}}],"collection":[{"href":"https:\/\/www.sippoin.fi\/index.php\/wp-json\/wp\/v2\/pages"}],"about":[{"href":"https:\/\/www.sippoin.fi\/index.php\/wp-json\/wp\/v2\/types\/page"}],"author":[{"embeddable":true,"href":"https:\/\/www.sippoin.fi\/index.php\/wp-json\/wp\/v2\/users\/1"}],"replies":[{"embeddable":true,"href":"https:\/\/www.sippoin.fi\/index.php\/wp-json\/wp\/v2\/comments?post=127"}],"version-history":[{"count":4,"href":"https:\/\/www.sippoin.fi\/index.php\/wp-json\/wp\/v2\/pages\/127\/revisions"}],"predecessor-version":[{"id":190,"href":"https:\/\/www.sippoin.fi\/index.php\/wp-json\/wp\/v2\/pages\/127\/revisions\/190"}],"wp:attachment":[{"href":"https:\/\/www.sippoin.fi\/index.php\/wp-json\/wp\/v2\/media?parent=127"}],"curies":[{"name":"wp","href":"https:\/\/api.w.org\/{rel}","templated":true}]}}