{"id":135,"date":"2024-10-14T12:05:16","date_gmt":"2024-10-14T12:05:16","guid":{"rendered":"https:\/\/www.sippoin.fi\/?page_id=135"},"modified":"2024-10-14T13:55:54","modified_gmt":"2024-10-14T13:55:54","slug":"kehoaly-body-intelligence-metod-sve","status":"publish","type":"page","link":"https:\/\/www.sippoin.fi\/index.php\/kehoaly-body-intelligence-metod-sve\/","title":{"rendered":"Keho\u00e4ly\u00ae Body Intelligence\u00ae Swedish"},"content":{"rendered":"\n<div style=\"height:55px\" aria-hidden=\"true\" class=\"wp-block-spacer\"><\/div>\n\n\n\n<h2 class=\"wp-block-heading alignwide has-text-align-center\" style=\"font-size:clamp(38.682px, 2.418rem + ((1vw - 3.2px) * 3.471), 72px);\"><strong>Keho\u00e4ly\u00ae Body Intelligence\u00ae<\/strong> <strong>metod<\/strong><\/h2>\n\n\n\n<div class=\"wp-block-group alignwide has-global-padding is-layout-constrained wp-container-core-group-is-layout-bea02a06 wp-block-group-is-layout-constrained\">\n<div style=\"height:45px\" aria-hidden=\"true\" id=\"Intro\" class=\"wp-block-spacer\"><\/div>\n\n\n\n<h2 class=\"wp-block-heading has-text-align-left has-body-font-family\" style=\"font-size:clamp(16.834px, 1.052rem + ((1vw - 3.2px) * 0.955), 26px);\">V\u00e4lkommen till utbildningsbiblioteket f\u00f6r Keho\u00e4ly\u00ae Body Intelligence\u00ae metoden. H\u00e4r hittar du f\u00f6rel\u00e4sningsvideor samt praktiska instruktionsvideor som syftar till att f\u00f6rdjupa din f\u00f6rst\u00e5else och tr\u00e4ning av denna unika metod som betonar sambandet mellan kropp och sinne.<\/h2>\n\n\n\n<p><em><strong>Here you can find information about Body Intelligence\u00ae in several languages, including English, French, Spanish, German, Portuguese, Italian, Danish, Dutch, Flemish, Swedish, and Finnish. You can select your preferred language from the menu in the top right corner.<\/strong><\/em><\/p>\n\n\n\n<div class=\"wp-block-group alignwide has-global-padding is-layout-constrained wp-block-group-is-layout-constrained\">\n<figure class=\"wp-block-image aligncenter size-large is-resized\"><img decoding=\"async\" src=\"https:\/\/sippoinfi.wordpress.com\/wp-content\/uploads\/2024\/09\/kehoaly-icon.png?w=756\" alt=\"\" class=\"wp-image-260\" style=\"width:70px\"\/><\/figure>\n<\/div>\n\n\n\n<p>Keho\u00e4ly\u00ae Body Intelligence\u00ae metoden har skapats och utvecklats av den finska v\u00e4lm\u00e5endexperten Tapio Sippoin, som \u00e4r specialiserad p\u00e5 kropp-sinnetr\u00e4ning och psykofysisk tr\u00e4ning. Metoden representerar en framst\u00e5ende ansats inom h\u00e4lsov\u00e5rden och syftar till att kombinera fysiska och mentala \u00f6vningar p\u00e5 ett naturligt och praktiskt s\u00e4tt. Genom att f\u00f6rena kroppslig och mental tr\u00e4ning str\u00e4var Tapio Sippoin efter att skapa harmoniska och effektiva praktiker som gynnar b\u00e5de den fysiska och mentala h\u00e4lsan.<\/p>\n\n\n\n<p>K\u00e4rnan i Keho\u00e4ly\u00ae Body Intelligence\u00ae metoden \u00e4r betoningen av sambandet mellan kropp och sinne, d\u00e4r r\u00f6relse fungerar som en viktig komponent av medicinsk natur. Denna grundl\u00e4ggande id\u00e9 v\u00e4gleder hela tr\u00e4ningen och illustrerar hur milda psykofysiska \u00f6vningar kan v\u00e5rda b\u00e5de kropp och sinne, f\u00f6rb\u00e4ttra v\u00e4lbefinnandet och \u00f6ka vitaliteten. Till skillnad fr\u00e5n traditionella tr\u00e4ningsmetoder, som ofta prioriterar fysisk anstr\u00e4ngning och belastning, fokuserar Keho\u00e4ly\u00ae Body Intelligence\u00ae p\u00e5 s\u00e4kerhet och att lyssna p\u00e5 kroppens signaler. Genom milda, men effektiva r\u00f6relser, aktiveras kroppens funktioner samtidigt som en harmoni mellan kropp och sinne uppmuntras.<\/p>\n\n\n\n<p>En av h\u00f6rnstenarna inom denna metod \u00e4r Vital Form\u00ae, som f\u00f6rst introducerades av Tapio Sippoin 1983. Denna \u00f6vning betraktas som den mest grundl\u00e4ggande inom systemet och utg\u00f6r basen f\u00f6r alla andra praktiker. Vital Form\u00ae transcenderar enbart fysisk tr\u00e4ning; den engagerar b\u00e5de kropp och sinne aktivt och leder ut\u00f6varen mot en djupare koppling till sin inre vitalitet. Genom att fr\u00e4mja harmoni mellan k\u00e4nslom\u00e4ssiga och fysiska tillst\u00e5nd, erbjuder \u00f6vningarna enkelhet som g\u00f6r dem tillg\u00e4ngliga f\u00f6r personer p\u00e5 alla fitnessniv\u00e5er.<\/p>\n\n\n\n<div style=\"height:20px\" aria-hidden=\"true\" class=\"wp-block-spacer\"><\/div>\n\n\n\n<div class=\"wp-block-group has-custom-color-3-background-color has-background has-global-padding is-layout-constrained wp-container-core-group-is-layout-ec001058 wp-block-group-is-layout-constrained\" style=\"border-style:none;border-width:0px;border-radius:30px;margin-top:0;margin-bottom:0;padding-top:var(--wp--preset--spacing--20);padding-right:var(--wp--preset--spacing--20);padding-bottom:var(--wp--preset--spacing--20);padding-left:var(--wp--preset--spacing--20)\">\n<h5 class=\"wp-block-heading\" style=\"font-size:clamp(15.747px, 0.984rem + ((1vw - 3.2px) * 0.86), 24px);\"><strong>L\u00e4nkar<\/strong><\/h5>\n\n\n\n<p>Interview on November 11, 2022. Translation. The editor-in-chief of Uutisl\u00e4hde, Unto R\u00f6nkk\u00f6nen and Tapio Sippoin<\/p>\n\n\n\n<p style=\"margin-top:0;margin-bottom:0\"><a href=\"https:\/\/sippoin.blogspot.com\/2024\/09\/interview-on-november-11-2022.html\" target=\"_blank\" rel=\"noreferrer noopener\">https:\/\/sippoin.blogspot.com\/2024\/09\/interview-on-november-11-2022.html<\/a><\/p>\n\n\n\n<div style=\"height:10px\" aria-hidden=\"true\" class=\"wp-block-spacer\"><\/div>\n\n\n\n<p>Why is Keho\u00e4ly\u00ae Body Intelligence\u00ae so abundant, joyful, rich, lush, and life-affirming?<\/p>\n\n\n\n<p style=\"margin-top:0;margin-bottom:0\"><a href=\"https:\/\/sippoin.blogspot.com\/2024\/09\/why-is-kehoaly-body-intelligence-so.html\" target=\"_blank\" rel=\"noreferrer noopener\">https:\/\/sippoin.blogspot.com\/2024\/09\/why-is-kehoaly-body-intelligence-so.html<\/a><\/p>\n<\/div>\n\n\n\n<div style=\"margin-top:0;margin-bottom:0;height:45px\" aria-hidden=\"true\" class=\"wp-block-spacer\"><\/div>\n<\/div>\n\n\n\n<div class=\"wp-block-group alignwide has-global-padding is-layout-constrained wp-container-core-group-is-layout-71747b01 wp-block-group-is-layout-constrained\" style=\"margin-top:0px;margin-bottom:0px\">\n<div style=\"height:25px\" aria-hidden=\"true\" id=\"training-methods\" class=\"wp-block-spacer\"><\/div>\n\n\n\n<h2 class=\"wp-block-heading alignwide\" id=\"Tapio\" style=\"font-size:clamp(21.027px, 1.314rem + ((1vw - 3.2px) * 1.351), 34px);\">Keho\u00e4ly\u00ae Body Intelligence\u00ae: Tr\u00e4ningsmetoder, V\u00e4rderingar och Attityd<\/h2>\n\n\n\n<div style=\"height:20px\" aria-hidden=\"true\" class=\"wp-block-spacer\"><\/div>\n\n\n\n<p>Keho\u00e4ly\u00ae Body Intelligence\u00ae metoden bygger p\u00e5 en stark grund av v\u00e4sentliga principer som guidar ut\u00f6varna i att uppn\u00e5 balans mellan den fysiska kroppen och sinnet. Metoden innefattar praktiska och handlingsinriktade tekniker som enkelt kan integreras i dagliga rutiner, vilket g\u00f6r den m\u00e5ngsidig och anpassningsbar. V\u00e4lk\u00e4nda metoder s\u00e5som Gentle Practice, Slow Hustle och Regular Practice betonar en medveten och balanserad inst\u00e4llning till r\u00f6relse, vilket st\u00e4rker ut\u00f6vares kroppsk\u00e4nnedom och bidrar till ett f\u00f6rb\u00e4ttrat allm\u00e4nt v\u00e4lbefinnande.<\/p>\n\n\n\n<div style=\"height:20px\" aria-hidden=\"true\" class=\"wp-block-spacer\"><\/div>\n\n\n\n<p>En central princip i Keho\u00e4ly\u00ae Body Intelligence\u00ae \u00e4r att &#8221;funktionalitet \u00e4r sanningens m\u00e5tt&#8221;, n\u00e5got som Tapio Sippoin ofta framh\u00e4ver. Denna tro \u00e5terspeglar en praktisk och resultatfokuserad natur som syftar till att f\u00f6rb\u00e4ttra b\u00e5de h\u00e4lsa och vitalitet. Sippoin uppmuntrar ut\u00f6vare att fokusera p\u00e5 vad som fungerar f\u00f6r deras individuella behov och att f\u00f6rbli flexibla i sitt egenv\u00e5rdsarbete. Han understryker \u00e4ven att en persons f\u00f6rflutna inte definierar deras framtida m\u00f6jligheter. Genom att anta en Keho\u00e4ly\u00ae Body Intelligence\u00ae inst\u00e4llning kan individer uppt\u00e4cka nya m\u00f6jligheter och \u00e5stadkomma positiva f\u00f6r\u00e4ndringar i sina liv.<\/p>\n<\/div>\n\n\n\n<div class=\"wp-block-group alignwide is-style-default has-global-padding is-layout-constrained wp-container-core-group-is-layout-dd0e32e1 wp-block-group-is-layout-constrained\" style=\"padding-bottom:var(--wp--preset--spacing--30)\">\n<div style=\"height:45px\" aria-hidden=\"true\" class=\"wp-block-spacer\"><\/div>\n\n\n\n<h2 class=\"wp-block-heading has-text-align-left\" style=\"font-size:clamp(21.027px, 1.314rem + ((1vw - 3.2px) * 1.351), 34px);\">Keho\u00e4ly\u00ae Body Intelligence\u00ae: Ett f\u00f6rebyggande tillv\u00e4gag\u00e5ngss\u00e4tt<\/h2>\n\n\n\n<p>Keho\u00e4ly\u00ae Body Intelligence\u00ae \u00e4r en preventiv h\u00e4lsometod som bygger p\u00e5 tanken att r\u00f6relse kan fungera som en kraftfull form av medicin. Metoden betonar den naturliga kopplingen mellan den fysiska och mentala h\u00e4lsan och f\u00f6rklarar hur genomt\u00e4nkt och s\u00e4ker r\u00f6relse signifikant kan \u00f6ka en individs vitalitet och allm\u00e4nna h\u00e4lsa. Tapio Sippoin har understrukit att Body Intelligence\u00ae \u00f6vningar alltid ska utf\u00f6ras skonsamt f\u00f6r att f\u00f6rhindra skador, vilket g\u00f6r metoden l\u00e4mplig f\u00f6r individer i alla \u00e5ldrar och p\u00e5 olika fitnessniv\u00e5er.<\/p>\n\n\n\n<p>Genom att fokusera p\u00e5 f\u00f6rebyggande h\u00e4lsov\u00e5rd uppmanar Keho\u00e4ly\u00ae Body Intelligence\u00ae individer att ta hand om sin h\u00e4lsa innan problem uppst\u00e5r. Genom att anv\u00e4nda milda och s\u00e4kra r\u00f6relser kan man bevara h\u00e4lsan p\u00e5 l\u00e5ng sikt utan risk f\u00f6r \u00f6veranstr\u00e4ngning eller skador, vilket g\u00f6r metoden mycket kompatibel med traditionell medicinsk v\u00e5rd. Metoden st\u00f6der \u00e4ven \u00e5terh\u00e4mtning efter sjukdom och hj\u00e4lper individer att \u00e5terf\u00e5 sin vitalitet och v\u00e4lbefinnande.<\/p>\n<\/div>\n\n\n\n<div class=\"wp-block-group alignwide is-style-default has-global-padding is-layout-constrained wp-container-core-group-is-layout-dd0e32e1 wp-block-group-is-layout-constrained\" style=\"padding-bottom:var(--wp--preset--spacing--30)\">\n<div style=\"height:45px\" aria-hidden=\"true\" id=\"benefits\" class=\"wp-block-spacer\"><\/div>\n\n\n\n<h2 class=\"wp-block-heading has-text-align-left\" style=\"font-size:clamp(21.027px, 1.314rem + ((1vw - 3.2px) * 1.351), 34px);\">F\u00f6rdelar med Regelbunden Tr\u00e4ning<\/h2>\n\n\n\n<p>K\u00e4rnan i Keho\u00e4ly\u00ae Body Intelligence\u00ae metoden ligger i regelbunden och kontinuerlig tr\u00e4ning. Genom att delta i p\u00e5g\u00e5ende tr\u00e4ning kan ut\u00f6vare m\u00e4rka betydande f\u00f6rb\u00e4ttringar i fysisk h\u00e4lsa, mental klarhet och k\u00e4nslom\u00e4ssig balans. Metoden bidrar ocks\u00e5 till \u00f6kad kreativitet och f\u00f6rb\u00e4ttrad probleml\u00f6sning, och hj\u00e4lper individer att navigera genom livets komplexiteter. Dessutom har regelbunden tr\u00e4ning en stressreducerande effekt och hj\u00e4lper till att skapa inre frid.<\/p>\n\n\n\n<p>Dessutom hj\u00e4lper Keho\u00e4ly\u00ae Body Intelligence\u00ae att frig\u00f6ra negativa \u00f6vertygelser som lagrats i kroppen, vilka kan visa sig som fysisk sp\u00e4nning. Dessa negativa tankem\u00f6nster kan skapa k\u00e4nslom\u00e4ssiga blockeringar och p\u00e5verka nervsystemet negativt. Regelbunden tr\u00e4ning bidrar till att omforma dessa neurala m\u00f6nster, vilket resulterar i f\u00f6rst\u00e4rkta positiva \u00f6vertygelser och en effektivare hantering av stress. \u00d6vningar som Nervous System Balancing Form (NSB Form) och Vital Form\u00ae \u00e4r s\u00e4rskilt designade f\u00f6r att st\u00f6dja nervsystemets funktion och f\u00f6rb\u00e4ttra balansen mellan sinne och kropp.<\/p>\n<\/div>\n\n\n\n<div class=\"wp-block-group alignwide is-style-default has-global-padding is-layout-constrained wp-container-core-group-is-layout-dd0e32e1 wp-block-group-is-layout-constrained\" style=\"padding-bottom:var(--wp--preset--spacing--30)\">\n<div style=\"height:45px\" aria-hidden=\"true\" id=\"tapio\" class=\"wp-block-spacer\"><\/div>\n\n\n\n<h2 class=\"wp-block-heading has-text-align-left\" style=\"font-size:clamp(21.027px, 1.314rem + ((1vw - 3.2px) * 1.351), 34px);\">Tapio Sippoin: Pionj\u00e4r f\u00f6r Keho\u00e4ly\u00ae Body Intelligence\u00ae<\/h2>\n\n\n\n<p>Tapio Sippoin \u00e4r en framst\u00e5ende finsk expert inom v\u00e4lbefinnande och h\u00e4lsa, k\u00e4nd som den vision\u00e4ra skaparen av Keho\u00e4ly\u00ae Body Intelligence\u00ae metoden. Med en imponerande karri\u00e4r som str\u00e4cker sig \u00f6ver mer \u00e4n fyra decennier har han etablerat sig som en ledande auktoritet inom h\u00e4lsa och v\u00e4lbefinnande. Sedan 1983 har Tapio undervisat och st\u00e4ndigt f\u00f6rfinat Body Intelligence\u00ae praktiker, och anpassat metodologin f\u00f6r att m\u00f6ta de m\u00e5ngfacetterade behoven hos olika individer.<\/p>\n\n\n\n<p>Sippoin \u00e4r ocks\u00e5 f\u00f6rfattare till flera viktiga verk inom omr\u00e5det, inklusive &#8221;El\u00e4v\u00f6itt\u00e4v\u00e4 liikesarja&#8221; (2008), &#8221;Keho\u00e4lyn salaisuudet&#8221; (2016) och &#8221;Terveysmeditaation harjoitus- ja tietokirja&#8221; (2017), vilka erbjuder inneboende insikter f\u00f6r s\u00e5v\u00e4l nyb\u00f6rjare som erfarna ut\u00f6vare.<\/p>\n\n\n\n<p>Hans akademiska bakgrund inkluderar masterexamen i b\u00e5de f\u00f6retagsekonomi och utbildning, och hans undervisningserfarenhet omfattar \u00f6ver 23 vuxenutbildningscentraler i Finland, d\u00e4r han har delat sin expertis.<\/p>\n\n\n\n<p>Tapio Sippoin har f\u00e5tt internationellt erk\u00e4nnande f\u00f6r sitt arbete, vilket ledde till registreringen av varum\u00e4rkena Keho\u00e4ly\u00ae och Body Intelligence\u00ae \u00e5r 2003. Dessa varum\u00e4rken st\u00e5r som symboler f\u00f6r hans engagemang f\u00f6r att skapa en p\u00e5litlig v\u00e4g till f\u00f6rb\u00e4ttrad h\u00e4lsa och v\u00e4lbefinnande. Med sin djupa expertis och ursprungliga passion f\u00f6r att fr\u00e4mja mental och fysisk vitalitet framst\u00e5r Tapio Sippoin som en betydelsefull figur inom v\u00e4lm\u00e5endegemenskapen.<\/p>\n\n\n\n<p>F\u00f6r fr\u00e5gor, seminarier eller mer information om Keho\u00e4ly\u00ae Body Intelligence\u00ae, v\u00e4nligen kontakta Tapio Sippoin:<\/p>\n\n\n\n<div class=\"wp-block-group has-global-padding is-layout-constrained wp-block-group-is-layout-constrained\">\n<div class=\"wp-block-group alignwide is-nowrap is-layout-flex wp-container-core-group-is-layout-6c531013 wp-block-group-is-layout-flex\">\n<figure class=\"wp-block-image size-full\"><img decoding=\"async\" src=\"https:\/\/sippoinfi.wordpress.com\/wp-content\/uploads\/2024\/09\/img_20231003_213846-2.png\" alt=\"\" class=\"wp-image-155\"\/><\/figure>\n\n\n\n<div style=\"height:100px;width:0px\" aria-hidden=\"true\" class=\"wp-block-spacer wp-container-content-6388d5dc\"><\/div>\n\n\n\n<div class=\"wp-block-group alignwide has-global-padding is-layout-constrained wp-container-core-group-is-layout-bea02a06 wp-block-group-is-layout-constrained\" style=\"line-height:0.8\">\n<p style=\"padding-top:0;padding-right:0;padding-bottom:0;padding-left:0\"><strong>Tapio<\/strong> <strong>Sippoin<\/strong><\/p>\n\n\n\n<p>Helsinki, Finland<\/p>\n\n\n\n<p style=\"padding-top:0;padding-right:0;padding-bottom:0;padding-left:0\">+358 50 5328 528<\/p>\n\n\n\n<p style=\"padding-top:0;padding-right:0;padding-bottom:0;padding-left:0\">sippoin@proton.me<\/p>\n<\/div>\n<\/div>\n<\/div>\n<\/div>\n\n\n\n<div class=\"wp-block-group alignfull is-style-section-3 has-contrast-background-color has-background has-global-padding is-layout-constrained wp-container-core-group-is-layout-882f0f21 wp-block-group-is-layout-constrained\" style=\"margin-top:0;margin-bottom:0;padding-bottom:var(--wp--preset--spacing--30)\">\n<div class=\"wp-block-group alignwide has-global-padding is-layout-constrained wp-container-core-group-is-layout-bea02a06 wp-block-group-is-layout-constrained\">\n<div style=\"height:50px\" aria-hidden=\"true\" id=\"aloittelijalle\" class=\"wp-block-spacer\"><\/div>\n\n\n\n<h2 class=\"wp-block-heading has-base-2-color has-text-color has-link-color wp-elements-6c77fed15e32d724e9a84c64838d050e\" style=\"font-size:clamp(21.027px, 1.314rem + ((1vw - 3.2px) * 1.351), 34px);\">F\u00f6r nyb\u00f6rjare: L\u00e4r dig Keho\u00e4ly\u00ae Body Intelligence\u00ae<\/h2>\n\n\n\n<p class=\"has-base-2-color has-text-color has-link-color wp-elements-fa4a5c09147d8f4518eb258842ba893d\">F\u00f6r nyb\u00f6rjare erbjuder Keho\u00e4ly\u00ae Body Intelligence\u00ae en l\u00e4ttillg\u00e4nglig v\u00e4g mot \u00f6kad h\u00e4lsa och v\u00e4lbefinnande. Precis som med alla f\u00e4rdigheter kr\u00e4ver metoden b\u00e5de tr\u00e4ning och t\u00e5lamod. Nyb\u00f6rjare rekommenderas att f\u00f6rst fokusera p\u00e5 grunderna och de s\u00e4kra r\u00f6relserna som utg\u00f6r fundamentet f\u00f6r metoden. N\u00e4r f\u00f6rst\u00e5elsen och kopplingen mellan kropp och sinne v\u00e4xer, \u00f6kar ocks\u00e5 vitaliteten hos ut\u00f6varna.<\/p>\n\n\n\n<p class=\"has-base-2-color has-text-color has-link-color wp-elements-94436bc83c30f11c0451e4ca94f8f94a\">L\u00e4randeprocessen \u00e4r naturlig och gradvis, vilket g\u00f6r den l\u00e4mplig f\u00f6r individer i alla \u00e5ldrar och p\u00e5 olika niv\u00e5er av fysisk kapacitet. Keho\u00e4ly\u00ae Body Intelligence\u00ae uppmuntrar nyb\u00f6rjare att avancera i sin egen takt, med en stark betoning p\u00e5 s\u00e4kerhet och medvetenhet i r\u00f6relserna. Genom kontinuerlig tr\u00e4ning kan \u00e4ven nyb\u00f6rjare uppt\u00e4cka betydande f\u00f6rb\u00e4ttringar i livskvalitet, energiniv\u00e5er och k\u00e4nsla av syfte.<\/p>\n\n\n\n<div style=\"height:15px\" aria-hidden=\"true\" class=\"wp-block-spacer\"><\/div>\n\n\n\n<div class=\"wp-block-group alignwide has-custom-color-3-background-color has-background has-global-padding is-layout-constrained wp-container-core-group-is-layout-c385debf wp-block-group-is-layout-constrained\" style=\"border-radius:30px;padding-top:var(--wp--preset--spacing--20);padding-right:var(--wp--preset--spacing--20);padding-bottom:var(--wp--preset--spacing--20);padding-left:var(--wp--preset--spacing--20)\">\n<div class=\"wp-block-group alignwide has-global-padding is-layout-constrained wp-container-core-group-is-layout-bea02a06 wp-block-group-is-layout-constrained\">\n<h5 class=\"wp-block-heading has-theme-5-color has-text-color has-link-color wp-elements-7eeb63b1569d97ff84a792369bdaf879\" style=\"font-size:clamp(15.747px, 0.984rem + ((1vw - 3.2px) * 0.86), 24px);\"><strong>L\u00e4nkar<\/strong><\/h5>\n\n\n\n<p class=\"has-theme-5-color has-text-color has-link-color wp-elements-fc9ab4273f8fc7ce16781127fe122fa0\">Kommer snart\u2026<\/p>\n<\/div>\n<\/div>\n<\/div>\n<\/div>\n\n\n\n<div class=\"wp-block-group alignwide has-global-padding is-layout-constrained wp-container-core-group-is-layout-bea02a06 wp-block-group-is-layout-constrained\">\n<div style=\"height:50px\" aria-hidden=\"true\" class=\"wp-block-spacer\"><\/div>\n\n\n\n<div class=\"wp-block-group alignwide has-global-padding is-layout-constrained wp-container-core-group-is-layout-bea02a06 wp-block-group-is-layout-constrained\">\n<h2 class=\"wp-block-heading\" style=\"font-size:clamp(23.043px, 1.44rem + ((1vw - 3.2px) * 1.558), 38px);\">Avancerad Tr\u00e4ning i Keho\u00e4ly\u00ae Body Intelligence\u00ae<\/h2>\n\n\n\n<p>F\u00f6r mer erfarna ut\u00f6vare som har bem\u00e4strat grundprinciperna inom Keho\u00e4ly\u00ae Body Intelligence\u00ae finns det en djupare niv\u00e5 av samband mellan kropp och sinne att utforska. Den avancerade praktiken inneb\u00e4r en livsl\u00e5ng resa d\u00e4r ut\u00f6vare uppt\u00e4cker nya till\u00e4mpningar av metoden i sina liv. Oavsett om det handlar om instruktionsvideor, litteratur eller workshops ledda av Tapio Sippoin, finns det en rik tillg\u00e5ng av resurser som st\u00f6der den fortsatta utvecklingen inom Keho\u00e4ly\u00ae Body Intelligence\u00ae.<\/p>\n\n\n\n<div style=\"height:15px\" aria-hidden=\"true\" class=\"wp-block-spacer\"><\/div>\n<\/div>\n\n\n\n<div class=\"wp-block-group alignwide has-custom-color-3-background-color has-background has-global-padding is-layout-constrained wp-container-core-group-is-layout-ea8e1d93 wp-block-group-is-layout-constrained\" style=\"border-radius:30px;padding-top:var(--wp--preset--spacing--20);padding-right:var(--wp--preset--spacing--20);padding-bottom:var(--wp--preset--spacing--20);padding-left:var(--wp--preset--spacing--20)\">\n<div class=\"wp-block-group alignwide has-global-padding is-layout-constrained wp-container-core-group-is-layout-d0cf5142 wp-block-group-is-layout-constrained\" style=\"margin-top:0;margin-bottom:0\">\n<h5 class=\"wp-block-heading has-theme-5-color has-text-color has-link-color wp-elements-db2df714d7407669170f0bdf25ee2bba\" style=\"font-size:clamp(15.747px, 0.984rem + ((1vw - 3.2px) * 0.86), 24px);\"><strong><strong>L\u00e4nkar<\/strong><\/strong><\/h5>\n\n\n\n<p class=\"has-theme-5-color has-text-color has-link-color wp-elements-fc9ab4273f8fc7ce16781127fe122fa0\">Kommer snart\u2026<\/p>\n<\/div>\n<\/div>\n\n\n\n<div style=\"height:40px\" aria-hidden=\"true\" id=\"Edistyneempien-harjoittelu\" class=\"wp-block-spacer\"><\/div>\n<\/div>\n","protected":false},"excerpt":{"rendered":"<p>Keho\u00e4ly\u00ae Body Intelligence\u00ae metod V\u00e4lkommen till utbildningsbiblioteket f\u00f6r Keho\u00e4ly\u00ae Body Intelligence\u00ae metoden. H\u00e4r hittar du f\u00f6rel\u00e4sningsvideor samt praktiska instruktionsvideor som syftar till att f\u00f6rdjupa din f\u00f6rst\u00e5else och tr\u00e4ning av denna unika metod som betonar sambandet mellan kropp och sinne. Here you can find information about Body Intelligence\u00ae in several languages, including English, French, Spanish, German, [&hellip;]<\/p>\n","protected":false},"author":1,"featured_media":0,"parent":0,"menu_order":0,"comment_status":"closed","ping_status":"closed","template":"page-no-title","meta":{"footnotes":""},"class_list":["post-135","page","type-page","status-publish","hentry"],"_links":{"self":[{"href":"https:\/\/www.sippoin.fi\/index.php\/wp-json\/wp\/v2\/pages\/135","targetHints":{"allow":["GET"]}}],"collection":[{"href":"https:\/\/www.sippoin.fi\/index.php\/wp-json\/wp\/v2\/pages"}],"about":[{"href":"https:\/\/www.sippoin.fi\/index.php\/wp-json\/wp\/v2\/types\/page"}],"author":[{"embeddable":true,"href":"https:\/\/www.sippoin.fi\/index.php\/wp-json\/wp\/v2\/users\/1"}],"replies":[{"embeddable":true,"href":"https:\/\/www.sippoin.fi\/index.php\/wp-json\/wp\/v2\/comments?post=135"}],"version-history":[{"count":5,"href":"https:\/\/www.sippoin.fi\/index.php\/wp-json\/wp\/v2\/pages\/135\/revisions"}],"predecessor-version":[{"id":182,"href":"https:\/\/www.sippoin.fi\/index.php\/wp-json\/wp\/v2\/pages\/135\/revisions\/182"}],"wp:attachment":[{"href":"https:\/\/www.sippoin.fi\/index.php\/wp-json\/wp\/v2\/media?parent=135"}],"curies":[{"name":"wp","href":"https:\/\/api.w.org\/{rel}","templated":true}]}}