{"id":73,"date":"2024-10-10T08:55:46","date_gmt":"2024-10-10T08:55:46","guid":{"rendered":"https:\/\/www.sippoin.fi\/?page_id=73"},"modified":"2024-10-14T13:59:06","modified_gmt":"2024-10-14T13:59:06","slug":"kehoaly-body-intelligence-french","status":"publish","type":"page","link":"https:\/\/www.sippoin.fi\/index.php\/kehoaly-body-intelligence-french\/","title":{"rendered":"Keho\u00e4ly\u00ae Body Intelligence\u00ae French"},"content":{"rendered":"\n<main class=\"wp-block-group alignwide has-global-padding is-layout-constrained wp-container-core-group-is-layout-0d79f180 wp-block-group-is-layout-constrained\" style=\"margin-top:0;margin-bottom:0\">\n<div class=\"wp-block-group alignfull has-global-padding is-content-justification-center is-layout-constrained wp-block-group-is-layout-constrained\" style=\"margin-top:0;margin-bottom:0\">\n<div style=\"height:55px\" aria-hidden=\"true\" class=\"wp-block-spacer\"><\/div>\n\n\n\n<div class=\"wp-block-group alignwide has-global-padding is-layout-constrained wp-container-core-group-is-layout-704e782a wp-block-group-is-layout-constrained\">\n<h2 class=\"wp-block-heading alignwide has-text-align-center\" style=\"font-size:clamp(38.682px, 2.418rem + ((1vw - 3.2px) * 3.471), 72px);\"><strong>M\u00e9thode Keho\u00e4ly\u00ae Body Intelligence\u00ae<\/strong><\/h2>\n<\/div>\n<\/div>\n\n\n\n<div style=\"height:35px;width:0px\" aria-hidden=\"true\" class=\"wp-block-spacer\"><\/div>\n\n\n\n<div class=\"wp-block-group alignwide has-global-padding is-layout-constrained wp-block-group-is-layout-constrained\">\n<div class=\"wp-block-group alignwide has-global-padding is-layout-constrained wp-container-core-group-is-layout-bea02a06 wp-block-group-is-layout-constrained\">\n<div style=\"height:45px\" aria-hidden=\"true\" id=\"Intro\" class=\"wp-block-spacer\"><\/div>\n\n\n\n<h2 class=\"wp-block-heading has-text-align-left has-body-font-family\" style=\"font-size:clamp(16.834px, 1.052rem + ((1vw - 3.2px) * 0.955), 26px);\">Bienvenue dans la biblioth\u00e8que \u00e9ducative de la m\u00e9thode Keho\u00e4ly\u00ae Body Intelligence\u00ae. Ci-dessous, vous trouverez des vid\u00e9os de conf\u00e9rences sur la m\u00e9thode Keho\u00e4ly\u00ae Body Intelligence\u00ae ainsi que des vid\u00e9os d&#8217;instruction pratiques.<\/h2>\n\n\n\n<p><em><strong>Here you can find information about Body Intelligence\u00ae in several languages, including English, French, Spanish, German, Portuguese, Italian, Danish, Dutch, Flemish, Swedish, and Finnish. You can select your preferred language from the menu in the top right corner.<\/strong><\/em><\/p>\n\n\n\n<div class=\"wp-block-group alignwide has-global-padding is-layout-constrained wp-block-group-is-layout-constrained\">\n<figure class=\"wp-block-image aligncenter size-large is-resized\"><img decoding=\"async\" src=\"https:\/\/sippoinfi.wordpress.com\/wp-content\/uploads\/2024\/09\/kehoaly-icon.png?w=756\" alt=\"\" class=\"wp-image-260\" style=\"width:70px\"\/><\/figure>\n<\/div>\n\n\n\n<p>La m\u00e9thode Keho\u00e4ly\u00ae Body Intelligence\u00ae est cr\u00e9\u00e9e et d\u00e9velopp\u00e9e par l&#8217;expert finlandais en bien-\u00eatre Tapio Sippoin, qui se sp\u00e9cialise dans l&#8217;entra\u00eenement corps-esprit et psychophysique. La m\u00e9thode Keho\u00e4ly\u00ae Body Intelligence\u00ae est une approche unique des soins de sant\u00e9 qui combine des pratiques physiques et mentales de mani\u00e8re naturelle et pratique. Tapio Sippoin m\u00e9lange habilement l&#8217;entra\u00eenement physique et mental pour cr\u00e9er des pratiques harmonieuses et efficaces.<\/p>\n\n\n\n<p>La m\u00e9thode Keho\u00e4ly\u00ae Body Intelligence\u00ae souligne la connexion entre le corps et l&#8217;esprit, bas\u00e9e sur le principe que le mouvement sert de forme de m\u00e9decine. Cette id\u00e9e fondamentale est au c\u0153ur de la m\u00e9thode et guide l&#8217;ensemble de la pratique. Keho\u00e4ly Body Intelligence int\u00e8gre des exercices psychophysiques doux con\u00e7us pour nourrir \u00e0 la fois le corps et l&#8217;esprit, am\u00e9liorant le bien-\u00eatre g\u00e9n\u00e9ral, la vitalit\u00e9, et favorisant une prise de conscience de soi plus profonde. Contrairement aux m\u00e9thodes de fitness traditionnelles qui peuvent privil\u00e9gier l&#8217;effort physique et la fatigue, Keho\u00e4ly Body Intelligence met l&#8217;accent sur la s\u00e9curit\u00e9 et encourage l&#8217;\u00e9coute du corps. \u00c0 travers des mouvements doux mais efficaces, cela active les fonctions corporelles tout en promouvant une approche engag\u00e9e du mouvement.<\/p>\n\n\n\n<p>L&#8217;une des pratiques fondamentales au sein de Keho\u00e4ly\u00ae Body Intelligence\u00ae est Vital Form\u00ae, introduite pour la premi\u00e8re fois par Tapio Sippoin en 1983. Cette forme est consid\u00e9r\u00e9e comme l&#8217;exercice le plus essentiel et fondamental au sein du syst\u00e8me, servant de base \u00e0 toutes les autres pratiques. Vital Form\u00ae transcende le simple exercice physique ; elle engage activement \u00e0 la fois le corps et l&#8217;esprit, orientant les praticiens vers une connexion plus profonde avec leur vitalit\u00e9 int\u00e9rieure. Cette s\u00e9rie d&#8217;exercices favorise l&#8217;harmonie entre les \u00e9tats physiques et mentaux, et sa simplicit\u00e9 inh\u00e9rente la rend accessible \u00e0 des individus de tous niveaux de condition physique. La nature directe de Vital Form\u00ae garantit que chacun, quelle que soit sa situation initiale, peut participer et b\u00e9n\u00e9ficier de sa pratique.<\/p>\n\n\n\n<div style=\"height:20px\" aria-hidden=\"true\" class=\"wp-block-spacer\"><\/div>\n<\/div>\n\n\n\n<div class=\"wp-block-group alignwide has-global-padding is-layout-constrained wp-container-core-group-is-layout-bea02a06 wp-block-group-is-layout-constrained\">\n<div class=\"wp-block-group has-custom-color-3-background-color has-background has-global-padding is-layout-constrained wp-container-core-group-is-layout-ec001058 wp-block-group-is-layout-constrained\" style=\"border-style:none;border-width:0px;border-radius:30px;margin-top:0;margin-bottom:0;padding-top:var(--wp--preset--spacing--20);padding-right:var(--wp--preset--spacing--20);padding-bottom:var(--wp--preset--spacing--20);padding-left:var(--wp--preset--spacing--20)\">\n<h5 class=\"wp-block-heading\" style=\"font-size:clamp(15.747px, 0.984rem + ((1vw - 3.2px) * 0.86), 24px);\"><strong>Liens<\/strong><\/h5>\n\n\n\n<p>Interview on November 11, 2022. Translation. The editor-in-chief of Uutisl\u00e4hde, Unto R\u00f6nkk\u00f6nen and Tapio Sippoin<\/p>\n\n\n\n<p style=\"margin-top:0;margin-bottom:0\"><a href=\"https:\/\/sippoin.blogspot.com\/2024\/09\/interview-on-november-11-2022.html\" target=\"_blank\" rel=\"noreferrer noopener\">https:\/\/sippoin.blogspot.com\/2024\/09\/interview-on-november-11-2022.html<\/a><\/p>\n\n\n\n<div style=\"height:10px\" aria-hidden=\"true\" class=\"wp-block-spacer\"><\/div>\n\n\n\n<p>Why is Keho\u00e4ly\u00ae Body Intelligence\u00ae so abundant, joyful, rich, lush, and life-affirming?<\/p>\n\n\n\n<p style=\"margin-top:0;margin-bottom:0\"><a href=\"https:\/\/sippoin.blogspot.com\/2024\/09\/why-is-kehoaly-body-intelligence-so.html\" target=\"_blank\" rel=\"noreferrer noopener\">https:\/\/sippoin.blogspot.com\/2024\/09\/why-is-kehoaly-body-intelligence-so.html<\/a><\/p>\n<\/div>\n\n\n\n<div style=\"margin-top:0;margin-bottom:0;height:45px\" aria-hidden=\"true\" class=\"wp-block-spacer\"><\/div>\n<\/div>\n<\/div>\n<\/main>\n\n\n\n<div class=\"wp-block-group alignwide has-global-padding is-layout-constrained wp-container-core-group-is-layout-71747b01 wp-block-group-is-layout-constrained\" style=\"margin-top:0px;margin-bottom:0px\">\n<div style=\"height:25px\" aria-hidden=\"true\" id=\"training-methods\" class=\"wp-block-spacer\"><\/div>\n\n\n\n<h2 class=\"wp-block-heading alignwide\" id=\"Tapio\" style=\"font-size:clamp(21.027px, 1.314rem + ((1vw - 3.2px) * 1.351), 34px);\">Keho\u00e4ly\u00ae Body Intelligence\u00ae : M\u00e9thodes de Formation, Valeurs et Attitude<\/h2>\n\n\n\n<div style=\"height:20px\" aria-hidden=\"true\" class=\"wp-block-spacer\"><\/div>\n\n\n\n<p>La m\u00e9thode Keho\u00e4ly\u00ae Body Intelligence\u00ae repose sur un ensemble de principes essentiels qui guident les praticiens dans l&#8217;atteinte d&#8217;un \u00e9quilibre entre le corps physique et l&#8217;esprit. Cette approche met l&#8217;accent sur des m\u00e9thodes pratiques et orient\u00e9es vers l&#8217;action qui peuvent \u00eatre facilement appliqu\u00e9es \u00e0 la vie quotidienne, rendant la pratique polyvalente et adaptable. Parmi les pratiques les plus importantes et renomm\u00e9es au sein du cadre de Keho\u00e4ly\u00ae Body Intelligence\u00ae figurent la m\u00e9thode Gentle Practice, la m\u00e9thode Slow Hustle, et la m\u00e9thode Regular Practice. Ces m\u00e9thodes encouragent une approche \u00e9quilibr\u00e9e et r\u00e9fl\u00e9chie du mouvement, aidant les praticiens \u00e0 cultiver une conscience corporelle plus profonde et \u00e0 am\u00e9liorer leur bien-\u00eatre g\u00e9n\u00e9ral.<\/p>\n\n\n\n<div style=\"height:20px\" aria-hidden=\"true\" class=\"wp-block-spacer\"><\/div>\n\n\n\n<p>Un principe cl\u00e9 dans Keho\u00e4ly\u00ae Body Intelligence\u00ae est l&#8217;id\u00e9e que &#8221;la fonctionnalit\u00e9 est la mesure de la v\u00e9rit\u00e9&#8221;, comme l&#8217;affirme souvent Tapio Sippoin. Cette croyance refl\u00e8te la nature pratique et orient\u00e9e vers les r\u00e9sultats de la m\u00e9thode, qui se concentre sur des mouvements et des pratiques qui am\u00e9liorent vraiment la sant\u00e9 et la vitalit\u00e9. L&#8217;approche de Tapio Sippoin encourage les praticiens \u00e0 se concentrer sur ce qui fonctionne pour leurs besoins individuels et \u00e0 rester flexibles dans leur approche des soins auto-administr\u00e9s. Il souligne \u00e9galement qu le pass\u00e9 d&#8217;une personne ne dicte pas ses futures opportunit\u00e9s. En adoptant un \u00e9tat d&#8217;esprit de Keho\u00e4ly Body Intelligence, les individus peuvent d\u00e9bloquer de nouvelles possibilit\u00e9s et r\u00e9aliser des changements positifs dans leur vie.<\/p>\n<\/div>\n\n\n\n<div class=\"wp-block-group alignwide is-style-default has-global-padding is-layout-constrained wp-container-core-group-is-layout-dd0e32e1 wp-block-group-is-layout-constrained\" style=\"padding-bottom:var(--wp--preset--spacing--30)\">\n<div style=\"height:45px\" aria-hidden=\"true\" class=\"wp-block-spacer\"><\/div>\n\n\n\n<h2 class=\"wp-block-heading has-text-align-left\" style=\"font-size:clamp(21.027px, 1.314rem + ((1vw - 3.2px) * 1.351), 34px);\">Approche Pr\u00e9ventive de Keho\u00e4ly\u00ae Body Intelligence\u00ae<\/h2>\n\n\n\n<p>Keho\u00e4ly\u00ae Body Intelligence\u00ae est une m\u00e9thode de sant\u00e9 pr\u00e9ventive qui repose sur l&#8217;id\u00e9e que le mouvement peut servir de forme puissante de m\u00e9decine. L&#8217;approche met l&#8217;accent sur la connexion naturelle entre le corps et le bien-\u00eatre mental, d\u00e9montrant comment un mouvement planifi\u00e9 et s\u00e9curis\u00e9 peut significativement am\u00e9liorer la vitalit\u00e9 et la sant\u00e9 globale d&#8217;un individu. Tapio Sippoin a soulign\u00e9 que les mouvements dans les exercices de Body Intelligence\u00ae sont toujours r\u00e9alis\u00e9s de mani\u00e8re douce et s\u00e9curis\u00e9e, pr\u00e9venant les blessures et rendant la m\u00e9thode adapt\u00e9e aux individus de tous \u00e2ges et niveaux de condition physique.<\/p>\n\n\n\n<p>En se concentrant sur les soins de sant\u00e9 pr\u00e9ventifs, Keho\u00e4ly\u00ae Body Intelligence\u00ae encourage les individus \u00e0 prendre soin de leur sant\u00e9 avant que des probl\u00e8mes ne surviennent. En utilisant des mouvements doux et s\u00fbrs, on peut maintenir sa sant\u00e9 \u00e0 long terme sans le risque de surmenage ou de blessure. Cela rend la m\u00e9thode hautement compatible avec d&#8217;autres traitements favorables \u00e0 la sant\u00e9, tels que les interventions m\u00e9dicales conventionnelles. La m\u00e9thode soutient la r\u00e9cup\u00e9ration et aide \u00e0 restaurer la vitalit\u00e9 et la sant\u00e9 chez les individus ayant subi une maladie ou souhaitant maintenir leur bien-\u00eatre.<\/p>\n<\/div>\n\n\n\n<div class=\"wp-block-group alignwide is-style-default has-global-padding is-layout-constrained wp-container-core-group-is-layout-dd0e32e1 wp-block-group-is-layout-constrained\" style=\"padding-bottom:var(--wp--preset--spacing--30)\">\n<div style=\"height:45px\" aria-hidden=\"true\" id=\"benefits\" class=\"wp-block-spacer\"><\/div>\n\n\n\n<h2 class=\"wp-block-heading has-text-align-left\" style=\"font-size:clamp(21.027px, 1.314rem + ((1vw - 3.2px) * 1.351), 34px);\">Les Avantages d&#8217;une Pratique R\u00e9guli\u00e8re<\/h2>\n\n\n\n<p>Une pratique r\u00e9guli\u00e8re et continue est au c\u0153ur de la m\u00e9thode Keho\u00e4ly\u00ae Body Intelligence\u00ae. Gr\u00e2ce \u00e0 un entra\u00eenement continu, les praticiens peuvent conna\u00eetre des am\u00e9liorations significatives de leur sant\u00e9 physique, de leur clart\u00e9 mentale et de leur \u00e9quilibre \u00e9motionnel. La m\u00e9thode soutient la cr\u00e9ativit\u00e9, am\u00e9liore les comp\u00e9tences en r\u00e9solution de probl\u00e8mes et aide les individus \u00e0 comprendre les complexit\u00e9s de la vie. La pratique r\u00e9guli\u00e8re de Keho\u00e4ly Body Intelligence peut \u00e9galement r\u00e9duire le stress et aider \u00e0 atteindre la paix int\u00e9rieure.<\/p>\n\n\n\n<p>De plus, Keho\u00e4ly\u00ae Body Intelligence\u00ae aide \u00e0 lib\u00e9rer des croyances n\u00e9gatives stock\u00e9es dans le corps, qui peuvent se manifester sous forme de tension physique. Ces croyances n\u00e9gatives cr\u00e9ent des blocages \u00e9motionnels et une tension dans le syst\u00e8me nerveux ; cependant, la pratique r\u00e9guli\u00e8re aide \u00e0 remodeler ces sch\u00e9mas neuronaux. En cons\u00e9quence, des croyances positives et des m\u00e9canismes d&#8217;adaptation efficaces sont renforc\u00e9s, conduisant \u00e0 un syst\u00e8me nerveux plus r\u00e9silient et \u00e9quilibr\u00e9. Les exercices de Keho\u00e4ly Body Intelligence, tels que la Nervous System Balancing Form (NSB Form) et Vital Form\u00ae, sont sp\u00e9cifiquement con\u00e7us pour soutenir la fonction du syst\u00e8me nerveux et am\u00e9liorer l&#8217;\u00e9quilibre entre l&#8217;esprit et le corps.<\/p>\n<\/div>\n\n\n\n<div class=\"wp-block-group alignwide is-style-default has-global-padding is-layout-constrained wp-container-core-group-is-layout-dd0e32e1 wp-block-group-is-layout-constrained\" style=\"padding-bottom:var(--wp--preset--spacing--30)\">\n<div style=\"height:45px\" aria-hidden=\"true\" id=\"tapio\" class=\"wp-block-spacer\"><\/div>\n\n\n\n<h2 class=\"wp-block-heading has-text-align-left\" style=\"font-size:clamp(21.027px, 1.314rem + ((1vw - 3.2px) * 1.351), 34px);\">Tapio Sippoin : Pionnier de Keho\u00e4ly\u00ae Body Intelligence\u00ae<\/h2>\n\n\n\n<p>Tapio Sippoin est un expert en bien-\u00eatre et sant\u00e9 finlandais de renom, c\u00e9l\u00e9br\u00e9 comme le cr\u00e9ateur visionnaire et ma\u00eetre de la m\u00e9thode innovante Keho\u00e4ly\u00ae Body Intelligence\u00ae. Avec une carri\u00e8re s&#8217;\u00e9tendant sur plus de quatre d\u00e9cennies, Tapio a solidifi\u00e9 son statut d&#8217;autorit\u00e9 reconnue dans les domaines de la sant\u00e9, du bien-\u00eatre et du bien-\u00eatre au travail. Depuis 1983, il se consacre \u00e0 l&#8217;enseignement et \u00e0 l&#8217;affinement continu des pratiques de Body Intelligence\u00ae, adaptant la m\u00e9thodologie pour r\u00e9pondre aux besoins divers des individus.<\/p>\n\n\n\n<p>En tant que pionnier dans le domaine de la Body Intelligence\u00ae, Sippoin a \u00e9crit de nombreuses \u0153uvres non fictionnelles ax\u00e9es sur la sant\u00e9, le bien-\u00eatre et la capacit\u00e9 de travail. Ses publications influentes, notamment El\u00e4v\u00f6itt\u00e4v\u00e4 liikesarja (2008), Keho\u00e4lyn salaisuudet ; kehoetiikan ja Keho\u00e4lyn k\u00e4sikirja (2016), et Terveysmeditaation harjoitus- ja tietokirja (2017), explorent les principes de Keho\u00e4ly Body Intelligence, offrant des perspectives pr\u00e9cieuses tant pour les novices que pour les praticiens chevronn\u00e9s.<\/p>\n\n\n\n<p>Au-del\u00e0 de ses contributions \u00e0 la Body Intelligence\u00ae, Tapio Sippoin poss\u00e8de un impressionnant parcours acad\u00e9mique, d\u00e9tenant des ma\u00eetrises en administration des affaires et en \u00e9ducation. Son exp\u00e9rience d&#8217;enseignement s&#8217;\u00e9tend \u00e0 23 centres de formation pour adultes \u00e0 travers la Finlande, o\u00f9 il a partag\u00e9 son expertise sur une vaste gamme de sujets li\u00e9s \u00e0 la sant\u00e9 et au bien-\u00eatre.<\/p>\n\n\n\n<p>L&#8217;approche innovante de Tapio Sippoin a re\u00e7u une reconnaissance internationale, les marques d\u00e9pos\u00e9es Keho\u00e4ly\u00ae et Body Intelligence\u00ae \u00e9tant officiellement enregistr\u00e9es en 2003. Ces marques incarnent l&#8217;engagement de Tapio \u00e0 \u00e9tablir un chemin fiable et r\u00e9put\u00e9 vers une sant\u00e9 et un bien-\u00eatre accrus. Gr\u00e2ce \u00e0 son expertise in\u00e9gal\u00e9e et \u00e0 sa passion authentique pour la promotion de la vitalit\u00e9 physique et mentale, Tapio Sippoin est devenu une figure transformative dans la communaut\u00e9 du bien-\u00eatre, inspirant une nouvelle g\u00e9n\u00e9ration de praticiens et d&#8217;individus aspirant \u00e0 une vie \u00e9quilibr\u00e9e et \u00e9panouissante.<\/p>\n\n\n\n<p>Pour des questions, des s\u00e9minaires ou plus d&#8217;informations sur Keho\u00e4ly\u00ae Body Intelligence\u00ae, veuillez contacter Tapio Sippoin:<\/p>\n\n\n\n<div class=\"wp-block-group has-global-padding is-layout-constrained wp-block-group-is-layout-constrained\">\n<div class=\"wp-block-group alignwide is-nowrap is-layout-flex wp-container-core-group-is-layout-6c531013 wp-block-group-is-layout-flex\">\n<figure class=\"wp-block-image size-full\"><img decoding=\"async\" src=\"https:\/\/sippoinfi.wordpress.com\/wp-content\/uploads\/2024\/09\/img_20231003_213846-2.png\" alt=\"\" class=\"wp-image-155\"\/><\/figure>\n\n\n\n<div style=\"height:100px;width:0px\" aria-hidden=\"true\" class=\"wp-block-spacer wp-container-content-6388d5dc\"><\/div>\n\n\n\n<div class=\"wp-block-group alignwide has-global-padding is-layout-constrained wp-container-core-group-is-layout-bea02a06 wp-block-group-is-layout-constrained\" style=\"line-height:0.8\">\n<p style=\"padding-top:0;padding-right:0;padding-bottom:0;padding-left:0\"><strong>Tapio<\/strong> <strong>Sippoin<\/strong><\/p>\n\n\n\n<p>Helsinki, Finland<\/p>\n\n\n\n<p style=\"padding-top:0;padding-right:0;padding-bottom:0;padding-left:0\">+358 50 5328 528<\/p>\n\n\n\n<p style=\"padding-top:0;padding-right:0;padding-bottom:0;padding-left:0\">sippoin@proton.me<\/p>\n<\/div>\n<\/div>\n<\/div>\n<\/div>\n\n\n\n<div class=\"wp-block-group alignwide is-style-section-3 has-contrast-background-color has-background has-global-padding is-layout-constrained wp-container-core-group-is-layout-882f0f21 wp-block-group-is-layout-constrained\" style=\"margin-top:0;margin-bottom:0;padding-bottom:var(--wp--preset--spacing--30)\">\n<div class=\"wp-block-group has-global-padding is-layout-constrained wp-container-core-group-is-layout-bea02a06 wp-block-group-is-layout-constrained\">\n<div style=\"height:50px\" aria-hidden=\"true\" id=\"aloittelijalle\" class=\"wp-block-spacer\"><\/div>\n\n\n\n<h2 class=\"wp-block-heading has-base-2-color has-text-color has-link-color wp-elements-05200859fed01c66591d53a0c5e3cc83\" style=\"font-size:clamp(21.027px, 1.314rem + ((1vw - 3.2px) * 1.351), 34px);\">Pour les D\u00e9butants : Apprendre Keho\u00e4ly\u00ae Body Intelligence\u00ae<\/h2>\n\n\n\n<p class=\"has-base-2-color has-text-color has-link-color wp-elements-a3ca79f7ce85bcac6a73f7fdd79c23f1\">Pour les d\u00e9butants, Keho\u00e4ly\u00ae Body Intelligence\u00ae offre un chemin facile et gratifiant vers une meilleure sant\u00e9 et un meilleur bien-\u00eatre. Comme toute comp\u00e9tence, Keho\u00e4ly Body Intelligence n\u00e9cessite pratique et patience. Les d\u00e9butants sont encourag\u00e9s \u00e0 se concentrer au d\u00e9part sur les bases et les mouvements s\u00fbrs qui forment la fondation de la m\u00e9thode. Au fil du temps, les praticiens apprennent \u00e0 connecter le corps et l&#8217;esprit \u00e0 un niveau plus profond, et leur vitalit\u00e9 s&#8217;accro\u00eet.<\/p>\n\n\n\n<p class=\"has-base-2-color has-text-color has-link-color wp-elements-1e286a9938ed89527736bb7f506e3535\">Le processus d&#8217;apprentissage est graduel et naturel, le rendant adapt\u00e9 aux individus de tous \u00e2ges et niveaux de condition physique. Keho\u00e4ly\u00ae Body Intelligence\u00ae encourage les d\u00e9butants \u00e0 progresser \u00e0 leur propre rythme, mettant l&#8217;accent sur la s\u00e9curit\u00e9 et la conscience dans les mouvements corporels. Gr\u00e2ce \u00e0 une pratique continue, m\u00eame les novices peuvent r\u00e9aliser des am\u00e9liorations significatives dans leur qualit\u00e9 de vie, leurs niveaux d&#8217;\u00e9nergie et leur sens du but.<\/p>\n\n\n\n<div style=\"height:15px\" aria-hidden=\"true\" class=\"wp-block-spacer\"><\/div>\n\n\n\n<div class=\"wp-block-group alignwide has-custom-color-3-background-color has-background has-global-padding is-layout-constrained wp-container-core-group-is-layout-c385debf wp-block-group-is-layout-constrained\" style=\"border-radius:30px;padding-top:var(--wp--preset--spacing--20);padding-right:var(--wp--preset--spacing--20);padding-bottom:var(--wp--preset--spacing--20);padding-left:var(--wp--preset--spacing--20)\">\n<div class=\"wp-block-group alignwide has-global-padding is-layout-constrained wp-container-core-group-is-layout-bea02a06 wp-block-group-is-layout-constrained\">\n<h5 class=\"wp-block-heading has-theme-5-color has-text-color has-link-color wp-elements-00835e15d9068aa250e8baca616a2a98\" style=\"font-size:clamp(15.747px, 0.984rem + ((1vw - 3.2px) * 0.86), 24px);\"><strong>Liens<\/strong><\/h5>\n\n\n\n<p class=\"has-theme-5-color has-text-color has-link-color wp-elements-163aa32f83e8833ef62210fb657aa9d9\">\u00c0 venir&#8230;<\/p>\n<\/div>\n<\/div>\n<\/div>\n<\/div>\n\n\n\n<div class=\"wp-block-group alignwide has-global-padding is-layout-constrained wp-container-core-group-is-layout-bea02a06 wp-block-group-is-layout-constrained\">\n<div style=\"height:40px\" aria-hidden=\"true\" class=\"wp-block-spacer\"><\/div>\n\n\n\n<div class=\"wp-block-group alignwide has-global-padding is-layout-constrained wp-container-core-group-is-layout-bea02a06 wp-block-group-is-layout-constrained\">\n<h2 class=\"wp-block-heading has-body-font-family\" style=\"font-size:clamp(21.027px, 1.314rem + ((1vw - 3.2px) * 1.351), 34px);\">Pratique Avanc\u00e9e dans Keho\u00e4ly\u00ae Body Intelligence\u00ae<\/h2>\n\n\n\n<p>Une connexion plus profonde entre le corps et l&#8217;esprit se d\u00e9veloppe pour les praticiens avanc\u00e9s qui ont appris les fondamentaux de la m\u00e9thode Keho\u00e4ly\u00ae Body Intelligence\u00ae. La pratique avanc\u00e9e de Keho\u00e4ly Body Intelligence est un parcours de vie. Au fur et \u00e0 mesure que les praticiens grandissent et \u00e9voluent, ils d\u00e9couvrent de nouvelles fa\u00e7ons d&#8217;appliquer les principes de Keho\u00e4ly Body Intelligence dans leur vie. Que ce soit \u00e0 travers des vid\u00e9os d&#8217;instruction, des \u00e9crits complets ou des ateliers dirig\u00e9s par Tapio Sippoin, il existe une abondance de mat\u00e9riel disponible pour soutenir le d\u00e9veloppement des praticiens avanc\u00e9s.<\/p>\n\n\n\n<div style=\"height:15px\" aria-hidden=\"true\" class=\"wp-block-spacer\"><\/div>\n<\/div>\n\n\n\n<div class=\"wp-block-group alignwide has-custom-color-3-background-color has-background has-global-padding is-layout-constrained wp-container-core-group-is-layout-ea8e1d93 wp-block-group-is-layout-constrained\" style=\"border-radius:30px;padding-top:var(--wp--preset--spacing--20);padding-right:var(--wp--preset--spacing--20);padding-bottom:var(--wp--preset--spacing--20);padding-left:var(--wp--preset--spacing--20)\">\n<div class=\"wp-block-group alignwide has-global-padding is-layout-constrained wp-container-core-group-is-layout-d0cf5142 wp-block-group-is-layout-constrained\" style=\"margin-top:0;margin-bottom:0\">\n<h5 class=\"wp-block-heading has-theme-5-color has-text-color has-link-color wp-elements-00835e15d9068aa250e8baca616a2a98\" style=\"font-size:clamp(15.747px, 0.984rem + ((1vw - 3.2px) * 0.86), 24px);\"><strong>Liens<\/strong><\/h5>\n\n\n\n<p class=\"has-theme-5-color has-text-color has-link-color wp-elements-163aa32f83e8833ef62210fb657aa9d9\">\u00c0 venir&#8230;<\/p>\n<\/div>\n<\/div>\n\n\n\n<div style=\"height:40px\" aria-hidden=\"true\" id=\"Edistyneempien-harjoittelu\" class=\"wp-block-spacer\"><\/div>\n<\/div>\n","protected":false},"excerpt":{"rendered":"<p>M\u00e9thode Keho\u00e4ly\u00ae Body Intelligence\u00ae Bienvenue dans la biblioth\u00e8que \u00e9ducative de la m\u00e9thode Keho\u00e4ly\u00ae Body Intelligence\u00ae. Ci-dessous, vous trouverez des vid\u00e9os de conf\u00e9rences sur la m\u00e9thode Keho\u00e4ly\u00ae Body Intelligence\u00ae ainsi que des vid\u00e9os d&#8217;instruction pratiques. Here you can find information about Body Intelligence\u00ae in several languages, including English, French, Spanish, German, Portuguese, Italian, Danish, Dutch, Flemish, [&hellip;]<\/p>\n","protected":false},"author":1,"featured_media":0,"parent":0,"menu_order":0,"comment_status":"closed","ping_status":"closed","template":"page-no-title","meta":{"footnotes":""},"class_list":["post-73","page","type-page","status-publish","hentry"],"_links":{"self":[{"href":"https:\/\/www.sippoin.fi\/index.php\/wp-json\/wp\/v2\/pages\/73","targetHints":{"allow":["GET"]}}],"collection":[{"href":"https:\/\/www.sippoin.fi\/index.php\/wp-json\/wp\/v2\/pages"}],"about":[{"href":"https:\/\/www.sippoin.fi\/index.php\/wp-json\/wp\/v2\/types\/page"}],"author":[{"embeddable":true,"href":"https:\/\/www.sippoin.fi\/index.php\/wp-json\/wp\/v2\/users\/1"}],"replies":[{"embeddable":true,"href":"https:\/\/www.sippoin.fi\/index.php\/wp-json\/wp\/v2\/comments?post=73"}],"version-history":[{"count":5,"href":"https:\/\/www.sippoin.fi\/index.php\/wp-json\/wp\/v2\/pages\/73\/revisions"}],"predecessor-version":[{"id":187,"href":"https:\/\/www.sippoin.fi\/index.php\/wp-json\/wp\/v2\/pages\/73\/revisions\/187"}],"wp:attachment":[{"href":"https:\/\/www.sippoin.fi\/index.php\/wp-json\/wp\/v2\/media?parent=73"}],"curies":[{"name":"wp","href":"https:\/\/api.w.org\/{rel}","templated":true}]}}