{"id":81,"date":"2024-10-10T09:07:03","date_gmt":"2024-10-10T09:07:03","guid":{"rendered":"https:\/\/www.sippoin.fi\/?page_id=81"},"modified":"2024-10-14T13:58:43","modified_gmt":"2024-10-14T13:58:43","slug":"kehoaly-body-intelligence-german","status":"publish","type":"page","link":"https:\/\/www.sippoin.fi\/index.php\/kehoaly-body-intelligence-german\/","title":{"rendered":"Keho\u00e4ly\u00ae Body Intelligence\u00ae German"},"content":{"rendered":"\n<main class=\"wp-block-group alignwide has-global-padding is-layout-constrained wp-container-core-group-is-layout-0d79f180 wp-block-group-is-layout-constrained\" style=\"margin-top:0;margin-bottom:0\">\n<div class=\"wp-block-group alignwide alignfull has-global-padding is-content-justification-center is-layout-constrained wp-container-core-group-is-layout-dc3b1936 wp-block-group-is-layout-constrained\" style=\"margin-top:0;margin-bottom:0\">\n<div style=\"height:55px\" aria-hidden=\"true\" class=\"wp-block-spacer\"><\/div>\n\n\n\n<h2 class=\"wp-block-heading alignwide has-text-align-center\" style=\"font-size:clamp(38.682px, 2.418rem + ((1vw - 3.2px) * 3.471), 72px);\"><strong>Keho\u00e4ly\u00ae Body Intelligence\u00ae<\/strong> <strong>methode<\/strong><\/h2>\n<\/div>\n\n\n\n<div style=\"height:35px;width:0px\" aria-hidden=\"true\" class=\"wp-block-spacer\"><\/div>\n\n\n\n<div class=\"wp-block-group alignwide has-global-padding is-layout-constrained wp-block-group-is-layout-constrained\">\n<div class=\"wp-block-group alignwide has-global-padding is-layout-constrained wp-container-core-group-is-layout-bea02a06 wp-block-group-is-layout-constrained\">\n<div style=\"height:45px\" aria-hidden=\"true\" id=\"Intro\" class=\"wp-block-spacer\"><\/div>\n\n\n\n<h2 class=\"wp-block-heading has-text-align-left has-body-font-family\" style=\"font-size:clamp(16.834px, 1.052rem + ((1vw - 3.2px) * 0.955), 26px);\">Willkommen in der Bildungsbibliothek der Keho\u00e4ly\u00ae Body Intelligence\u00ae Methode. Unten finden Sie Vortragsvideos zur Keho\u00e4ly\u00ae Body Intelligence\u00ae sowie praktische Anleitungsvideos.<\/h2>\n\n\n\n<p><em><strong><em><strong>Here you can find information about Body Intelligence\u00ae in several languages, including English, French, Spanish, German, Portuguese, Italian, Danish, Dutch, Flemish, Swedish, and Finnish. You can select your preferred language from the menu in the top right corner.<\/strong><\/em><\/strong><\/em><\/p>\n\n\n\n<div class=\"wp-block-group alignwide has-global-padding is-layout-constrained wp-block-group-is-layout-constrained\">\n<figure class=\"wp-block-image aligncenter size-large is-resized\"><img decoding=\"async\" src=\"https:\/\/sippoinfi.wordpress.com\/wp-content\/uploads\/2024\/09\/kehoaly-icon.png?w=756\" alt=\"\" class=\"wp-image-260\" style=\"width:70px\"\/><\/figure>\n<\/div>\n\n\n\n<p>Die Keho\u00e4ly\u00ae Body Intelligence\u00ae Methode wurde von dem finnischen Wellness-Experten Tapio Sippoin entwickelt, der sich auf K\u00f6rper-Geist- und psychophysisches Training spezialisiert hat. Die Keho\u00e4ly\u00ae Body Intelligence\u00ae Methode ist ein einzigartiger Ansatz f\u00fcr die Gesundheitsversorgung, der k\u00f6rperliche und mentale Praktiken auf nat\u00fcrliche und praktische Weise kombiniert. Tapio Sippoin verbindet gekonnt k\u00f6rperliches und mentales Training, um harmonische und effektive Praktiken zu schaffen.<\/p>\n\n\n\n<p>Die Keho\u00e4ly\u00ae Body Intelligence\u00ae Methode betont die Verbindung zwischen K\u00f6rper und Geist, basierend auf dem Prinzip, dass Bewegung als Form von Medizin dient. Diese grundlegend Idee liegt im Herzen der Methode und leitet die gesamte Praxis. Keho\u00e4ly\u00ae Body Intelligence\u00ae umfasst sanfte, psychophysische \u00dcbungen, die darauf abzielen, sowohl den K\u00f6rper als auch den Geist zu n\u00e4hren, das allgemeine Wohlbefinden zu verbessern, die Vitalit\u00e4t zu steigern und ein tieferes Selbstbewusstsein zu f\u00f6rdern. Im Gegensatz zu traditionellen Fitnessmethoden, die m\u00f6glicherweise auf k\u00f6rperliche Anstrengung und Belastung abzielen, konzentriert sich Keho\u00e4ly Body Intelligence auf Sicherheit und fordert dazu auf, auf den K\u00f6rper zu h\u00f6ren. Durch sanfte, aber effektive Bewegungen werden die K\u00f6rperfunktionen aktiviert, w\u00e4hrend eine engagierte Herangehensweise an die Bewegung gef\u00f6rdert wird.<\/p>\n\n\n\n<p>Eine der Grundpraktiken innerhalb von Keho\u00e4ly\u00ae Body Intelligence\u00ae ist die Vital Form\u00ae (El\u00e4v\u00f6itt\u00e4v\u00e4 liikesarja auf Finnisch), die erstmals von Tapio Sippoin im Jahr 1983 vorgestellt wurde. Diese Form gilt als die wichtigste und grundlegende \u00dcbung im System und bildet die Basis f\u00fcr alle anderen Praktiken. Die Vital Form\u00ae \u00fcberschreitet blo\u00dfe k\u00f6rperliche \u00dcbungen; sie aktiviert sowohl K\u00f6rper als auch Geist und f\u00fchrt die Praktizierenden zu einer tieferen Verbindung mit ihrer inneren Vitalit\u00e4t. Diese \u00dcbungsreihe f\u00f6rdert die Harmonie zwischen k\u00f6rperlichen und mentalen Zust\u00e4nden, und ihre inh\u00e4rente Einfachheit macht sie f\u00fcr Menschen aller Fitnesslevel zug\u00e4nglich. Die unkomplizierte Natur der Vital Form\u00ae stellt sicher, dass jeder, unabh\u00e4ngig von seinem Ausgangspunkt, teilnehmen und von ihrer Praxis profitieren kann.<\/p>\n\n\n\n<div style=\"height:20px\" aria-hidden=\"true\" class=\"wp-block-spacer\"><\/div>\n<\/div>\n\n\n\n<div class=\"wp-block-group alignwide has-global-padding is-layout-constrained wp-container-core-group-is-layout-bea02a06 wp-block-group-is-layout-constrained\">\n<div class=\"wp-block-group has-custom-color-3-background-color has-background has-global-padding is-layout-constrained wp-container-core-group-is-layout-ec001058 wp-block-group-is-layout-constrained\" style=\"border-style:none;border-width:0px;border-radius:30px;margin-top:0;margin-bottom:0;padding-top:var(--wp--preset--spacing--20);padding-right:var(--wp--preset--spacing--20);padding-bottom:var(--wp--preset--spacing--20);padding-left:var(--wp--preset--spacing--20)\">\n<h5 class=\"wp-block-heading\" style=\"font-size:clamp(15.747px, 0.984rem + ((1vw - 3.2px) * 0.86), 24px);\"><strong>Links<\/strong><\/h5>\n\n\n\n<p>Interview on November 11, 2022. Translation. The editor-in-chief of Uutisl\u00e4hde, Unto R\u00f6nkk\u00f6nen and Tapio Sippoin<\/p>\n\n\n\n<p style=\"margin-top:0;margin-bottom:0\"><a href=\"https:\/\/sippoin.blogspot.com\/2024\/09\/interview-on-november-11-2022.html\" target=\"_blank\" rel=\"noreferrer noopener\">https:\/\/sippoin.blogspot.com\/2024\/09\/interview-on-november-11-2022.html<\/a><\/p>\n\n\n\n<div style=\"height:10px\" aria-hidden=\"true\" class=\"wp-block-spacer\"><\/div>\n\n\n\n<p>Why is Keho\u00e4ly\u00ae Body Intelligence\u00ae so abundant, joyful, rich, lush, and life-affirming?<\/p>\n\n\n\n<p style=\"margin-top:0;margin-bottom:0\"><a href=\"https:\/\/sippoin.blogspot.com\/2024\/09\/why-is-kehoaly-body-intelligence-so.html\" target=\"_blank\" rel=\"noreferrer noopener\">https:\/\/sippoin.blogspot.com\/2024\/09\/why-is-kehoaly-body-intelligence-so.html<\/a><\/p>\n<\/div>\n\n\n\n<div style=\"margin-top:0;margin-bottom:0;height:45px\" aria-hidden=\"true\" class=\"wp-block-spacer\"><\/div>\n<\/div>\n<\/div>\n<\/main>\n\n\n\n<div class=\"wp-block-group alignwide has-global-padding is-layout-constrained wp-container-core-group-is-layout-71747b01 wp-block-group-is-layout-constrained\" style=\"margin-top:0px;margin-bottom:0px\">\n<div style=\"height:25px\" aria-hidden=\"true\" id=\"training-methods\" class=\"wp-block-spacer\"><\/div>\n\n\n\n<h2 class=\"wp-block-heading alignwide\" id=\"Tapio\" style=\"font-size:clamp(21.027px, 1.314rem + ((1vw - 3.2px) * 1.351), 34px);\">Keho\u00e4ly\u00ae Body Intelligence\u00ae: Trainingsmethoden, Werte und Haltung<\/h2>\n\n\n\n<div style=\"height:20px\" aria-hidden=\"true\" class=\"wp-block-spacer\"><\/div>\n\n\n\n<p>Die Keho\u00e4ly\u00ae Body Intelligence\u00ae Methode basiert auf einem Fundament wesentlicher Prinzipien, die den Praktizierenden helfen, ein Gleichgewicht zwischen dem physischen K\u00f6rper und dem Geist zu erreichen. Dieser Ansatz betont praktische, handlungsorientierte Methoden, die leicht im t\u00e4glichen Leben angewendet werden k\u00f6nnen, was ihn zu einer vielseitigen und anpassungsf\u00e4higen Praxis macht. Zu den wichtigsten und bekanntesten Praktiken innerhalb des Rahmens der Keho\u00e4ly\u00ae Body Intelligence\u00ae geh\u00f6ren die Gentle Practice Methode (Lempe\u00e4 harjoittelu auf Finnisch), die Slow Hustle Methode (Hidas kiiruhtaminen auf Finnisch) und die Regular Practice Methode (S\u00e4\u00e4nn\u00f6llinen harjoittelu auf Finnisch). Diese Methoden f\u00f6rdern einen ausgewogenen, durchdachten Ansatz zur Bewegung, der den Praktizierenden hilft, ein tieferes K\u00f6rperbewusstsein zu entwickeln und ihr allgemeines Wohlbefinden zu verbessern.<\/p>\n\n\n\n<div style=\"height:20px\" aria-hidden=\"true\" class=\"wp-block-spacer\"><\/div>\n\n\n\n<p>Ein Schl\u00fcsselprinzip in Keho\u00e4ly\u00ae Body Intelligence\u00ae ist die Idee, dass &#8221;Funktionalit\u00e4t das Ma\u00df der Wahrheit ist&#8221;, wie es h\u00e4ufig von Tapio Sippoin gesagt wird. Dieser Glaube spiegelt die praktische, ergebnisorientierte Natur der Methode wider, die sich auf Bewegungen und Praktiken konzentriert, die tats\u00e4chlich Gesundheit und Vitalit\u00e4t verbessern. Sippoin&#8217;s Ansatz ermutigt die Praktizierenden, sich auf das zu konzentrieren, was f\u00fcr ihre individuellen Bed\u00fcrfnisse funktioniert, und flexibel in ihrem Ansatz zur Selbstpflege zu bleiben. Er betont auch, dass die Vergangenheit einer Person deren zuk\u00fcnftige M\u00f6glichkeiten nicht bestimmt. Durch die Annahme einer Keho\u00e4ly Body Intelligence Denkweise k\u00f6nnen Individuen neue M\u00f6glichkeiten erschlie\u00dfen und positive Ver\u00e4nderungen in ihrem Leben erreichen.<\/p>\n<\/div>\n\n\n\n<div class=\"wp-block-group alignwide is-style-default has-global-padding is-layout-constrained wp-container-core-group-is-layout-dd0e32e1 wp-block-group-is-layout-constrained\" style=\"padding-bottom:var(--wp--preset--spacing--30)\">\n<div style=\"height:45px\" aria-hidden=\"true\" class=\"wp-block-spacer\"><\/div>\n\n\n\n<h2 class=\"wp-block-heading has-text-align-left\" style=\"font-size:clamp(21.027px, 1.314rem + ((1vw - 3.2px) * 1.351), 34px);\">Pr\u00e4ventiver Ansatz von Keho\u00e4ly\u00ae Body Intelligence\u00ae<\/h2>\n\n\n\n<p>Keho\u00e4ly\u00ae Body Intelligence\u00ae ist eine pr\u00e4ventive Gesundheitsmethode, die auf der Idee basiert, dass Bewegung eine kraftvolle Form von Medizin sein kann. Der Ansatz betont die nat\u00fcrliche Verbindung zwischen dem K\u00f6rper und dem mentalen Wohlbefinden und zeigt, wie durchdacht geplante, sichere Bewegungen das Vitalit\u00e4ts- und Gesundheitsniveau eines Individuums erheblich steigern k\u00f6nnen. Tapio Sippoin hat betont, dass die Bewegungen in den Body Intelligence\u00ae \u00dcbungen immer sanft und sicher ausgef\u00fchrt werden, um Verletzungen zu vermeiden und die Methode f\u00fcr Menschen jeden Alters und Fitnessniveaus geeignet zu machen.<\/p>\n\n\n\n<p>Mit dem Fokus auf pr\u00e4ventive Gesundheitsversorgung ermutigt Keho\u00e4ly\u00ae Body Intelligence\u00ae die Menschen, sich um ihre Gesundheit zu k\u00fcmmern, bevor Probleme auftreten. Durch sanfte und sichere Bewegungen kann die Gesundheit langfristig erhalten werden, ohne das Risiko einer \u00dcberanstrengung oder Verletzung. Dies macht die Methode hoch kompatibel mit anderen gesundheitsf\u00f6rdernden Behandlungen, wie beispielsweise konventionellen medizinischen Interventionen. Die Methode unterst\u00fctzt die Genesung und hilft, Vitalit\u00e4t und Gesundheit f\u00fcr Personen wiederherzustellen, die Krankheit erlebt haben oder ihr Wohlbefinden erhalten m\u00f6chten.<\/p>\n<\/div>\n\n\n\n<div class=\"wp-block-group alignwide is-style-default has-global-padding is-layout-constrained wp-container-core-group-is-layout-dd0e32e1 wp-block-group-is-layout-constrained\" style=\"padding-bottom:var(--wp--preset--spacing--30)\">\n<div style=\"height:45px\" aria-hidden=\"true\" id=\"benefits\" class=\"wp-block-spacer\"><\/div>\n\n\n\n<h2 class=\"wp-block-heading has-text-align-left\" style=\"font-size:clamp(21.027px, 1.314rem + ((1vw - 3.2px) * 1.351), 34px);\">Vorteile regelm\u00e4\u00dfiger Praktiken<\/h2>\n\n\n\n<p>Regelm\u00e4\u00dfige und kontinuierliche Praxis liegt im Kern der Keho\u00e4ly\u00ae Body Intelligence\u00ae Methode. Durch fortlaufendes Training k\u00f6nnen Praktizierende signifikante Verbesserungen der physischen Gesundheit, mentalen Klarheit und emotionalen Balance erfahren. Die Methode unterst\u00fctzt Kreativit\u00e4t, verbessert Probleml\u00f6sungsf\u00e4higkeiten und hilft den Individuen, die Komplexit\u00e4t des Lebens zu verstehen. Regelm\u00e4\u00dfige Praxis von Keho\u00e4ly Body Intelligence kann auch Stress reduzieren und helfen, innere Ruhe zu finden.<\/p>\n\n\n\n<p>Au\u00dferdem hilft Keho\u00e4ly Body Intelligence\u00ae, negative Glaubenss\u00e4tze, die im K\u00f6rper gespeichert sind, freizusetzen, die sich als physische Spannung manifestieren k\u00f6nnen. Diese negativen \u00dcberzeugungen schaffen emotionale Blockaden und Spannungen im Nervensystem; regelm\u00e4\u00dfige Praxis tr\u00e4gt jedoch zur Umgestaltung dieser neuronalen Muster bei. Infolgedessen werden positive \u00dcberzeugungen und effektive Bew\u00e4ltigungsmechanismen gest\u00e4rkt, was zu einem resilienteren und ausgewogeneren Nervensystem f\u00fchrt. Die \u00dcbungen von Keho\u00e4ly\u00ae Body Intelligence\u00ae, wie die Nervous System Balancing Form (NSB Form) und die Vital Form\u00ae (El\u00e4v\u00f6itt\u00e4v\u00e4 liikesarja auf Finnisch), sind speziell daf\u00fcr konzipiert, die Funktion des Nervensystems zu unterst\u00fctzen und das Gleichgewicht zwischen Geist und K\u00f6rper zu verbessern.<\/p>\n<\/div>\n\n\n\n<div class=\"wp-block-group alignwide is-style-default has-global-padding is-layout-constrained wp-container-core-group-is-layout-dd0e32e1 wp-block-group-is-layout-constrained\" style=\"padding-bottom:var(--wp--preset--spacing--30)\">\n<div style=\"height:45px\" aria-hidden=\"true\" id=\"tapio\" class=\"wp-block-spacer\"><\/div>\n\n\n\n<h2 class=\"wp-block-heading has-text-align-left\" style=\"font-size:clamp(21.027px, 1.314rem + ((1vw - 3.2px) * 1.351), 34px);\">Tapio Sippoin: Pionier der Keho\u00e4ly\u00ae Body Intelligence\u00ae<\/h2>\n\n\n\n<p>Tapio Sippoin ist ein angesehener finnischer Wellness- und Gesundheitsexperte, gefeiert als vision\u00e4rer Sch\u00f6pfer und Meister der innovativen Keho\u00e4ly\u00ae Body Intelligence\u00ae Methode. Mit einer umfangreichen Karriere, die \u00fcber vier Jahrzehnte reicht, hat Tapio seinen Status als f\u00fchrende Autorit\u00e4t in den Bereichen Gesundheit, Wohlbefinden und betriebliche Wellness gefestigt. Seit 1983 widmet er sich der Lehre und kontinuierlichen Verfeinerung der Body Intelligence Praktiken, und passt die Methodologie an die vielf\u00e4ltigen Bed\u00fcrfnisse verschiedener Individuen an.<\/p>\n\n\n\n<p>Als Pionier im Bereich Body Intelligence\u00ae hat Sippoin mehrere Sachb\u00fccher ver\u00f6ffentlicht, die sich mit Gesundheit, Wellness und Arbeitsf\u00e4higkeit besch\u00e4ftigen. Seine einflussreichen Publikationen, darunter El\u00e4v\u00f6itt\u00e4v\u00e4 liikesarja (2008), Keho\u00e4lyn salaisuudet; kehoetiikan ja Keho\u00e4lyn k\u00e4sikirja (2016), und Terveysmeditaation harjoitus- ja tietokirja (2017), vertiefen die Prinzipien von Keho\u00e4ly Body Intelligence und bieten wertvolle Einsichten f\u00fcr sowohl Anf\u00e4ngern als auch erfahrenen Praktizierenden.<\/p>\n\n\n\n<p>\u00dcber seine Beitr\u00e4ge zur Body Intelligence\u00ae hinaus verf\u00fcgt Tapio Sippoin \u00fcber einen beeindruckenden akademischen Hintergrund, mit Masterabschl\u00fcssen in Betriebswirtschaft und P\u00e4dagogik. Seine Lehrerfahrung erstreckt sich \u00fcber 23 Erwachsenenbildungszentren in Finnland, wo er sein Wissen zu einer breiten Palette von Themen im Zusammenhang mit Gesundheit und Wellness weitergegeben hat.<\/p>\n\n\n\n<p>Tapio Sippoins innovative Herangehensweise hat internationale Anerkennung erlangt, wobei die Marken Keho\u00e4ly\u00ae und Body Intelligence\u00ae 2003 offiziell registriert wurden. Diese Marken verk\u00f6rpern Tapios Engagement f\u00fcr die Etablierung eines vertrauensw\u00fcrdigen und angesehenen Weges zu verbesserter Gesundheit und Wellness. Durch sein un\u00fcbertroffenes Fachwissen und seine echte Leidenschaft f\u00fcr die F\u00f6rderung physischer und mentaler Vitalit\u00e4t ist Tapio Sippoin zu einer transformativen Figur in der Wellness-Community geworden, die eine neue Generation von Praktizierenden und Individuen inspiriert, die ein ausgewogenes und erf\u00fclltes Leben anstreben.<\/p>\n\n\n\n<p>F\u00fcr Anfragen, Seminare oder weitere Informationen \u00fcber Keho\u00e4ly\u00ae Body Intelligence\u00ae kontaktieren Sie bitte Tapio Sippoin:<\/p>\n\n\n\n<div class=\"wp-block-group has-global-padding is-layout-constrained wp-block-group-is-layout-constrained\">\n<div class=\"wp-block-group alignwide is-nowrap is-layout-flex wp-container-core-group-is-layout-6c531013 wp-block-group-is-layout-flex\">\n<figure class=\"wp-block-image size-full\"><img decoding=\"async\" src=\"https:\/\/sippoinfi.wordpress.com\/wp-content\/uploads\/2024\/09\/img_20231003_213846-2.png\" alt=\"\" class=\"wp-image-155\"\/><\/figure>\n\n\n\n<div style=\"height:100px;width:0px\" aria-hidden=\"true\" class=\"wp-block-spacer wp-container-content-6388d5dc\"><\/div>\n\n\n\n<div class=\"wp-block-group alignwide has-global-padding is-layout-constrained wp-container-core-group-is-layout-bea02a06 wp-block-group-is-layout-constrained\" style=\"line-height:0.8\">\n<p style=\"padding-top:0;padding-right:0;padding-bottom:0;padding-left:0\"><strong>Tapio<\/strong> <strong>Sippoin<\/strong><\/p>\n\n\n\n<p>Helsinki, Finland<\/p>\n\n\n\n<p style=\"padding-top:0;padding-right:0;padding-bottom:0;padding-left:0\">+358 50 5328 528<\/p>\n\n\n\n<p style=\"padding-top:0;padding-right:0;padding-bottom:0;padding-left:0\">sippoin@proton.me<\/p>\n<\/div>\n<\/div>\n<\/div>\n<\/div>\n\n\n\n<div class=\"wp-block-group alignwide is-style-section-3 has-contrast-background-color has-background has-global-padding is-layout-constrained wp-container-core-group-is-layout-882f0f21 wp-block-group-is-layout-constrained\" style=\"margin-top:0;margin-bottom:0;padding-bottom:var(--wp--preset--spacing--30)\">\n<div class=\"wp-block-group has-global-padding is-layout-constrained wp-container-core-group-is-layout-bea02a06 wp-block-group-is-layout-constrained\">\n<div style=\"height:50px\" aria-hidden=\"true\" id=\"aloittelijalle\" class=\"wp-block-spacer\"><\/div>\n\n\n\n<h2 class=\"wp-block-heading has-base-2-color has-text-color has-link-color wp-elements-424e54500b9f327126890d354dc36ccf\" style=\"font-size:clamp(21.027px, 1.314rem + ((1vw - 3.2px) * 1.351), 34px);\">F\u00fcr Anf\u00e4nger: Erlernen von Keho\u00e4ly\u00ae Body Intelligence\u00ae<\/h2>\n\n\n\n<p class=\"has-base-2-color has-text-color has-link-color wp-elements-0923b8b5e3c121132d2d5bdbaa5fe354\">F\u00fcr Anf\u00e4nger bietet Keho\u00e4ly\u00ae Body Intelligence\u00ae einen einfachen und lohnenden Weg zu besserer Gesundheit und Wohlbefinden. Wie jede F\u00e4higkeit erfordert Keho\u00e4ly Body Intelligence \u00dcbung und Geduld. Anf\u00e4ngern wird geraten, sich zun\u00e4chst auf die Grundlagen und sicheren Bewegungen zu konzentrieren, die die Grundlage der Methode bilden. Im Laufe der Zeit lernen die Praktizierenden, K\u00f6rper und Geist auf einer tieferen Ebene zu verbinden, und ihre Vitalit\u00e4t w\u00e4chst.<\/p>\n\n\n\n<p class=\"has-base-2-color has-text-color has-link-color wp-elements-2da24849e95655804f995e05c403c8e9\">Der Lernprozess ist schrittweise und nat\u00fcrlich, was ihn f\u00fcr Menschen jeden Alters und Fitnesslevels geeignet macht. Keho\u00e4ly\u00ae Body Intelligence\u00ae ermutigt Anf\u00e4nger, in ihrem eigenen Tempo voranzukommen, und legt Wert auf Sicherheit und Bewusstsein in den K\u00f6rperbewegungen. Durch kontinuierliche Praxis k\u00f6nnen selbst Anf\u00e4nger signifikante Verbesserungen in ihrer Lebensqualit\u00e4t, Energielevels und ihrem Lebenssinn erreichen.<\/p>\n\n\n\n<div style=\"height:15px\" aria-hidden=\"true\" class=\"wp-block-spacer\"><\/div>\n\n\n\n<div class=\"wp-block-group alignwide has-custom-color-3-background-color has-background has-global-padding is-layout-constrained wp-container-core-group-is-layout-c385debf wp-block-group-is-layout-constrained\" style=\"border-radius:30px;padding-top:var(--wp--preset--spacing--20);padding-right:var(--wp--preset--spacing--20);padding-bottom:var(--wp--preset--spacing--20);padding-left:var(--wp--preset--spacing--20)\">\n<div class=\"wp-block-group alignwide has-global-padding is-layout-constrained wp-container-core-group-is-layout-bea02a06 wp-block-group-is-layout-constrained\">\n<h5 class=\"wp-block-heading has-theme-5-color has-text-color has-link-color wp-elements-46f13badd0582addc61df6738ea21204\" style=\"font-size:clamp(15.747px, 0.984rem + ((1vw - 3.2px) * 0.86), 24px);\"><strong>Links<\/strong><\/h5>\n\n\n\n<p class=\"has-theme-5-color has-text-color has-link-color wp-elements-676be6ddbef6e92268e80baeb74d4d44\">Demn\u00e4chst&#8230;<\/p>\n<\/div>\n<\/div>\n<\/div>\n<\/div>\n\n\n\n<div class=\"wp-block-group alignwide has-global-padding is-layout-constrained wp-container-core-group-is-layout-bea02a06 wp-block-group-is-layout-constrained\">\n<div style=\"height:40px\" aria-hidden=\"true\" class=\"wp-block-spacer\"><\/div>\n\n\n\n<div class=\"wp-block-group alignwide has-global-padding is-layout-constrained wp-container-core-group-is-layout-bea02a06 wp-block-group-is-layout-constrained\">\n<h2 class=\"wp-block-heading has-body-font-family\" style=\"font-size:clamp(21.027px, 1.314rem + ((1vw - 3.2px) * 1.351), 34px);\">Fortgeschrittene Praxis in Keho\u00e4ly\u00ae Body Intelligence\u00ae<\/h2>\n\n\n\n<p>Eine tiefere Verbindung zwischen K\u00f6rper und Geist entwickelt sich f\u00fcr fortgeschrittene Praktizierende, die die Grundlagen der Keho\u00e4ly\u00ae Body Intelligence\u00ae Methode erlernt haben. Die fortgeschrittene Praxis von Keho\u00e4ly Body Intelligence ist eine lebenslange Reise. W\u00e4hrend die Praktizierenden wachsen und sich weiterentwickeln, entdecken sie neue Wege, die Prinzipien von Keho\u00e4ly Body Intelligence in ihrem Leben anzuwenden. Ob durch Anleitungsvideos, umfassende Schriften oder Workshops unter der Leitung von Tapio Sippoin &#8211; es gibt eine F\u00fclle von Material, das die Entwicklung fortgeschrittener Praktizierender unterst\u00fctzt.<\/p>\n\n\n\n<div style=\"height:15px\" aria-hidden=\"true\" class=\"wp-block-spacer\"><\/div>\n<\/div>\n\n\n\n<div class=\"wp-block-group alignwide has-custom-color-3-background-color has-background has-global-padding is-layout-constrained wp-container-core-group-is-layout-ea8e1d93 wp-block-group-is-layout-constrained\" style=\"border-radius:30px;padding-top:var(--wp--preset--spacing--20);padding-right:var(--wp--preset--spacing--20);padding-bottom:var(--wp--preset--spacing--20);padding-left:var(--wp--preset--spacing--20)\">\n<div class=\"wp-block-group alignwide has-global-padding is-layout-constrained wp-container-core-group-is-layout-d0cf5142 wp-block-group-is-layout-constrained\" style=\"margin-top:0;margin-bottom:0\">\n<h5 class=\"wp-block-heading has-theme-5-color has-text-color has-link-color wp-elements-46f13badd0582addc61df6738ea21204\" style=\"font-size:clamp(15.747px, 0.984rem + ((1vw - 3.2px) * 0.86), 24px);\"><strong>Links<\/strong><\/h5>\n\n\n\n<p class=\"has-theme-5-color has-text-color has-link-color wp-elements-676be6ddbef6e92268e80baeb74d4d44\">Demn\u00e4chst&#8230;<\/p>\n<\/div>\n<\/div>\n\n\n\n<div style=\"height:40px\" aria-hidden=\"true\" id=\"Edistyneempien-harjoittelu\" class=\"wp-block-spacer\"><\/div>\n<\/div>\n","protected":false},"excerpt":{"rendered":"<p>Keho\u00e4ly\u00ae Body Intelligence\u00ae methode Willkommen in der Bildungsbibliothek der Keho\u00e4ly\u00ae Body Intelligence\u00ae Methode. Unten finden Sie Vortragsvideos zur Keho\u00e4ly\u00ae Body Intelligence\u00ae sowie praktische Anleitungsvideos. Here you can find information about Body Intelligence\u00ae in several languages, including English, French, Spanish, German, Portuguese, Italian, Danish, Dutch, Flemish, Swedish, and Finnish. You can select your preferred language from [&hellip;]<\/p>\n","protected":false},"author":1,"featured_media":0,"parent":0,"menu_order":0,"comment_status":"closed","ping_status":"closed","template":"page-no-title","meta":{"footnotes":""},"class_list":["post-81","page","type-page","status-publish","hentry"],"_links":{"self":[{"href":"https:\/\/www.sippoin.fi\/index.php\/wp-json\/wp\/v2\/pages\/81","targetHints":{"allow":["GET"]}}],"collection":[{"href":"https:\/\/www.sippoin.fi\/index.php\/wp-json\/wp\/v2\/pages"}],"about":[{"href":"https:\/\/www.sippoin.fi\/index.php\/wp-json\/wp\/v2\/types\/page"}],"author":[{"embeddable":true,"href":"https:\/\/www.sippoin.fi\/index.php\/wp-json\/wp\/v2\/users\/1"}],"replies":[{"embeddable":true,"href":"https:\/\/www.sippoin.fi\/index.php\/wp-json\/wp\/v2\/comments?post=81"}],"version-history":[{"count":9,"href":"https:\/\/www.sippoin.fi\/index.php\/wp-json\/wp\/v2\/pages\/81\/revisions"}],"predecessor-version":[{"id":186,"href":"https:\/\/www.sippoin.fi\/index.php\/wp-json\/wp\/v2\/pages\/81\/revisions\/186"}],"wp:attachment":[{"href":"https:\/\/www.sippoin.fi\/index.php\/wp-json\/wp\/v2\/media?parent=81"}],"curies":[{"name":"wp","href":"https:\/\/api.w.org\/{rel}","templated":true}]}}